{"id":988,"date":"2025-07-29T21:50:39","date_gmt":"2025-07-29T19:50:39","guid":{"rendered":"https:\/\/www.beevista.pl\/?post_type=product&#038;p=988"},"modified":"2026-03-12T22:40:58","modified_gmt":"2026-03-12T21:40:58","slug":"wylotek-plastikowy","status":"publish","type":"product","link":"https:\/\/www.beevista.pl\/index.php\/produkt\/wylotek-plastikowy\/","title":{"rendered":"Wylotek plastikowy"},"content":{"rendered":"<p>Plastikowa wylotka, wlotek, wylotek, kopytko, l\u0105dowisko &#8211; pe\u0142ni funkcj\u0119 l\u0105dowiska przed wej\u015bciem do ula \u2013 montowana w standardowym trapezowym otworze wentylacyjnym. Zapewnia pszczo\u0142om wygodne wej\u015bcie i wyj\u015bcie, a jednocze\u015bnie chroni ul przed dostawaniem si\u0119 zanieczyszcze\u0144.<\/p>\n<h3 data-section-id=\"oaxyy8\" data-start=\"491\" data-end=\"513\">\u2705 Kluczowe zalety:<\/h3>\n<ul data-start=\"514\" data-end=\"880\">\n<li data-start=\"514\" data-end=\"584\">\n<p data-start=\"516\" data-end=\"584\"><strong data-start=\"516\" data-end=\"551\">Bezpieczny kontakt z pszczo\u0142ami<\/strong> \u2013 wykonana z trwa\u0142ego plastiku<\/p>\n<\/li>\n<li data-start=\"585\" data-end=\"663\">\n<p data-start=\"587\" data-end=\"663\"><strong data-start=\"587\" data-end=\"603\">\u0141atwy monta\u017c<\/strong> \u2013 pasuje do wi\u0119kszo\u015bci trapezowych otwor\u00f3w wentylacyjnych<\/p>\n<\/li>\n<li data-start=\"664\" data-end=\"733\">\n<p data-start=\"666\" data-end=\"733\"><strong data-start=\"666\" data-end=\"699\">Wygodne l\u0105dowanie dla pszcz\u00f3\u0142<\/strong> \u2013 u\u0142atwia dost\u0119p do wn\u0119trza ula<\/p>\n<\/li>\n<li data-start=\"734\" data-end=\"806\">\n<p data-start=\"736\" data-end=\"806\"><strong data-start=\"736\" data-end=\"774\">Ochrona przed ptakami i gryzoniami<\/strong> \u2013 ogranicza dost\u0119p z zewn\u0105trz<\/p>\n<\/li>\n<li data-start=\"807\" data-end=\"880\">\n<p data-start=\"809\" data-end=\"880\"><strong data-start=\"809\" data-end=\"849\">Ekonomiczne i praktyczne rozwi\u0105zanie<\/strong> \u2013 trwa\u0142a i odporna konstrukcja<\/p>\n<\/li>\n<\/ul>\n","protected":false},"excerpt":{"rendered":"<p>Plastikowa wylotka, wlotek, wylotek, kopytko, l\u0105dowisko &#8211; pe\u0142ni funkcj\u0119 l\u0105dowiska przed wej\u015bciem do ula \u2013 montowana w standardowym trapezowym otworze wentylacyjnym. Zapewnia pszczo\u0142om wygodne wej\u015bcie i wyj\u015bcie, a jednocze\u015bnie chroni ul przed dostawaniem si\u0119 zanieczyszcze\u0144. \u2705 Kluczowe zalety: Bezpieczny kontakt z pszczo\u0142ami \u2013 wykonana z trwa\u0142ego plastiku \u0141atwy monta\u017c \u2013 pasuje do wi\u0119kszo\u015bci trapezowych otwor\u00f3w [&hellip;]<\/p>\n","protected":false},"featured_media":989,"template":"","meta":[],"product_brand":[59],"product_cat":[41],"product_tag":[],"class_list":{"0":"post-988","1":"product","2":"type-product","3":"status-publish","4":"has-post-thumbnail","6":"product_brand-wyrobek","7":"product_cat-inne","9":"first","10":"instock","11":"taxable","12":"shipping-taxable","13":"purchasable","14":"product-type-simple"},"_links":{"self":[{"href":"https:\/\/www.beevista.pl\/index.php\/wp-json\/wp\/v2\/product\/988","targetHints":{"allow":["GET"]}}],"collection":[{"href":"https:\/\/www.beevista.pl\/index.php\/wp-json\/wp\/v2\/product"}],"about":[{"href":"https:\/\/www.beevista.pl\/index.php\/wp-json\/wp\/v2\/types\/product"}],"wp:featuredmedia":[{"embeddable":true,"href":"https:\/\/www.beevista.pl\/index.php\/wp-json\/wp\/v2\/media\/989"}],"wp:attachment":[{"href":"https:\/\/www.beevista.pl\/index.php\/wp-json\/wp\/v2\/media?parent=988"}],"wp:term":[{"taxonomy":"product_brand","embeddable":true,"href":"https:\/\/www.beevista.pl\/index.php\/wp-json\/wp\/v2\/product_brand?post=988"},{"taxonomy":"product_cat","embeddable":true,"href":"https:\/\/www.beevista.pl\/index.php\/wp-json\/wp\/v2\/product_cat?post=988"},{"taxonomy":"product_tag","embeddable":true,"href":"https:\/\/www.beevista.pl\/index.php\/wp-json\/wp\/v2\/product_tag?post=988"}],"curies":[{"name":"wp","href":"https:\/\/api.w.org\/{rel}","templated":true}]}}