{"id":968,"date":"2025-07-22T12:03:48","date_gmt":"2025-07-22T10:03:48","guid":{"rendered":"https:\/\/www.beevista.pl\/?post_type=product&#038;p=968"},"modified":"2026-03-20T12:22:29","modified_gmt":"2026-03-20T11:22:29","slug":"proti-vet-500g","status":"publish","type":"product","link":"https:\/\/www.beevista.pl\/index.php\/produkt\/proti-vet-500g\/","title":{"rendered":"PROTI-VET 500g"},"content":{"rendered":"<p data-start=\"316\" data-end=\"462\">Dodaj mocy swojej pasiece dzi\u0119ki <strong data-start=\"349\" data-end=\"362\">PROTI-VET<\/strong> \u2013 wyj\u0105tkowemu preparatowi na bazie czystych izolat\u00f3w bia\u0142kowych, <strong data-start=\"428\" data-end=\"458\">wolnemu od bia\u0142ka sojowego<\/strong>! \ud83c\udf3f<\/p>\n<p data-start=\"464\" data-end=\"682\">\u2705 <strong data-start=\"466\" data-end=\"491\">Wysoka przyswajalno\u015b\u0107<\/strong><br data-start=\"491\" data-end=\"494\" \/>\u2705 <strong data-start=\"496\" data-end=\"540\">Bez soi \u2013 tylko czyste, skuteczne bia\u0142ko<\/strong><br data-start=\"540\" data-end=\"543\" \/>\u2705 <strong data-start=\"545\" data-end=\"573\">Uniwersalne zastosowanie<\/strong> \u2013 do syropu, ciasta lub podania na sucho<br data-start=\"614\" data-end=\"617\" \/>\u2705 <strong data-start=\"619\" data-end=\"638\">Mega wydajno\u015b\u0107!<\/strong> 500g = 50 litr\u00f3w syropu lub 50 kg ciasta \ud83c\udfaf<\/p>\n<h3 data-start=\"689\" data-end=\"716\">\ud83d\uddd3\ufe0f <strong data-start=\"697\" data-end=\"716\">Kiedy stosowa\u0107?<\/strong><\/h3>\n<p data-start=\"718\" data-end=\"853\">\ud83c\udf38 <strong data-start=\"721\" data-end=\"731\">Wiosn\u0105<\/strong><br data-start=\"731\" data-end=\"734\" \/>\ud83d\udc49 Aby b\u0142yskawicznie odbudowa\u0107 si\u0142\u0119 rodziny po zimie<br data-start=\"786\" data-end=\"789\" \/>\ud83d\udc49 Mo\u017cna poda\u0107 w syropie, cie\u015bcie lub zasypa\u0107 ramki z pokarmem<\/p>\n<p data-start=\"855\" data-end=\"1008\">\ud83c\udf1e <strong data-start=\"858\" data-end=\"871\">W sezonie<\/strong><br data-start=\"871\" data-end=\"874\" \/>\ud83d\udc49 Gdy brakuje py\u0142ku \u2013 stymuluje czerwienie, wzmacnia odporno\u015b\u0107<br data-start=\"937\" data-end=\"940\" \/>\ud83d\udc49 Idealna profilaktyka przeciw infekcjom (wirusy, bakterie, grzyby)<\/p>\n<p data-start=\"1010\" data-end=\"1130\">\ud83c\udf42 <strong data-start=\"1013\" data-end=\"1025\">Jesieni\u0105<\/strong><br data-start=\"1025\" data-end=\"1028\" \/>\ud83d\udc49 W kilku porcjach \u2013 pomo\u017ce zbudowa\u0107 silne zapasy na zim\u0119<br data-start=\"1086\" data-end=\"1089\" \/>\ud83d\udc49 Zapewnia dobry start wczesn\u0105 wiosn\u0105 \ud83d\udca5<\/p>\n<p data-start=\"1137\" data-end=\"1215\">\ud83d\udce6 <strong data-start=\"1140\" data-end=\"1154\">Opakowanie<\/strong>: 500 g<br data-start=\"1161\" data-end=\"1164\" \/>\ud83e\uddea Wydajno\u015b\u0107: a\u017c 50 litr\u00f3w syropu lub 50 kg ciasta!<\/p>\n","protected":false},"excerpt":{"rendered":"<p>Dodaj mocy swojej pasiece dzi\u0119ki PROTI-VET \u2013 wyj\u0105tkowemu preparatowi na bazie czystych izolat\u00f3w bia\u0142kowych, wolnemu od bia\u0142ka sojowego! \ud83c\udf3f \u2705 Wysoka przyswajalno\u015b\u0107\u2705 Bez soi \u2013 tylko czyste, skuteczne bia\u0142ko\u2705 Uniwersalne zastosowanie \u2013 do syropu, ciasta lub podania na sucho\u2705 Mega wydajno\u015b\u0107! 500g = 50 litr\u00f3w syropu lub 50 kg ciasta \ud83c\udfaf \ud83d\uddd3\ufe0f Kiedy stosowa\u0107? \ud83c\udf38 [&hellip;]<\/p>\n","protected":false},"featured_media":969,"template":"","meta":[],"product_brand":[34],"product_cat":[35],"product_tag":[],"class_list":{"0":"post-968","1":"product","2":"type-product","3":"status-publish","4":"has-post-thumbnail","6":"product_brand-vetanimal","7":"product_cat-dodatki-paszowe","9":"first","10":"instock","11":"taxable","12":"shipping-taxable","13":"purchasable","14":"product-type-simple"},"_links":{"self":[{"href":"https:\/\/www.beevista.pl\/index.php\/wp-json\/wp\/v2\/product\/968","targetHints":{"allow":["GET"]}}],"collection":[{"href":"https:\/\/www.beevista.pl\/index.php\/wp-json\/wp\/v2\/product"}],"about":[{"href":"https:\/\/www.beevista.pl\/index.php\/wp-json\/wp\/v2\/types\/product"}],"wp:featuredmedia":[{"embeddable":true,"href":"https:\/\/www.beevista.pl\/index.php\/wp-json\/wp\/v2\/media\/969"}],"wp:attachment":[{"href":"https:\/\/www.beevista.pl\/index.php\/wp-json\/wp\/v2\/media?parent=968"}],"wp:term":[{"taxonomy":"product_brand","embeddable":true,"href":"https:\/\/www.beevista.pl\/index.php\/wp-json\/wp\/v2\/product_brand?post=968"},{"taxonomy":"product_cat","embeddable":true,"href":"https:\/\/www.beevista.pl\/index.php\/wp-json\/wp\/v2\/product_cat?post=968"},{"taxonomy":"product_tag","embeddable":true,"href":"https:\/\/www.beevista.pl\/index.php\/wp-json\/wp\/v2\/product_tag?post=968"}],"curies":[{"name":"wp","href":"https:\/\/api.w.org\/{rel}","templated":true}]}}