{"id":965,"date":"2025-07-11T13:01:00","date_gmt":"2025-07-11T11:01:00","guid":{"rendered":"https:\/\/www.beevista.pl\/?post_type=product&#038;p=965"},"modified":"2025-12-10T09:38:36","modified_gmt":"2025-12-10T08:38:36","slug":"wax-vet-500g","status":"publish","type":"product","link":"https:\/\/www.beevista.pl\/index.php\/produkt\/wax-vet-500g\/","title":{"rendered":"WAX-VET 500g"},"content":{"rendered":"<p>Zadbaj o ramki po miodobraniu! <strong data-start=\"336\" data-end=\"347\">WAX\u2011VET<\/strong> to specjalistyczny preparat, kt\u00f3ry chroni drewniane ramki z w\u0119z\u0105 przed ple\u015bni\u0105 i uszkodzeniami podczas magazynowania. Idealny dla pszczelarzy, kt\u00f3rzy dbaj\u0105 o czysto\u015b\u0107 i trwa\u0142o\u015b\u0107 sprz\u0119tu.<\/p>\n<h3 data-start=\"541\" data-end=\"574\">\u2705 <strong data-start=\"547\" data-end=\"574\">Najwa\u017cniejsze korzy\u015bci:<\/strong><\/h3>\n<ul data-start=\"575\" data-end=\"934\">\n<li data-start=\"653\" data-end=\"716\">\n<p data-start=\"655\" data-end=\"716\">\ud83c\udf44 <strong data-start=\"658\" data-end=\"684\">Redukuje ryzyko ple\u015bni<\/strong> \u2013 zabezpiecza struktury ramki<\/p>\n<\/li>\n<li data-start=\"717\" data-end=\"774\">\n<p data-start=\"719\" data-end=\"774\">\ud83d\udca7 <strong data-start=\"722\" data-end=\"740\">\u0141atwy w u\u017cyciu<\/strong> \u2013 wystarczy spryska\u0107 i wysuszy\u0107<\/p>\n<\/li>\n<li data-start=\"775\" data-end=\"857\">\n<p data-start=\"777\" data-end=\"857\">\ud83e\uddfc <strong data-start=\"780\" data-end=\"816\">Praktyczny spos\u00f3b przechowywania<\/strong> \u2013 odpowiedni do warsztat\u00f3w i magazyn\u00f3w<\/p>\n<\/li>\n<li data-start=\"858\" data-end=\"934\">\n<p data-start=\"860\" data-end=\"934\">\ud83c\udf3f <strong data-start=\"863\" data-end=\"895\">Bez pszcz\u00f3\u0142 w trakcie u\u017cycia<\/strong> \u2013 stosowa\u0107 tylko po zako\u0144czeniu sezonu<\/p>\n<\/li>\n<\/ul>\n<h3 data-start=\"941\" data-end=\"962\">\ud83e\uddf4 <strong data-start=\"948\" data-end=\"962\">Wydajno\u015b\u0107:<\/strong><\/h3>\n<ul data-start=\"963\" data-end=\"1030\">\n<li data-start=\"963\" data-end=\"997\">\n<p data-start=\"965\" data-end=\"997\"><strong data-start=\"965\" data-end=\"974\">500 g<\/strong> produktu na 5\u202fl wody<\/p>\n<\/li>\n<\/ul>\n","protected":false},"excerpt":{"rendered":"<p>Zadbaj o ramki po miodobraniu! WAX\u2011VET to specjalistyczny preparat, kt\u00f3ry chroni drewniane ramki z w\u0119z\u0105 przed ple\u015bni\u0105 i uszkodzeniami podczas magazynowania. Idealny dla pszczelarzy, kt\u00f3rzy dbaj\u0105 o czysto\u015b\u0107 i trwa\u0142o\u015b\u0107 sprz\u0119tu. \u2705 Najwa\u017cniejsze korzy\u015bci: \ud83c\udf44 Redukuje ryzyko ple\u015bni \u2013 zabezpiecza struktury ramki \ud83d\udca7 \u0141atwy w u\u017cyciu \u2013 wystarczy spryska\u0107 i wysuszy\u0107 \ud83e\uddfc Praktyczny spos\u00f3b przechowywania [&hellip;]<\/p>\n","protected":false},"featured_media":964,"template":"","meta":[],"product_brand":[34],"product_cat":[36],"product_tag":[],"class_list":{"0":"post-965","1":"product","2":"type-product","3":"status-publish","4":"has-post-thumbnail","6":"product_brand-vetanimal","7":"product_cat-chemia-pszczelarska","9":"first","10":"instock","11":"taxable","12":"shipping-taxable","13":"purchasable","14":"product-type-simple"},"_links":{"self":[{"href":"https:\/\/www.beevista.pl\/index.php\/wp-json\/wp\/v2\/product\/965","targetHints":{"allow":["GET"]}}],"collection":[{"href":"https:\/\/www.beevista.pl\/index.php\/wp-json\/wp\/v2\/product"}],"about":[{"href":"https:\/\/www.beevista.pl\/index.php\/wp-json\/wp\/v2\/types\/product"}],"wp:featuredmedia":[{"embeddable":true,"href":"https:\/\/www.beevista.pl\/index.php\/wp-json\/wp\/v2\/media\/964"}],"wp:attachment":[{"href":"https:\/\/www.beevista.pl\/index.php\/wp-json\/wp\/v2\/media?parent=965"}],"wp:term":[{"taxonomy":"product_brand","embeddable":true,"href":"https:\/\/www.beevista.pl\/index.php\/wp-json\/wp\/v2\/product_brand?post=965"},{"taxonomy":"product_cat","embeddable":true,"href":"https:\/\/www.beevista.pl\/index.php\/wp-json\/wp\/v2\/product_cat?post=965"},{"taxonomy":"product_tag","embeddable":true,"href":"https:\/\/www.beevista.pl\/index.php\/wp-json\/wp\/v2\/product_tag?post=965"}],"curies":[{"name":"wp","href":"https:\/\/api.w.org\/{rel}","templated":true}]}}