{"id":954,"date":"2025-07-07T20:30:17","date_gmt":"2025-07-07T18:30:17","guid":{"rendered":"https:\/\/www.beevista.pl\/?post_type=product&#038;p=954"},"modified":"2026-03-24T15:05:45","modified_gmt":"2026-03-24T14:05:45","slug":"podkurzacz-nierdzewny-z-wkladem-maly","status":"publish","type":"product","link":"https:\/\/www.beevista.pl\/index.php\/produkt\/podkurzacz-nierdzewny-z-wkladem-maly\/","title":{"rendered":"Podkurzacz nierdzewny z wk\u0142adem &#8211; ma\u0142y"},"content":{"rendered":"<p>Ma\u0142y, zgrabny podkurzacz w sam raz do szybkich przegl\u0105d\u00f3w na pasiece.<\/p>\n<p>Wyposa\u017cony w specjalny dodatkowy, wyjmowany zbiornik w kt\u00f3rym odbywa si\u0119 spalanie pr\u00f3chna, zi\u00f3\u0142 czy pelletu.<\/p>\n<p>Mieszek wykonany ze sk\u00f3ry.<\/p>\n<p>\u015arednica korpusu: 9 cm<br \/>\nWysoko\u015b\u0107 korpusu: 14 cm<br \/>\nWysoko\u015b\u0107 ca\u0142kowita: 25 cm<\/p>\n<p>\u015arednica zbiornika: 8,5 cm<br \/>\nWysoko\u015b\u0107 zbiornika: 9,5 cm<\/p>\n<p>Rozmiar miecha: 10,5 x 14 cm<\/p>\n","protected":false},"excerpt":{"rendered":"<p>Ma\u0142y, zgrabny podkurzacz w sam raz do szybkich przegl\u0105d\u00f3w na pasiece. Wyposa\u017cony w specjalny dodatkowy, wyjmowany zbiornik w kt\u00f3rym odbywa si\u0119 spalanie pr\u00f3chna, zi\u00f3\u0142 czy pelletu. Mieszek wykonany ze sk\u00f3ry. \u015arednica korpusu: 9 cm Wysoko\u015b\u0107 korpusu: 14 cm Wysoko\u015b\u0107 ca\u0142kowita: 25 cm \u015arednica zbiornika: 8,5 cm Wysoko\u015b\u0107 zbiornika: 9,5 cm Rozmiar miecha: 10,5 x 14 [&hellip;]<\/p>\n","protected":false},"featured_media":955,"template":"","meta":[],"product_brand":[],"product_cat":[58],"product_tag":[],"class_list":{"0":"post-954","1":"product","2":"type-product","3":"status-publish","4":"has-post-thumbnail","6":"product_cat-podkurzacze","8":"first","9":"instock","10":"taxable","11":"shipping-taxable","12":"purchasable","13":"product-type-simple"},"_links":{"self":[{"href":"https:\/\/www.beevista.pl\/index.php\/wp-json\/wp\/v2\/product\/954","targetHints":{"allow":["GET"]}}],"collection":[{"href":"https:\/\/www.beevista.pl\/index.php\/wp-json\/wp\/v2\/product"}],"about":[{"href":"https:\/\/www.beevista.pl\/index.php\/wp-json\/wp\/v2\/types\/product"}],"wp:featuredmedia":[{"embeddable":true,"href":"https:\/\/www.beevista.pl\/index.php\/wp-json\/wp\/v2\/media\/955"}],"wp:attachment":[{"href":"https:\/\/www.beevista.pl\/index.php\/wp-json\/wp\/v2\/media?parent=954"}],"wp:term":[{"taxonomy":"product_brand","embeddable":true,"href":"https:\/\/www.beevista.pl\/index.php\/wp-json\/wp\/v2\/product_brand?post=954"},{"taxonomy":"product_cat","embeddable":true,"href":"https:\/\/www.beevista.pl\/index.php\/wp-json\/wp\/v2\/product_cat?post=954"},{"taxonomy":"product_tag","embeddable":true,"href":"https:\/\/www.beevista.pl\/index.php\/wp-json\/wp\/v2\/product_tag?post=954"}],"curies":[{"name":"wp","href":"https:\/\/api.w.org\/{rel}","templated":true}]}}