{"id":950,"date":"2025-07-07T20:26:24","date_gmt":"2025-07-07T18:26:24","guid":{"rendered":"https:\/\/www.beevista.pl\/?post_type=product&#038;p=950"},"modified":"2026-04-03T14:18:03","modified_gmt":"2026-04-03T12:18:03","slug":"dluto-nierdzewne-wielofunkcyjne","status":"publish","type":"product","link":"https:\/\/www.beevista.pl\/index.php\/produkt\/dluto-nierdzewne-wielofunkcyjne\/","title":{"rendered":"D\u0142uto nierdzewne wielofunkcyjne"},"content":{"rendered":"<p>Por\u0119czne d\u0142uto pasieczne to narz\u0119dzie, kt\u00f3re musi by\u0107 na wyposa\u017ceniu ka\u017cdej pasieki.<\/p>\n","protected":false},"excerpt":{"rendered":"<p>Por\u0119czne d\u0142uto pasieczne to narz\u0119dzie, kt\u00f3re musi by\u0107 na wyposa\u017ceniu ka\u017cdej pasieki.<\/p>\n","protected":false},"featured_media":951,"template":"","meta":[],"product_brand":[],"product_cat":[57],"product_tag":[],"class_list":{"0":"post-950","1":"product","2":"type-product","3":"status-publish","4":"has-post-thumbnail","6":"product_cat-dluta","8":"first","9":"outofstock","10":"taxable","11":"shipping-taxable","12":"purchasable","13":"product-type-simple"},"_links":{"self":[{"href":"https:\/\/www.beevista.pl\/index.php\/wp-json\/wp\/v2\/product\/950","targetHints":{"allow":["GET"]}}],"collection":[{"href":"https:\/\/www.beevista.pl\/index.php\/wp-json\/wp\/v2\/product"}],"about":[{"href":"https:\/\/www.beevista.pl\/index.php\/wp-json\/wp\/v2\/types\/product"}],"wp:featuredmedia":[{"embeddable":true,"href":"https:\/\/www.beevista.pl\/index.php\/wp-json\/wp\/v2\/media\/951"}],"wp:attachment":[{"href":"https:\/\/www.beevista.pl\/index.php\/wp-json\/wp\/v2\/media?parent=950"}],"wp:term":[{"taxonomy":"product_brand","embeddable":true,"href":"https:\/\/www.beevista.pl\/index.php\/wp-json\/wp\/v2\/product_brand?post=950"},{"taxonomy":"product_cat","embeddable":true,"href":"https:\/\/www.beevista.pl\/index.php\/wp-json\/wp\/v2\/product_cat?post=950"},{"taxonomy":"product_tag","embeddable":true,"href":"https:\/\/www.beevista.pl\/index.php\/wp-json\/wp\/v2\/product_tag?post=950"}],"curies":[{"name":"wp","href":"https:\/\/api.w.org\/{rel}","templated":true}]}}