{"id":948,"date":"2025-07-07T20:24:51","date_gmt":"2025-07-07T18:24:51","guid":{"rendered":"https:\/\/www.beevista.pl\/?post_type=product&#038;p=948"},"modified":"2025-12-10T09:38:10","modified_gmt":"2025-12-10T08:38:10","slug":"dluto-nierdzewne-z-hakiem-czerwone","status":"publish","type":"product","link":"https:\/\/www.beevista.pl\/index.php\/produkt\/dluto-nierdzewne-z-hakiem-czerwone\/","title":{"rendered":"D\u0142uto nierdzewne z hakiem czerwone"},"content":{"rendered":"<p>D\u0142uto pasieczne z hakiem typu Ameryka\u0144skiego posiada otw\u00f3r dzi\u0119ki kt\u00f3remu mo\u017cemy je powiesi\u0107 np. na gwo\u017adziu.<br \/>\nWyposa\u017cone jest z jednej strony w zaostrzony koniec, natomiast z drugiej jest zagi\u0119te (tzw. kozia n\u00f3\u017cka) tak by \u0142atwiej podwa\u017cy\u0107 i wyci\u0105gn\u0105\u0107 ramki z korpusu.<\/p>\n<p>D\u0142ugo\u015b\u0107 ca\u0142kowita: 27 cm<br \/>\nSzeroko\u015b\u0107 ostrza: 4,5 cm<\/p>\n<p>&nbsp;<\/p>\n","protected":false},"excerpt":{"rendered":"<p>D\u0142uto pasieczne z hakiem typu Ameryka\u0144skiego posiada otw\u00f3r dzi\u0119ki kt\u00f3remu mo\u017cemy je powiesi\u0107 np. na gwo\u017adziu. Wyposa\u017cone jest z jednej strony w zaostrzony koniec, natomiast z drugiej jest zagi\u0119te (tzw. kozia n\u00f3\u017cka) tak by \u0142atwiej podwa\u017cy\u0107 i wyci\u0105gn\u0105\u0107 ramki z korpusu. D\u0142ugo\u015b\u0107 ca\u0142kowita: 27 cm Szeroko\u015b\u0107 ostrza: 4,5 cm &nbsp;<\/p>\n","protected":false},"featured_media":949,"template":"","meta":[],"product_brand":[],"product_cat":[57],"product_tag":[],"class_list":{"0":"post-948","1":"product","2":"type-product","3":"status-publish","4":"has-post-thumbnail","6":"product_cat-dluta","8":"first","9":"outofstock","10":"taxable","11":"shipping-taxable","12":"purchasable","13":"product-type-simple"},"_links":{"self":[{"href":"https:\/\/www.beevista.pl\/index.php\/wp-json\/wp\/v2\/product\/948","targetHints":{"allow":["GET"]}}],"collection":[{"href":"https:\/\/www.beevista.pl\/index.php\/wp-json\/wp\/v2\/product"}],"about":[{"href":"https:\/\/www.beevista.pl\/index.php\/wp-json\/wp\/v2\/types\/product"}],"wp:featuredmedia":[{"embeddable":true,"href":"https:\/\/www.beevista.pl\/index.php\/wp-json\/wp\/v2\/media\/949"}],"wp:attachment":[{"href":"https:\/\/www.beevista.pl\/index.php\/wp-json\/wp\/v2\/media?parent=948"}],"wp:term":[{"taxonomy":"product_brand","embeddable":true,"href":"https:\/\/www.beevista.pl\/index.php\/wp-json\/wp\/v2\/product_brand?post=948"},{"taxonomy":"product_cat","embeddable":true,"href":"https:\/\/www.beevista.pl\/index.php\/wp-json\/wp\/v2\/product_cat?post=948"},{"taxonomy":"product_tag","embeddable":true,"href":"https:\/\/www.beevista.pl\/index.php\/wp-json\/wp\/v2\/product_tag?post=948"}],"curies":[{"name":"wp","href":"https:\/\/api.w.org\/{rel}","templated":true}]}}