{"id":942,"date":"2025-07-07T20:17:45","date_gmt":"2025-07-07T18:17:45","guid":{"rendered":"https:\/\/www.beevista.pl\/?post_type=product&#038;p=942"},"modified":"2026-04-03T14:21:41","modified_gmt":"2026-04-03T12:21:41","slug":"radelko-z-drewniana-raczka-dlugie","status":"publish","type":"product","link":"https:\/\/www.beevista.pl\/index.php\/produkt\/radelko-z-drewniana-raczka-dlugie\/","title":{"rendered":"Rade\u0142ko z drewnian\u0105 r\u0105czk\u0105 &#8211; d\u0142ugie"},"content":{"rendered":"<p>D\u0142ugie rade\u0142ko do wtapiania w\u0119zy. Wygodna drewniana r\u0105czka i mosi\u0119\u017cna ko\u0144c\u00f3wka pozwala na \u0142atwe i szybkie wprowadzenie drutu w w\u0119z\u0119.<\/p>\n<p>D\u0142ugo\u015b\u0107: 23 cm<\/p>\n","protected":false},"excerpt":{"rendered":"<p>D\u0142ugie rade\u0142ko do wtapiania w\u0119zy. Wygodna drewniana r\u0105czka i mosi\u0119\u017cna ko\u0144c\u00f3wka pozwala na \u0142atwe i szybkie wprowadzenie drutu w w\u0119z\u0119. D\u0142ugo\u015b\u0107: 23 cm<\/p>\n","protected":false},"featured_media":943,"template":"","meta":[],"product_brand":[],"product_cat":[37],"product_tag":[],"class_list":{"0":"post-942","1":"product","2":"type-product","3":"status-publish","4":"has-post-thumbnail","6":"product_cat-sprzet-pszczelarski","8":"first","9":"instock","10":"taxable","11":"shipping-taxable","12":"purchasable","13":"product-type-simple"},"_links":{"self":[{"href":"https:\/\/www.beevista.pl\/index.php\/wp-json\/wp\/v2\/product\/942","targetHints":{"allow":["GET"]}}],"collection":[{"href":"https:\/\/www.beevista.pl\/index.php\/wp-json\/wp\/v2\/product"}],"about":[{"href":"https:\/\/www.beevista.pl\/index.php\/wp-json\/wp\/v2\/types\/product"}],"wp:featuredmedia":[{"embeddable":true,"href":"https:\/\/www.beevista.pl\/index.php\/wp-json\/wp\/v2\/media\/943"}],"wp:attachment":[{"href":"https:\/\/www.beevista.pl\/index.php\/wp-json\/wp\/v2\/media?parent=942"}],"wp:term":[{"taxonomy":"product_brand","embeddable":true,"href":"https:\/\/www.beevista.pl\/index.php\/wp-json\/wp\/v2\/product_brand?post=942"},{"taxonomy":"product_cat","embeddable":true,"href":"https:\/\/www.beevista.pl\/index.php\/wp-json\/wp\/v2\/product_cat?post=942"},{"taxonomy":"product_tag","embeddable":true,"href":"https:\/\/www.beevista.pl\/index.php\/wp-json\/wp\/v2\/product_tag?post=942"}],"curies":[{"name":"wp","href":"https:\/\/api.w.org\/{rel}","templated":true}]}}