{"id":936,"date":"2025-07-07T18:17:06","date_gmt":"2025-07-07T16:17:06","guid":{"rendered":"https:\/\/www.beevista.pl\/?post_type=product&#038;p=936"},"modified":"2025-12-10T09:38:18","modified_gmt":"2025-12-10T08:38:18","slug":"karbownik-napinacz-drutu-metalowy","status":"publish","type":"product","link":"https:\/\/www.beevista.pl\/index.php\/produkt\/karbownik-napinacz-drutu-metalowy\/","title":{"rendered":"Karbownik, napinacz drutu metalowy"},"content":{"rendered":"<p>Napinacz (karbownik) do drutu. S\u0142u\u017cy do karbowania oraz napinania drutu w ramkach. Karbowany drut lepiej trzyma w\u0119z\u0119.<\/p>\n","protected":false},"excerpt":{"rendered":"<p>Napinacz (karbownik) do drutu. S\u0142u\u017cy do karbowania oraz napinania drutu w ramkach. Karbowany drut lepiej trzyma w\u0119z\u0119.<\/p>\n","protected":false},"featured_media":937,"template":"","meta":[],"product_brand":[],"product_cat":[37],"product_tag":[],"class_list":{"0":"post-936","1":"product","2":"type-product","3":"status-publish","4":"has-post-thumbnail","6":"product_cat-sprzet-pszczelarski","8":"first","9":"instock","10":"taxable","11":"shipping-taxable","12":"purchasable","13":"product-type-simple"},"_links":{"self":[{"href":"https:\/\/www.beevista.pl\/index.php\/wp-json\/wp\/v2\/product\/936","targetHints":{"allow":["GET"]}}],"collection":[{"href":"https:\/\/www.beevista.pl\/index.php\/wp-json\/wp\/v2\/product"}],"about":[{"href":"https:\/\/www.beevista.pl\/index.php\/wp-json\/wp\/v2\/types\/product"}],"wp:featuredmedia":[{"embeddable":true,"href":"https:\/\/www.beevista.pl\/index.php\/wp-json\/wp\/v2\/media\/937"}],"wp:attachment":[{"href":"https:\/\/www.beevista.pl\/index.php\/wp-json\/wp\/v2\/media?parent=936"}],"wp:term":[{"taxonomy":"product_brand","embeddable":true,"href":"https:\/\/www.beevista.pl\/index.php\/wp-json\/wp\/v2\/product_brand?post=936"},{"taxonomy":"product_cat","embeddable":true,"href":"https:\/\/www.beevista.pl\/index.php\/wp-json\/wp\/v2\/product_cat?post=936"},{"taxonomy":"product_tag","embeddable":true,"href":"https:\/\/www.beevista.pl\/index.php\/wp-json\/wp\/v2\/product_tag?post=936"}],"curies":[{"name":"wp","href":"https:\/\/api.w.org\/{rel}","templated":true}]}}