{"id":913,"date":"2025-06-24T23:16:09","date_gmt":"2025-06-24T21:16:09","guid":{"rendered":"https:\/\/www.beevista.pl\/?post_type=product&#038;p=913"},"modified":"2025-12-10T09:37:53","modified_gmt":"2025-12-10T08:37:53","slug":"kolpak-do-izolowania-matki-lub-matecznika","status":"publish","type":"product","link":"https:\/\/www.beevista.pl\/index.php\/produkt\/kolpak-do-izolowania-matki-lub-matecznika\/","title":{"rendered":"Ko\u0142pak do izolowania matki lub matecznika"},"content":{"rendered":"<p>Ko\u0142pak do izolowania matki lub matecznika na plastrze. Ig\u0142y pozwalaj\u0105 na wbicie ko\u0142paka w plastrze i umieszczenie pod nim matki pszczelej lub wbicie dooko\u0142a matecznika tak by wygryzaj\u0105ca si\u0119 matka zosta\u0142a pod ko\u0142pakiem.<\/p>\n","protected":false},"excerpt":{"rendered":"<p>Ko\u0142pak do izolowania matki lub matecznika na plastrze. Ig\u0142y pozwalaj\u0105 na wbicie ko\u0142paka w plastrze i umieszczenie pod nim matki pszczelej lub wbicie dooko\u0142a matecznika tak by wygryzaj\u0105ca si\u0119 matka zosta\u0142a pod ko\u0142pakiem.<\/p>\n","protected":false},"featured_media":914,"template":"","meta":[],"product_brand":[],"product_cat":[38],"product_tag":[],"class_list":{"0":"post-913","1":"product","2":"type-product","3":"status-publish","4":"has-post-thumbnail","6":"product_cat-hodowla-matek","8":"first","9":"outofstock","10":"taxable","11":"shipping-taxable","12":"purchasable","13":"product-type-simple"},"_links":{"self":[{"href":"https:\/\/www.beevista.pl\/index.php\/wp-json\/wp\/v2\/product\/913","targetHints":{"allow":["GET"]}}],"collection":[{"href":"https:\/\/www.beevista.pl\/index.php\/wp-json\/wp\/v2\/product"}],"about":[{"href":"https:\/\/www.beevista.pl\/index.php\/wp-json\/wp\/v2\/types\/product"}],"wp:featuredmedia":[{"embeddable":true,"href":"https:\/\/www.beevista.pl\/index.php\/wp-json\/wp\/v2\/media\/914"}],"wp:attachment":[{"href":"https:\/\/www.beevista.pl\/index.php\/wp-json\/wp\/v2\/media?parent=913"}],"wp:term":[{"taxonomy":"product_brand","embeddable":true,"href":"https:\/\/www.beevista.pl\/index.php\/wp-json\/wp\/v2\/product_brand?post=913"},{"taxonomy":"product_cat","embeddable":true,"href":"https:\/\/www.beevista.pl\/index.php\/wp-json\/wp\/v2\/product_cat?post=913"},{"taxonomy":"product_tag","embeddable":true,"href":"https:\/\/www.beevista.pl\/index.php\/wp-json\/wp\/v2\/product_tag?post=913"}],"curies":[{"name":"wp","href":"https:\/\/api.w.org\/{rel}","templated":true}]}}