{"id":908,"date":"2025-06-24T23:08:20","date_gmt":"2025-06-24T21:08:20","guid":{"rendered":"https:\/\/www.beevista.pl\/?post_type=product&#038;p=908"},"modified":"2025-12-10T09:42:03","modified_gmt":"2025-12-10T08:42:03","slug":"klateczka-wysylkowa-na-matke-pszczela","status":"publish","type":"product","link":"https:\/\/www.beevista.pl\/index.php\/produkt\/klateczka-wysylkowa-na-matke-pszczela\/","title":{"rendered":"Klateczka wysy\u0142kowa na matk\u0119 pszczel\u0105"},"content":{"rendered":"<p>Plastikowa klateczka do wysy\u0142ki oraz poddawania matki pszczelej. Posiada ma\u0142e oczko dzi\u0119ki czemu mo\u017cna j\u0105 zawiesi\u0107 na drucie pomi\u0119dzy ramkami.<br \/>\nDodatkowo jest wyposa\u017cona w system uchwyt\u00f3w s\u0142u\u017c\u0105cych do \u0142\u0105czenia klateczek w pakiet do wysy\u0142ki.<br \/>\nPosiada wydzielone 2 komory na ciasto oraz naci\u0119cie u\u0142atwiaj\u0105ce wy\u0142amanie zastawki, przez kt\u00f3re robotnice oswobodz\u0105 nowo poddan\u0105 matk\u0119.<br \/>\nKolor mo\u017ce si\u0119 r\u00f3\u017cni\u0107 od prezentowanego na zdj\u0119ciu w zale\u017cno\u015bci od dostawy.<\/p>\n<p>Wymiary: 8,5 cm x 4 cm x 1,5 cm.<\/p>\n","protected":false},"excerpt":{"rendered":"<p>Plastikowa klateczka do wysy\u0142ki oraz poddawania matki pszczelej. Posiada ma\u0142e oczko dzi\u0119ki czemu mo\u017cna j\u0105 zawiesi\u0107 na drucie pomi\u0119dzy ramkami. Dodatkowo jest wyposa\u017cona w system uchwyt\u00f3w s\u0142u\u017c\u0105cych do \u0142\u0105czenia klateczek w pakiet do wysy\u0142ki. Posiada wydzielone 2 komory na ciasto oraz naci\u0119cie u\u0142atwiaj\u0105ce wy\u0142amanie zastawki, przez kt\u00f3re robotnice oswobodz\u0105 nowo poddan\u0105 matk\u0119. Kolor mo\u017ce si\u0119 [&hellip;]<\/p>\n","protected":false},"featured_media":909,"template":"","meta":[],"product_brand":[],"product_cat":[38],"product_tag":[],"class_list":{"0":"post-908","1":"product","2":"type-product","3":"status-publish","4":"has-post-thumbnail","6":"product_cat-hodowla-matek","8":"first","9":"outofstock","10":"taxable","11":"shipping-taxable","12":"purchasable","13":"product-type-simple"},"_links":{"self":[{"href":"https:\/\/www.beevista.pl\/index.php\/wp-json\/wp\/v2\/product\/908","targetHints":{"allow":["GET"]}}],"collection":[{"href":"https:\/\/www.beevista.pl\/index.php\/wp-json\/wp\/v2\/product"}],"about":[{"href":"https:\/\/www.beevista.pl\/index.php\/wp-json\/wp\/v2\/types\/product"}],"wp:featuredmedia":[{"embeddable":true,"href":"https:\/\/www.beevista.pl\/index.php\/wp-json\/wp\/v2\/media\/909"}],"wp:attachment":[{"href":"https:\/\/www.beevista.pl\/index.php\/wp-json\/wp\/v2\/media?parent=908"}],"wp:term":[{"taxonomy":"product_brand","embeddable":true,"href":"https:\/\/www.beevista.pl\/index.php\/wp-json\/wp\/v2\/product_brand?post=908"},{"taxonomy":"product_cat","embeddable":true,"href":"https:\/\/www.beevista.pl\/index.php\/wp-json\/wp\/v2\/product_cat?post=908"},{"taxonomy":"product_tag","embeddable":true,"href":"https:\/\/www.beevista.pl\/index.php\/wp-json\/wp\/v2\/product_tag?post=908"}],"curies":[{"name":"wp","href":"https:\/\/api.w.org\/{rel}","templated":true}]}}