{"id":898,"date":"2025-06-24T22:54:08","date_gmt":"2025-06-24T20:54:08","guid":{"rendered":"https:\/\/www.beevista.pl\/?post_type=product&#038;p=898"},"modified":"2025-12-10T09:37:47","modified_gmt":"2025-12-10T08:37:47","slug":"chwytak-do-ramek-metalowy-mocny","status":"publish","type":"product","link":"https:\/\/www.beevista.pl\/index.php\/produkt\/chwytak-do-ramek-metalowy-mocny\/","title":{"rendered":"Chwytak do ramek metalowy mocny"},"content":{"rendered":"<p>Metalowy chwytak do ramek. Pozwala na \u0142atwiejsze wyjmowanie z ula ramek podczas przegl\u0105du.<br \/>\nPozwala unikn\u0105\u0107 uszkadzania pszcz\u00f3\u0142, oraz zabudowy miodowej.<\/p>\n","protected":false},"excerpt":{"rendered":"<p>Metalowy chwytak do ramek. Pozwala na \u0142atwiejsze wyjmowanie z ula ramek podczas przegl\u0105du. Pozwala unikn\u0105\u0107 uszkadzania pszcz\u00f3\u0142, oraz zabudowy miodowej.<\/p>\n","protected":false},"featured_media":899,"template":"","meta":[],"product_brand":[],"product_cat":[37],"product_tag":[],"class_list":{"0":"post-898","1":"product","2":"type-product","3":"status-publish","4":"has-post-thumbnail","6":"product_cat-sprzet-pszczelarski","8":"first","9":"outofstock","10":"taxable","11":"shipping-taxable","12":"purchasable","13":"product-type-simple"},"_links":{"self":[{"href":"https:\/\/www.beevista.pl\/index.php\/wp-json\/wp\/v2\/product\/898","targetHints":{"allow":["GET"]}}],"collection":[{"href":"https:\/\/www.beevista.pl\/index.php\/wp-json\/wp\/v2\/product"}],"about":[{"href":"https:\/\/www.beevista.pl\/index.php\/wp-json\/wp\/v2\/types\/product"}],"wp:featuredmedia":[{"embeddable":true,"href":"https:\/\/www.beevista.pl\/index.php\/wp-json\/wp\/v2\/media\/899"}],"wp:attachment":[{"href":"https:\/\/www.beevista.pl\/index.php\/wp-json\/wp\/v2\/media?parent=898"}],"wp:term":[{"taxonomy":"product_brand","embeddable":true,"href":"https:\/\/www.beevista.pl\/index.php\/wp-json\/wp\/v2\/product_brand?post=898"},{"taxonomy":"product_cat","embeddable":true,"href":"https:\/\/www.beevista.pl\/index.php\/wp-json\/wp\/v2\/product_cat?post=898"},{"taxonomy":"product_tag","embeddable":true,"href":"https:\/\/www.beevista.pl\/index.php\/wp-json\/wp\/v2\/product_tag?post=898"}],"curies":[{"name":"wp","href":"https:\/\/api.w.org\/{rel}","templated":true}]}}