{"id":864,"date":"2025-06-20T20:16:32","date_gmt":"2025-06-20T18:16:32","guid":{"rendered":"https:\/\/www.beevista.pl\/?post_type=product&#038;p=864"},"modified":"2026-04-22T19:18:05","modified_gmt":"2026-04-22T17:18:05","slug":"nozevit-50ml","status":"publish","type":"product","link":"https:\/\/www.beevista.pl\/index.php\/produkt\/nozevit-50ml\/","title":{"rendered":"Nozevit 50ml"},"content":{"rendered":"<p data-start=\"256\" data-end=\"511\"><strong data-start=\"256\" data-end=\"273\">Nozevit 50 ml<\/strong> to suplement diety dla pszcz\u00f3\u0142 oparty wy\u0142\u0105cznie na <strong data-start=\"325\" data-end=\"363\">naturalnych sk\u0142adnikach ro\u015blinnych<\/strong> \ud83c\udf3f. Stosowany profilaktycznie i wspomagaj\u0105co w walce z <strong data-start=\"419\" data-end=\"431\">nosemoz\u0105<\/strong>, poprawia kondycj\u0119 uk\u0142adu pokarmowego pszcz\u00f3\u0142 i wzmacnia ca\u0142\u0105 rodzin\u0119 pszczel\u0105. Nozevit jest preparatem posiadaj\u0105cym w swoim sk\u0142adzie wy\u0142\u0105cznie naturalne sk\u0142adniki. Sk\u0142adniki preparatu s\u0105 uzyskiwane w procesie ekstrakcji, kt\u00f3remu nie towarzyszy wykorzystanie \u015brodk\u00f3w chemicznych. Jest on mieszanin\u0105 kory drzew, a g\u0142\u00f3wnym jego sk\u0142adnikiem jest ekstrakt z kory d\u0119bu (Oak) ( Oak z ang. \u2013 d\u0105b) \u2013 bogatego \u017ar\u00f3d\u0142a tanin. Taniny s\u0105 naturalnymi polifenolami ro\u015blinnymi, do kt\u00f3rych w\u0142a\u015bciwo\u015bci nale\u017cy: wi\u0105zanie bia\u0142ek, udzia\u0142 w precypitacji i koagulacji. W medycynie wykorzystywane s\u0105 do leczenia chor\u00f3b zapalnych przewodu pokarmowego. Taniny przywieraj\u0105 do b\u0142ony \u015bluzowej jelit pszcz\u00f3\u0142 tworz\u0105c spr\u0119\u017cyst\u0105 b\u0142on\u0119, jak r\u00f3wnie\u017c wywieraj\u0105 dzia\u0142anie przeciwzapalne. Fenole te o du\u017cej masie molekularnej zawieraj\u0105 wystarczaj\u0105c\u0105 ilo\u015b\u0107 grup hydroksylowych, aby tworzy\u0107 kompleksy z bia\u0142kami, celuloz\u0105 i pewnym minera\u0142ami. W nast\u0119pstwie ich dzia\u0142ania nast\u0119puje powstrzymanie biegunki. W ten spos\u00f3b Nozevit znacz\u0105co redukuje wyst\u0119powanie kolejnych zaka\u017ce\u0144.<\/p>\n<p data-start=\"513\" data-end=\"743\">\u2705 <strong data-start=\"515\" data-end=\"538\">Naturalna receptura<\/strong> \u2013 bez antybiotyk\u00f3w i chemii<br data-start=\"566\" data-end=\"569\" \/>\u2705 <strong data-start=\"571\" data-end=\"601\">Wspomaga odporno\u015b\u0107 pszcz\u00f3\u0142<\/strong> i ich zdrowie jelit<br data-start=\"621\" data-end=\"624\" \/>\u2705 <strong data-start=\"626\" data-end=\"645\">\u0141atwa aplikacja<\/strong> \u2013 do podawania w syropie lub spryskiwania pszcz\u00f3\u0142<br data-start=\"695\" data-end=\"698\" \/>\u2705 <strong data-start=\"700\" data-end=\"743\">Do stosowania w sezonie oraz po zimowli<\/strong><\/p>\n<p data-start=\"750\" data-end=\"769\"><strong data-start=\"750\" data-end=\"767\">Zastosowanie:<\/strong><\/p>\n<ul data-start=\"770\" data-end=\"895\">\n<li data-start=\"770\" data-end=\"818\">\n<p data-start=\"772\" data-end=\"818\">profilaktyka i wsparcie w przypadku nosemozy<\/p>\n<\/li>\n<li data-start=\"819\" data-end=\"862\">\n<p data-start=\"821\" data-end=\"862\">poprawa zdrowotno\u015bci rodzin os\u0142abionych<\/p>\n<\/li>\n<li data-start=\"863\" data-end=\"895\">\n<p data-start=\"865\" data-end=\"895\">bezpieczny dla matki i czerwiu<\/p>\n<\/li>\n<\/ul>\n<p>&nbsp;<\/p>\n<p>&nbsp;<\/p>\n","protected":false},"excerpt":{"rendered":"<p>Nozevit 50 ml to suplement diety dla pszcz\u00f3\u0142 oparty wy\u0142\u0105cznie na naturalnych sk\u0142adnikach ro\u015blinnych \ud83c\udf3f. Stosowany profilaktycznie i wspomagaj\u0105co w walce z nosemoz\u0105, poprawia kondycj\u0119 uk\u0142adu pokarmowego pszcz\u00f3\u0142 i wzmacnia ca\u0142\u0105 rodzin\u0119 pszczel\u0105. Nozevit jest preparatem posiadaj\u0105cym w swoim sk\u0142adzie wy\u0142\u0105cznie naturalne sk\u0142adniki. Sk\u0142adniki preparatu s\u0105 uzyskiwane w procesie ekstrakcji, kt\u00f3remu nie towarzyszy wykorzystanie \u015brodk\u00f3w [&hellip;]<\/p>\n","protected":false},"featured_media":865,"template":"","meta":[],"product_brand":[],"product_cat":[35],"product_tag":[],"class_list":{"0":"post-864","1":"product","2":"type-product","3":"status-publish","4":"has-post-thumbnail","6":"product_cat-dodatki-paszowe","8":"first","9":"outofstock","10":"taxable","11":"shipping-taxable","12":"purchasable","13":"product-type-simple"},"_links":{"self":[{"href":"https:\/\/www.beevista.pl\/index.php\/wp-json\/wp\/v2\/product\/864","targetHints":{"allow":["GET"]}}],"collection":[{"href":"https:\/\/www.beevista.pl\/index.php\/wp-json\/wp\/v2\/product"}],"about":[{"href":"https:\/\/www.beevista.pl\/index.php\/wp-json\/wp\/v2\/types\/product"}],"wp:featuredmedia":[{"embeddable":true,"href":"https:\/\/www.beevista.pl\/index.php\/wp-json\/wp\/v2\/media\/865"}],"wp:attachment":[{"href":"https:\/\/www.beevista.pl\/index.php\/wp-json\/wp\/v2\/media?parent=864"}],"wp:term":[{"taxonomy":"product_brand","embeddable":true,"href":"https:\/\/www.beevista.pl\/index.php\/wp-json\/wp\/v2\/product_brand?post=864"},{"taxonomy":"product_cat","embeddable":true,"href":"https:\/\/www.beevista.pl\/index.php\/wp-json\/wp\/v2\/product_cat?post=864"},{"taxonomy":"product_tag","embeddable":true,"href":"https:\/\/www.beevista.pl\/index.php\/wp-json\/wp\/v2\/product_tag?post=864"}],"curies":[{"name":"wp","href":"https:\/\/api.w.org\/{rel}","templated":true}]}}