{"id":848,"date":"2025-06-19T14:11:16","date_gmt":"2025-06-19T12:11:16","guid":{"rendered":"https:\/\/www.beevista.pl\/?post_type=product&#038;p=848"},"modified":"2026-04-13T16:56:37","modified_gmt":"2026-04-13T14:56:37","slug":"marker-olejowy-do-znakowania-25mm","status":"publish","type":"product","link":"https:\/\/www.beevista.pl\/index.php\/produkt\/marker-olejowy-do-znakowania-25mm\/","title":{"rendered":"Marker olejowy do znakowania 2,5mm"},"content":{"rendered":"<p>Marker olejowy z ko\u0144c\u00f3wk\u0105 2,5 mm.<\/p>\n<p>Szybkoschn\u0105cy, wodoodporny tusz olejny, niezmywalny.<\/p>\n<p>Pozwala na bezpieczne oznakowanie matki pszczelej.<\/p>\n<p>Kolory znakowania matek wg. ostatniej cyfry roku:<\/p>\n<p>1, 6 \u2013 B \u2013 bia\u0142y<br \/>\n2, 7 \u2013 \u017b \u2013 \u017c\u00f3\u0142ty<br \/>\n3, 8 \u2013 C \u2013 czerwony<br \/>\n4, 9 \u2013 Z \u2013 zielony<br \/>\n5, 0 \u2013 N \u2013 niebieski<\/p>\n","protected":false},"excerpt":{"rendered":"<p>Marker olejowy z ko\u0144c\u00f3wk\u0105 2,5 mm. Szybkoschn\u0105cy, wodoodporny tusz olejny, niezmywalny. Pozwala na bezpieczne oznakowanie matki pszczelej. Kolory znakowania matek wg. ostatniej cyfry roku: 1, 6 \u2013 B \u2013 bia\u0142y 2, 7 \u2013 \u017b \u2013 \u017c\u00f3\u0142ty 3, 8 \u2013 C \u2013 czerwony 4, 9 \u2013 Z \u2013 zielony 5, 0 \u2013 N \u2013 niebieski<\/p>\n","protected":false},"featured_media":859,"template":"","meta":[],"product_brand":[],"product_cat":[39],"product_tag":[],"class_list":{"0":"post-848","1":"product","2":"type-product","3":"status-publish","4":"has-post-thumbnail","6":"product_cat-znakowanie-matek","8":"first","9":"outofstock","10":"taxable","11":"shipping-taxable","12":"purchasable","13":"product-type-variable"},"_links":{"self":[{"href":"https:\/\/www.beevista.pl\/index.php\/wp-json\/wp\/v2\/product\/848","targetHints":{"allow":["GET"]}}],"collection":[{"href":"https:\/\/www.beevista.pl\/index.php\/wp-json\/wp\/v2\/product"}],"about":[{"href":"https:\/\/www.beevista.pl\/index.php\/wp-json\/wp\/v2\/types\/product"}],"wp:featuredmedia":[{"embeddable":true,"href":"https:\/\/www.beevista.pl\/index.php\/wp-json\/wp\/v2\/media\/859"}],"wp:attachment":[{"href":"https:\/\/www.beevista.pl\/index.php\/wp-json\/wp\/v2\/media?parent=848"}],"wp:term":[{"taxonomy":"product_brand","embeddable":true,"href":"https:\/\/www.beevista.pl\/index.php\/wp-json\/wp\/v2\/product_brand?post=848"},{"taxonomy":"product_cat","embeddable":true,"href":"https:\/\/www.beevista.pl\/index.php\/wp-json\/wp\/v2\/product_cat?post=848"},{"taxonomy":"product_tag","embeddable":true,"href":"https:\/\/www.beevista.pl\/index.php\/wp-json\/wp\/v2\/product_tag?post=848"}],"curies":[{"name":"wp","href":"https:\/\/api.w.org\/{rel}","templated":true}]}}