{"id":835,"date":"2025-06-19T13:50:23","date_gmt":"2025-06-19T11:50:23","guid":{"rendered":"https:\/\/www.beevista.pl\/?post_type=product&#038;p=835"},"modified":"2026-04-12T10:21:28","modified_gmt":"2026-04-12T08:21:28","slug":"marker-olejowy-do-znakowania-2mm","status":"publish","type":"product","link":"https:\/\/www.beevista.pl\/index.php\/produkt\/marker-olejowy-do-znakowania-2mm\/","title":{"rendered":"Marker olejowy do znakowania 2mm"},"content":{"rendered":"<p>Marker olejowy z ko\u0144c\u00f3wk\u0105 2 mm.<\/p>\n<p>Szybkoschn\u0105cy, wodoodporny tusz olejny, niezmywalny.<\/p>\n<p>Pozwala na bezpieczne oznakowanie matki pszczelej.<\/p>\n<p>Kolory znakowania matek wg. ostatniej cyfry roku:<\/p>\n<p>1, 6 \u2013 B \u2013 bia\u0142y<br \/>\n2, 7 \u2013 \u017b \u2013 \u017c\u00f3\u0142ty<br \/>\n3, 8 \u2013 C \u2013 czerwony<br \/>\n4, 9 \u2013 Z \u2013 zielony<br \/>\n5, 0 \u2013 N \u2013 niebieski<\/p>\n","protected":false},"excerpt":{"rendered":"<p>Marker olejowy z ko\u0144c\u00f3wk\u0105 2 mm. Szybkoschn\u0105cy, wodoodporny tusz olejny, niezmywalny. Pozwala na bezpieczne oznakowanie matki pszczelej. Kolory znakowania matek wg. ostatniej cyfry roku: 1, 6 \u2013 B \u2013 bia\u0142y 2, 7 \u2013 \u017b \u2013 \u017c\u00f3\u0142ty 3, 8 \u2013 C \u2013 czerwony 4, 9 \u2013 Z \u2013 zielony 5, 0 \u2013 N \u2013 niebieski<\/p>\n","protected":false},"featured_media":863,"template":"","meta":[],"product_brand":[],"product_cat":[39],"product_tag":[],"class_list":{"0":"post-835","1":"product","2":"type-product","3":"status-publish","4":"has-post-thumbnail","6":"product_cat-znakowanie-matek","8":"first","9":"outofstock","10":"taxable","11":"shipping-taxable","12":"purchasable","13":"product-type-variable"},"_links":{"self":[{"href":"https:\/\/www.beevista.pl\/index.php\/wp-json\/wp\/v2\/product\/835","targetHints":{"allow":["GET"]}}],"collection":[{"href":"https:\/\/www.beevista.pl\/index.php\/wp-json\/wp\/v2\/product"}],"about":[{"href":"https:\/\/www.beevista.pl\/index.php\/wp-json\/wp\/v2\/types\/product"}],"wp:featuredmedia":[{"embeddable":true,"href":"https:\/\/www.beevista.pl\/index.php\/wp-json\/wp\/v2\/media\/863"}],"wp:attachment":[{"href":"https:\/\/www.beevista.pl\/index.php\/wp-json\/wp\/v2\/media?parent=835"}],"wp:term":[{"taxonomy":"product_brand","embeddable":true,"href":"https:\/\/www.beevista.pl\/index.php\/wp-json\/wp\/v2\/product_brand?post=835"},{"taxonomy":"product_cat","embeddable":true,"href":"https:\/\/www.beevista.pl\/index.php\/wp-json\/wp\/v2\/product_cat?post=835"},{"taxonomy":"product_tag","embeddable":true,"href":"https:\/\/www.beevista.pl\/index.php\/wp-json\/wp\/v2\/product_tag?post=835"}],"curies":[{"name":"wp","href":"https:\/\/api.w.org\/{rel}","templated":true}]}}