{"id":832,"date":"2025-06-18T21:40:45","date_gmt":"2025-06-18T19:40:45","guid":{"rendered":"https:\/\/www.beevista.pl\/?post_type=product&#038;p=832"},"modified":"2026-04-14T17:02:14","modified_gmt":"2026-04-14T15:02:14","slug":"biofaktor-apibiovit-1l","status":"publish","type":"product","link":"https:\/\/www.beevista.pl\/index.php\/produkt\/biofaktor-apibiovit-1l\/","title":{"rendered":"BIOfaktor Apibiovit 1L"},"content":{"rendered":"<p>Apibiovit jest mieszank\u0105 paszow\u0105 dla pszcz\u00f3\u0142, uzupe\u0142niaj\u0105c\u0105 niedobory naturalnego pokarmu bia\u0142kowego. Preparat zawiera wszystkie niezb\u0119dne dla pszcz\u00f3\u0142 witaminy i aminokwasy. Apibiovit wp\u0142ywa na usprawnienie proces\u00f3w metabolicznych zachodz\u0105cych w organizmie, a tym samym poprawia parametry odporno\u015bci przeciw chorobom, zwi\u0119ksza kondycj\u0119 pszcz\u00f3\u0142 doros\u0142ych i czerwiu oraz podnosi produkcyjno\u015b\u0107 pni pszczelich.<\/p>\n<p>Sk\u0142adniki analityczne i poziomy: bia\u0142ko surowe 0%, w\u0142\u00f3kno surowe 0%, oleje i t\u0142uszcze surowe 0% , popi\u00f3\u0142 surowy 0,2%, lizyna 1,05%, metionina 0,37%, wap\u0144 &lt; 5%, s\u00f3d 0%, fosfor &lt;2%, magnez &lt;0,5%. Wilgotno\u015b\u0107 100% (mieszanka p\u0142ynna na bazie wody).<\/p>\n","protected":false},"excerpt":{"rendered":"<p>Apibiovit jest mieszank\u0105 paszow\u0105 dla pszcz\u00f3\u0142, uzupe\u0142niaj\u0105c\u0105 niedobory naturalnego pokarmu bia\u0142kowego. Preparat zawiera wszystkie niezb\u0119dne dla pszcz\u00f3\u0142 witaminy i aminokwasy. Apibiovit wp\u0142ywa na usprawnienie proces\u00f3w metabolicznych zachodz\u0105cych w organizmie, a tym samym poprawia parametry odporno\u015bci przeciw chorobom, zwi\u0119ksza kondycj\u0119 pszcz\u00f3\u0142 doros\u0142ych i czerwiu oraz podnosi produkcyjno\u015b\u0107 pni pszczelich. Sk\u0142adniki analityczne i poziomy: bia\u0142ko surowe 0%, [&hellip;]<\/p>\n","protected":false},"featured_media":833,"template":"","meta":[],"product_brand":[],"product_cat":[35],"product_tag":[],"class_list":{"0":"post-832","1":"product","2":"type-product","3":"status-publish","4":"has-post-thumbnail","6":"product_cat-dodatki-paszowe","8":"first","9":"instock","10":"taxable","11":"shipping-taxable","12":"purchasable","13":"product-type-simple"},"_links":{"self":[{"href":"https:\/\/www.beevista.pl\/index.php\/wp-json\/wp\/v2\/product\/832","targetHints":{"allow":["GET"]}}],"collection":[{"href":"https:\/\/www.beevista.pl\/index.php\/wp-json\/wp\/v2\/product"}],"about":[{"href":"https:\/\/www.beevista.pl\/index.php\/wp-json\/wp\/v2\/types\/product"}],"wp:featuredmedia":[{"embeddable":true,"href":"https:\/\/www.beevista.pl\/index.php\/wp-json\/wp\/v2\/media\/833"}],"wp:attachment":[{"href":"https:\/\/www.beevista.pl\/index.php\/wp-json\/wp\/v2\/media?parent=832"}],"wp:term":[{"taxonomy":"product_brand","embeddable":true,"href":"https:\/\/www.beevista.pl\/index.php\/wp-json\/wp\/v2\/product_brand?post=832"},{"taxonomy":"product_cat","embeddable":true,"href":"https:\/\/www.beevista.pl\/index.php\/wp-json\/wp\/v2\/product_cat?post=832"},{"taxonomy":"product_tag","embeddable":true,"href":"https:\/\/www.beevista.pl\/index.php\/wp-json\/wp\/v2\/product_tag?post=832"}],"curies":[{"name":"wp","href":"https:\/\/api.w.org\/{rel}","templated":true}]}}