{"id":816,"date":"2025-06-15T23:25:23","date_gmt":"2025-06-15T21:25:23","guid":{"rendered":"https:\/\/www.beevista.pl\/?post_type=product&#038;p=816"},"modified":"2025-12-10T09:36:48","modified_gmt":"2025-12-10T08:36:48","slug":"kapelusz-pszczelarski-moro","status":"publish","type":"product","link":"https:\/\/www.beevista.pl\/index.php\/produkt\/kapelusz-pszczelarski-moro\/","title":{"rendered":"Kapelusz pszczelarski \u2022 moro"},"content":{"rendered":"<p>Kapelusz pszczelarski z cienkiego materia\u0142u z wzorem moro. Posiada wbudowan\u0105 obr\u0119cz z drutu utrzymuj\u0105c\u0105 siatk\u0119 w odpowiedniej odleg\u0142o\u015bci od twarzy. Na dole sznurek z mo\u017cliwo\u015bci\u0105 \u015bci\u0105gni\u0119cia siatki tak aby bardziej przylega\u0142a do cia\u0142a.<\/p>\n<p>Rozmiar: Uniwersalny<br \/>\n\u015arednica: 20 cm<br \/>\n\u015arednica ronda: 37cm<\/p>\n","protected":false},"excerpt":{"rendered":"<p>Kapelusz pszczelarski z cienkiego materia\u0142u z wzorem moro. Posiada wbudowan\u0105 obr\u0119cz z drutu utrzymuj\u0105c\u0105 siatk\u0119 w odpowiedniej odleg\u0142o\u015bci od twarzy. Na dole sznurek z mo\u017cliwo\u015bci\u0105 \u015bci\u0105gni\u0119cia siatki tak aby bardziej przylega\u0142a do cia\u0142a. Rozmiar: Uniwersalny \u015arednica: 20 cm \u015arednica ronda: 37cm<\/p>\n","protected":false},"featured_media":817,"template":"","meta":[],"product_brand":[],"product_cat":[51],"product_tag":[],"class_list":{"0":"post-816","1":"product","2":"type-product","3":"status-publish","4":"has-post-thumbnail","6":"product_cat-kapelusze","8":"first","9":"outofstock","10":"taxable","11":"shipping-taxable","12":"purchasable","13":"product-type-simple"},"_links":{"self":[{"href":"https:\/\/www.beevista.pl\/index.php\/wp-json\/wp\/v2\/product\/816","targetHints":{"allow":["GET"]}}],"collection":[{"href":"https:\/\/www.beevista.pl\/index.php\/wp-json\/wp\/v2\/product"}],"about":[{"href":"https:\/\/www.beevista.pl\/index.php\/wp-json\/wp\/v2\/types\/product"}],"wp:featuredmedia":[{"embeddable":true,"href":"https:\/\/www.beevista.pl\/index.php\/wp-json\/wp\/v2\/media\/817"}],"wp:attachment":[{"href":"https:\/\/www.beevista.pl\/index.php\/wp-json\/wp\/v2\/media?parent=816"}],"wp:term":[{"taxonomy":"product_brand","embeddable":true,"href":"https:\/\/www.beevista.pl\/index.php\/wp-json\/wp\/v2\/product_brand?post=816"},{"taxonomy":"product_cat","embeddable":true,"href":"https:\/\/www.beevista.pl\/index.php\/wp-json\/wp\/v2\/product_cat?post=816"},{"taxonomy":"product_tag","embeddable":true,"href":"https:\/\/www.beevista.pl\/index.php\/wp-json\/wp\/v2\/product_tag?post=816"}],"curies":[{"name":"wp","href":"https:\/\/api.w.org\/{rel}","templated":true}]}}