{"id":803,"date":"2025-06-15T23:18:04","date_gmt":"2025-06-15T21:18:04","guid":{"rendered":"https:\/\/www.beevista.pl\/?post_type=product&#038;p=803"},"modified":"2026-04-28T10:50:48","modified_gmt":"2026-04-28T08:50:48","slug":"farbka-do-znakowania-matek","status":"publish","type":"product","link":"https:\/\/www.beevista.pl\/index.php\/produkt\/farbka-do-znakowania-matek\/","title":{"rendered":"Farbka do znakowania matek"},"content":{"rendered":"<p>Nietoksyczna farbka do znakowania matek pszczelich.<\/p>\n<p>Kolory znakowania matek wg. ostatniej cyfry roku:<\/p>\n<p>1, 6 &#8211; B \u2013 bia\u0142y<br \/>\n2, 7 &#8211; \u017b \u2013 \u017c\u00f3\u0142ty<br \/>\n3, 8 &#8211; C \u2013 czerwony<br \/>\n4, 9 &#8211; Z \u2013 zielony<br \/>\n5, 0 &#8211; N \u2013 niebieski<\/p>\n","protected":false},"excerpt":{"rendered":"<p>Nietoksyczna farbka do znakowania matek pszczelich. Kolory znakowania matek wg. ostatniej cyfry roku: 1, 6 &#8211; B \u2013 bia\u0142y 2, 7 &#8211; \u017b \u2013 \u017c\u00f3\u0142ty 3, 8 &#8211; C \u2013 czerwony 4, 9 &#8211; Z \u2013 zielony 5, 0 &#8211; N \u2013 niebieski<\/p>\n","protected":false},"featured_media":809,"template":"","meta":[],"product_brand":[],"product_cat":[39],"product_tag":[],"class_list":{"0":"post-803","1":"product","2":"type-product","3":"status-publish","4":"has-post-thumbnail","6":"product_cat-znakowanie-matek","8":"first","9":"instock","10":"taxable","11":"shipping-taxable","12":"purchasable","13":"product-type-variable"},"_links":{"self":[{"href":"https:\/\/www.beevista.pl\/index.php\/wp-json\/wp\/v2\/product\/803","targetHints":{"allow":["GET"]}}],"collection":[{"href":"https:\/\/www.beevista.pl\/index.php\/wp-json\/wp\/v2\/product"}],"about":[{"href":"https:\/\/www.beevista.pl\/index.php\/wp-json\/wp\/v2\/types\/product"}],"wp:featuredmedia":[{"embeddable":true,"href":"https:\/\/www.beevista.pl\/index.php\/wp-json\/wp\/v2\/media\/809"}],"wp:attachment":[{"href":"https:\/\/www.beevista.pl\/index.php\/wp-json\/wp\/v2\/media?parent=803"}],"wp:term":[{"taxonomy":"product_brand","embeddable":true,"href":"https:\/\/www.beevista.pl\/index.php\/wp-json\/wp\/v2\/product_brand?post=803"},{"taxonomy":"product_cat","embeddable":true,"href":"https:\/\/www.beevista.pl\/index.php\/wp-json\/wp\/v2\/product_cat?post=803"},{"taxonomy":"product_tag","embeddable":true,"href":"https:\/\/www.beevista.pl\/index.php\/wp-json\/wp\/v2\/product_tag?post=803"}],"curies":[{"name":"wp","href":"https:\/\/api.w.org\/{rel}","templated":true}]}}