{"id":797,"date":"2025-06-15T23:02:26","date_gmt":"2025-06-15T21:02:26","guid":{"rendered":"https:\/\/www.beevista.pl\/?post_type=product&#038;p=797"},"modified":"2026-04-20T16:11:17","modified_gmt":"2026-04-20T14:11:17","slug":"klej-szelak-5ml","status":"publish","type":"product","link":"https:\/\/www.beevista.pl\/index.php\/produkt\/klej-szelak-5ml\/","title":{"rendered":"Klej szelak 5ml"},"content":{"rendered":"<p data-start=\"268\" data-end=\"538\"><strong data-start=\"268\" data-end=\"288\">Klej szelak 5 ml<\/strong> to specjalistyczny preparat pszczelarski przeznaczony do <strong data-start=\"346\" data-end=\"392\">trwa\u0142ego i bezpiecznego mocowania opalitek<\/strong> na tu\u0142owiu matek pszczelich \ud83d\udc1d. Charakteryzuje si\u0119 doskona\u0142\u0105 przyczepno\u015bci\u0105 oraz szybkim schni\u0119ciem, nie powoduj\u0105c przy tym podra\u017cnie\u0144 u pszcz\u00f3\u0142.<\/p>\n<p data-start=\"540\" data-end=\"750\">\u2705 <strong data-start=\"542\" data-end=\"568\">Bezpieczny dla pszcz\u00f3\u0142<\/strong> \u2013 delikatna formu\u0142a<br data-start=\"588\" data-end=\"591\" \/>\u2705 <strong data-start=\"593\" data-end=\"612\">Idealna lepko\u015b\u0107<\/strong> \u2013 opalitki trzymaj\u0105 si\u0119 pewnie<br data-start=\"643\" data-end=\"646\" \/>\u2705 <strong data-start=\"648\" data-end=\"661\">Wydajno\u015b\u0107<\/strong> \u2013 5 ml wystarcza na wiele matek<br data-start=\"698\" data-end=\"701\" \/>\u2705 <strong data-start=\"703\" data-end=\"723\">Gotowy do u\u017cycia<\/strong> \u2013 nie wymaga rozcie\u0144czania<\/p>\n","protected":false},"excerpt":{"rendered":"<p>Klej szelak 5 ml to specjalistyczny preparat pszczelarski przeznaczony do trwa\u0142ego i bezpiecznego mocowania opalitek na tu\u0142owiu matek pszczelich \ud83d\udc1d. Charakteryzuje si\u0119 doskona\u0142\u0105 przyczepno\u015bci\u0105 oraz szybkim schni\u0119ciem, nie powoduj\u0105c przy tym podra\u017cnie\u0144 u pszcz\u00f3\u0142. \u2705 Bezpieczny dla pszcz\u00f3\u0142 \u2013 delikatna formu\u0142a\u2705 Idealna lepko\u015b\u0107 \u2013 opalitki trzymaj\u0105 si\u0119 pewnie\u2705 Wydajno\u015b\u0107 \u2013 5 ml wystarcza na wiele [&hellip;]<\/p>\n","protected":false},"featured_media":798,"template":"","meta":[],"product_brand":[],"product_cat":[39],"product_tag":[],"class_list":{"0":"post-797","1":"product","2":"type-product","3":"status-publish","4":"has-post-thumbnail","6":"product_cat-znakowanie-matek","8":"first","9":"instock","10":"taxable","11":"shipping-taxable","12":"purchasable","13":"product-type-simple"},"_links":{"self":[{"href":"https:\/\/www.beevista.pl\/index.php\/wp-json\/wp\/v2\/product\/797","targetHints":{"allow":["GET"]}}],"collection":[{"href":"https:\/\/www.beevista.pl\/index.php\/wp-json\/wp\/v2\/product"}],"about":[{"href":"https:\/\/www.beevista.pl\/index.php\/wp-json\/wp\/v2\/types\/product"}],"wp:featuredmedia":[{"embeddable":true,"href":"https:\/\/www.beevista.pl\/index.php\/wp-json\/wp\/v2\/media\/798"}],"wp:attachment":[{"href":"https:\/\/www.beevista.pl\/index.php\/wp-json\/wp\/v2\/media?parent=797"}],"wp:term":[{"taxonomy":"product_brand","embeddable":true,"href":"https:\/\/www.beevista.pl\/index.php\/wp-json\/wp\/v2\/product_brand?post=797"},{"taxonomy":"product_cat","embeddable":true,"href":"https:\/\/www.beevista.pl\/index.php\/wp-json\/wp\/v2\/product_cat?post=797"},{"taxonomy":"product_tag","embeddable":true,"href":"https:\/\/www.beevista.pl\/index.php\/wp-json\/wp\/v2\/product_tag?post=797"}],"curies":[{"name":"wp","href":"https:\/\/api.w.org\/{rel}","templated":true}]}}