{"id":785,"date":"2025-06-15T22:58:37","date_gmt":"2025-06-15T20:58:37","guid":{"rendered":"https:\/\/www.beevista.pl\/?post_type=product&#038;p=785"},"modified":"2026-04-13T16:56:36","modified_gmt":"2026-04-13T14:56:36","slug":"opalitki-ksztaltowe-do-znakowania-matek","status":"publish","type":"product","link":"https:\/\/www.beevista.pl\/index.php\/produkt\/opalitki-ksztaltowe-do-znakowania-matek\/","title":{"rendered":"Opalitki kszta\u0142towe do znakowania matek"},"content":{"rendered":"<p data-start=\"194\" data-end=\"466\"><strong data-start=\"194\" data-end=\"264\">Praktyczne i niezawodne rozwi\u0105zanie do znakowania matek pszczelich<\/strong> \u2013 idealne dla pszczelarzy, kt\u00f3rzy ceni\u0105 sobie wygod\u0119 i porz\u0105dek w pasiece. Dzi\u0119ki kolorowym opalitkom z \u0142atwo\u015bci\u0105 zidentyfikujesz kr\u00f3low\u0105, okre\u015blisz jej wiek i zadbasz o lepsz\u0105 organizacj\u0119 pracy w ulu.<\/p>\n<h3 data-start=\"468\" data-end=\"490\">\u2705 Zalety produktu:<\/h3>\n<ul data-start=\"491\" data-end=\"709\">\n<li data-start=\"491\" data-end=\"582\">\n<p data-start=\"493\" data-end=\"582\">5 kolor\u00f3w zgodnych z mi\u0119dzynarodowym kodem (bia\u0142y, \u017c\u00f3\u0142ty, czerwony, zielony, niebieski)<\/p>\n<\/li>\n<li data-start=\"583\" data-end=\"625\">\n<p data-start=\"585\" data-end=\"625\">Bez numeracji \u2013 pasuj\u0105 do ka\u017cdej matki<\/p>\n<\/li>\n<li data-start=\"626\" data-end=\"673\">\n<p data-start=\"628\" data-end=\"673\">\u0141atwe mocowanie za pomoc\u0105 kleju szelakowego<\/p>\n<\/li>\n<li data-start=\"674\" data-end=\"709\">\n<p data-start=\"676\" data-end=\"709\">Ekonomiczne opakowanie \u2013 60 sztuk<\/p>\n<\/li>\n<\/ul>\n<h3 data-start=\"711\" data-end=\"731\">\ud83d\udd27 Zastosowanie:<\/h3>\n<ul data-start=\"732\" data-end=\"924\">\n<li data-start=\"732\" data-end=\"772\">\n<p data-start=\"734\" data-end=\"772\">Do znakowania matek w ka\u017cdej pasiece<\/p>\n<\/li>\n<li data-start=\"773\" data-end=\"823\">\n<p data-start=\"775\" data-end=\"823\">Pomocne w okre\u015blaniu wieku i pochodzenia matki<\/p>\n<\/li>\n<li data-start=\"824\" data-end=\"884\">\n<p data-start=\"826\" data-end=\"884\">U\u0142atwia przegl\u0105dy, selekcj\u0119 i kontrol\u0119 rodzin pszczelich<\/p>\n<\/li>\n<li data-start=\"885\" data-end=\"924\">\n<p data-start=\"887\" data-end=\"924\">Szczeg\u00f3lnie przydatne w hodowli matek<\/p>\n<\/li>\n<\/ul>\n<p>&nbsp;<\/p>\n","protected":false},"excerpt":{"rendered":"<p>Praktyczne i niezawodne rozwi\u0105zanie do znakowania matek pszczelich \u2013 idealne dla pszczelarzy, kt\u00f3rzy ceni\u0105 sobie wygod\u0119 i porz\u0105dek w pasiece. Dzi\u0119ki kolorowym opalitkom z \u0142atwo\u015bci\u0105 zidentyfikujesz kr\u00f3low\u0105, okre\u015blisz jej wiek i zadbasz o lepsz\u0105 organizacj\u0119 pracy w ulu. \u2705 Zalety produktu: 5 kolor\u00f3w zgodnych z mi\u0119dzynarodowym kodem (bia\u0142y, \u017c\u00f3\u0142ty, czerwony, zielony, niebieski) Bez numeracji \u2013 [&hellip;]<\/p>\n","protected":false},"featured_media":791,"template":"","meta":[],"product_brand":[],"product_cat":[39],"product_tag":[],"class_list":{"0":"post-785","1":"product","2":"type-product","3":"status-publish","4":"has-post-thumbnail","6":"product_cat-znakowanie-matek","8":"first","9":"instock","10":"taxable","11":"shipping-taxable","12":"purchasable","13":"product-type-variable"},"_links":{"self":[{"href":"https:\/\/www.beevista.pl\/index.php\/wp-json\/wp\/v2\/product\/785","targetHints":{"allow":["GET"]}}],"collection":[{"href":"https:\/\/www.beevista.pl\/index.php\/wp-json\/wp\/v2\/product"}],"about":[{"href":"https:\/\/www.beevista.pl\/index.php\/wp-json\/wp\/v2\/types\/product"}],"wp:featuredmedia":[{"embeddable":true,"href":"https:\/\/www.beevista.pl\/index.php\/wp-json\/wp\/v2\/media\/791"}],"wp:attachment":[{"href":"https:\/\/www.beevista.pl\/index.php\/wp-json\/wp\/v2\/media?parent=785"}],"wp:term":[{"taxonomy":"product_brand","embeddable":true,"href":"https:\/\/www.beevista.pl\/index.php\/wp-json\/wp\/v2\/product_brand?post=785"},{"taxonomy":"product_cat","embeddable":true,"href":"https:\/\/www.beevista.pl\/index.php\/wp-json\/wp\/v2\/product_cat?post=785"},{"taxonomy":"product_tag","embeddable":true,"href":"https:\/\/www.beevista.pl\/index.php\/wp-json\/wp\/v2\/product_tag?post=785"}],"curies":[{"name":"wp","href":"https:\/\/api.w.org\/{rel}","templated":true}]}}