{"id":770,"date":"2025-06-15T22:41:10","date_gmt":"2025-06-15T20:41:10","guid":{"rendered":"https:\/\/www.beevista.pl\/?post_type=product&#038;p=770"},"modified":"2025-12-10T09:36:34","modified_gmt":"2025-12-10T08:36:34","slug":"opalitki-polskie-do-znakowania-matek","status":"publish","type":"product","link":"https:\/\/www.beevista.pl\/index.php\/produkt\/opalitki-polskie-do-znakowania-matek\/","title":{"rendered":"Opalitki polskie do znakowania matek"},"content":{"rendered":"<p data-start=\"274\" data-end=\"562\"><strong data-start=\"274\" data-end=\"317\">Opalitki do znakowania matek pszczelich<\/strong> to wygodna i trwa\u0142a metoda identyfikacji matek w ulu. Lekkie, plastikowe znaczniki z numerkami umo\u017cliwiaj\u0105 \u0142atw\u0105 kontrol\u0119 wieku i pochodzenia matek. Dost\u0119pne w <strong data-start=\"478\" data-end=\"513\">standardowych kolorach rocznych<\/strong>, zgodnych z mi\u0119dzynarodowym systemem znakowania.<\/p>\n<p data-start=\"564\" data-end=\"742\">\u2705 <strong data-start=\"566\" data-end=\"586\">Czytelne numerki<\/strong> \u2013 \u0142atwa identyfikacja matki<br data-start=\"614\" data-end=\"617\" \/>\u2705 <strong data-start=\"619\" data-end=\"655\">Kolory zgodne z rokiem urodzenia<\/strong><br data-start=\"655\" data-end=\"658\" \/>\u2705 <strong data-start=\"660\" data-end=\"695\">Lekkie i bezpieczne dla pszcz\u00f3\u0142<\/strong><br data-start=\"695\" data-end=\"698\" \/>\u2705 <strong data-start=\"700\" data-end=\"742\">Do naklejania za pomoc\u0105 kleju<\/strong><\/p>\n<p>Ca\u0142y blister opalitek zawiera numery od 1 do 99. Kolory znakowania matek wg. ostatniej cyfry roku:<\/p>\n<p>1, 6 \u2013 B \u2013 bia\u0142y<br \/>\n2, 7 \u2013 \u017b \u2013 \u017c\u00f3\u0142ty<br \/>\n3, 8 \u2013 C \u2013 czerwony<br \/>\n4, 9 \u2013 Z \u2013 zielony<br \/>\n5, 0 \u2013 N \u2013 niebieski<\/p>\n","protected":false},"excerpt":{"rendered":"<p>Opalitki do znakowania matek pszczelich to wygodna i trwa\u0142a metoda identyfikacji matek w ulu. Lekkie, plastikowe znaczniki z numerkami umo\u017cliwiaj\u0105 \u0142atw\u0105 kontrol\u0119 wieku i pochodzenia matek. Dost\u0119pne w standardowych kolorach rocznych, zgodnych z mi\u0119dzynarodowym systemem znakowania. \u2705 Czytelne numerki \u2013 \u0142atwa identyfikacja matki\u2705 Kolory zgodne z rokiem urodzenia\u2705 Lekkie i bezpieczne dla pszcz\u00f3\u0142\u2705 Do naklejania [&hellip;]<\/p>\n","protected":false},"featured_media":771,"template":"","meta":[],"product_brand":[54],"product_cat":[39],"product_tag":[],"class_list":{"0":"post-770","1":"product","2":"type-product","3":"status-publish","4":"has-post-thumbnail","6":"product_brand-pasieka","7":"product_cat-znakowanie-matek","9":"first","10":"instock","11":"taxable","12":"shipping-taxable","13":"purchasable","14":"product-type-variable"},"_links":{"self":[{"href":"https:\/\/www.beevista.pl\/index.php\/wp-json\/wp\/v2\/product\/770","targetHints":{"allow":["GET"]}}],"collection":[{"href":"https:\/\/www.beevista.pl\/index.php\/wp-json\/wp\/v2\/product"}],"about":[{"href":"https:\/\/www.beevista.pl\/index.php\/wp-json\/wp\/v2\/types\/product"}],"wp:featuredmedia":[{"embeddable":true,"href":"https:\/\/www.beevista.pl\/index.php\/wp-json\/wp\/v2\/media\/771"}],"wp:attachment":[{"href":"https:\/\/www.beevista.pl\/index.php\/wp-json\/wp\/v2\/media?parent=770"}],"wp:term":[{"taxonomy":"product_brand","embeddable":true,"href":"https:\/\/www.beevista.pl\/index.php\/wp-json\/wp\/v2\/product_brand?post=770"},{"taxonomy":"product_cat","embeddable":true,"href":"https:\/\/www.beevista.pl\/index.php\/wp-json\/wp\/v2\/product_cat?post=770"},{"taxonomy":"product_tag","embeddable":true,"href":"https:\/\/www.beevista.pl\/index.php\/wp-json\/wp\/v2\/product_tag?post=770"}],"curies":[{"name":"wp","href":"https:\/\/api.w.org\/{rel}","templated":true}]}}