{"id":768,"date":"2025-06-15T22:36:49","date_gmt":"2025-06-15T20:36:49","guid":{"rendered":"https:\/\/www.beevista.pl\/?post_type=product&#038;p=768"},"modified":"2026-03-20T08:22:09","modified_gmt":"2026-03-20T07:22:09","slug":"narzedziowy-pas-pasieczny","status":"publish","type":"product","link":"https:\/\/www.beevista.pl\/index.php\/produkt\/narzedziowy-pas-pasieczny\/","title":{"rendered":"Narz\u0119dziowy pas pasieczny"},"content":{"rendered":"<p data-start=\"251\" data-end=\"531\">Solidny i funkcjonalny <strong data-start=\"274\" data-end=\"309\">pas narz\u0119dziowy dla pszczelarzy<\/strong> to niezast\u0105piony pomocnik przy przegl\u0105dzie uli. Wykonany z trwa\u0142ego materia\u0142u z wieloma <strong data-start=\"398\" data-end=\"425\">kieszeniami i uchwytami<\/strong>, pozwala na wygodne przechowywanie d\u0142uta, miote\u0142ki, znacznik\u00f3w, no\u017ca do odsklepiania i innych akcesori\u00f3w.<\/p>\n<p data-start=\"533\" data-end=\"775\">\u2705 <strong data-start=\"535\" data-end=\"566\">Wiele przegr\u00f3dek i uchwyt\u00f3w<\/strong> \u2013 wszystko pod r\u0119k\u0105<br data-start=\"586\" data-end=\"589\" \/>\u2705 <strong data-start=\"591\" data-end=\"618\">Regulowany pas z klamr\u0105<\/strong> \u2013 dopasowanie do ka\u017cdej sylwetki<br data-start=\"651\" data-end=\"654\" \/>\u2705 <strong data-start=\"656\" data-end=\"699\">Wytrzyma\u0142y materia\u0142 sk\u00f3rzany <\/strong>\u2013 odporny na zabrudzenia<br data-start=\"724\" data-end=\"727\" \/>\u2705 <strong data-start=\"729\" data-end=\"775\">Odci\u0105\u017ca plecy i przyspiesza prac\u0119 przy ulu<\/strong><\/p>\n","protected":false},"excerpt":{"rendered":"<p>Solidny i funkcjonalny pas narz\u0119dziowy dla pszczelarzy to niezast\u0105piony pomocnik przy przegl\u0105dzie uli. Wykonany z trwa\u0142ego materia\u0142u z wieloma kieszeniami i uchwytami, pozwala na wygodne przechowywanie d\u0142uta, miote\u0142ki, znacznik\u00f3w, no\u017ca do odsklepiania i innych akcesori\u00f3w. \u2705 Wiele przegr\u00f3dek i uchwyt\u00f3w \u2013 wszystko pod r\u0119k\u0105\u2705 Regulowany pas z klamr\u0105 \u2013 dopasowanie do ka\u017cdej sylwetki\u2705 Wytrzyma\u0142y materia\u0142 [&hellip;]<\/p>\n","protected":false},"featured_media":769,"template":"","meta":[],"product_brand":[],"product_cat":[50],"product_tag":[],"class_list":{"0":"post-768","1":"product","2":"type-product","3":"status-publish","4":"has-post-thumbnail","6":"product_cat-odziez","8":"first","9":"instock","10":"taxable","11":"shipping-taxable","12":"purchasable","13":"product-type-simple"},"_links":{"self":[{"href":"https:\/\/www.beevista.pl\/index.php\/wp-json\/wp\/v2\/product\/768","targetHints":{"allow":["GET"]}}],"collection":[{"href":"https:\/\/www.beevista.pl\/index.php\/wp-json\/wp\/v2\/product"}],"about":[{"href":"https:\/\/www.beevista.pl\/index.php\/wp-json\/wp\/v2\/types\/product"}],"wp:featuredmedia":[{"embeddable":true,"href":"https:\/\/www.beevista.pl\/index.php\/wp-json\/wp\/v2\/media\/769"}],"wp:attachment":[{"href":"https:\/\/www.beevista.pl\/index.php\/wp-json\/wp\/v2\/media?parent=768"}],"wp:term":[{"taxonomy":"product_brand","embeddable":true,"href":"https:\/\/www.beevista.pl\/index.php\/wp-json\/wp\/v2\/product_brand?post=768"},{"taxonomy":"product_cat","embeddable":true,"href":"https:\/\/www.beevista.pl\/index.php\/wp-json\/wp\/v2\/product_cat?post=768"},{"taxonomy":"product_tag","embeddable":true,"href":"https:\/\/www.beevista.pl\/index.php\/wp-json\/wp\/v2\/product_tag?post=768"}],"curies":[{"name":"wp","href":"https:\/\/api.w.org\/{rel}","templated":true}]}}