{"id":741,"date":"2025-06-13T18:33:37","date_gmt":"2025-06-13T16:33:37","guid":{"rendered":"https:\/\/www.beevista.pl\/?post_type=product&#038;p=741"},"modified":"2025-12-10T09:35:42","modified_gmt":"2025-12-10T08:35:42","slug":"opalitki-czeskie-do-znakowania-matek","status":"publish","type":"product","link":"https:\/\/www.beevista.pl\/index.php\/produkt\/opalitki-czeskie-do-znakowania-matek\/","title":{"rendered":"Opalitki czeskie do znakowania matek"},"content":{"rendered":"<p>Ca\u0142y blister opalitek od numeru 1 do 99, produkcja czeska.<\/p>\n<p>Kolory znakowania matek wg. ostatniej cyfry roku:<\/p>\n<p>1, 6 \u2013 B \u2013 bia\u0142y<br \/>\n2, 7 \u2013 \u017b \u2013 \u017c\u00f3\u0142ty<br \/>\n3, 8 \u2013 C \u2013 czerwony<br \/>\n4, 9 \u2013 Z \u2013 zielony<br \/>\n5, 0 \u2013 N \u2013 niebieski<\/p>\n","protected":false},"excerpt":{"rendered":"<p>Ca\u0142y blister opalitek od numeru 1 do 99, produkcja czeska. Kolory znakowania matek wg. ostatniej cyfry roku: 1, 6 \u2013 B \u2013 bia\u0142y 2, 7 \u2013 \u017b \u2013 \u017c\u00f3\u0142ty 3, 8 \u2013 C \u2013 czerwony 4, 9 \u2013 Z \u2013 zielony 5, 0 \u2013 N \u2013 niebieski<\/p>\n","protected":false},"featured_media":744,"template":"","meta":[],"product_brand":[],"product_cat":[39],"product_tag":[],"class_list":{"0":"post-741","1":"product","2":"type-product","3":"status-publish","4":"has-post-thumbnail","6":"product_cat-znakowanie-matek","8":"first","9":"instock","10":"taxable","11":"shipping-taxable","12":"purchasable","13":"product-type-variable"},"_links":{"self":[{"href":"https:\/\/www.beevista.pl\/index.php\/wp-json\/wp\/v2\/product\/741","targetHints":{"allow":["GET"]}}],"collection":[{"href":"https:\/\/www.beevista.pl\/index.php\/wp-json\/wp\/v2\/product"}],"about":[{"href":"https:\/\/www.beevista.pl\/index.php\/wp-json\/wp\/v2\/types\/product"}],"wp:featuredmedia":[{"embeddable":true,"href":"https:\/\/www.beevista.pl\/index.php\/wp-json\/wp\/v2\/media\/744"}],"wp:attachment":[{"href":"https:\/\/www.beevista.pl\/index.php\/wp-json\/wp\/v2\/media?parent=741"}],"wp:term":[{"taxonomy":"product_brand","embeddable":true,"href":"https:\/\/www.beevista.pl\/index.php\/wp-json\/wp\/v2\/product_brand?post=741"},{"taxonomy":"product_cat","embeddable":true,"href":"https:\/\/www.beevista.pl\/index.php\/wp-json\/wp\/v2\/product_cat?post=741"},{"taxonomy":"product_tag","embeddable":true,"href":"https:\/\/www.beevista.pl\/index.php\/wp-json\/wp\/v2\/product_tag?post=741"}],"curies":[{"name":"wp","href":"https:\/\/api.w.org\/{rel}","templated":true}]}}