{"id":738,"date":"2025-06-13T18:18:25","date_gmt":"2025-06-13T16:18:25","guid":{"rendered":"https:\/\/www.beevista.pl\/?post_type=product&#038;p=738"},"modified":"2025-12-10T09:35:27","modified_gmt":"2025-12-10T08:35:27","slug":"kapelusz-pszczelarski-kowbojski-przewiewny","status":"publish","type":"product","link":"https:\/\/www.beevista.pl\/index.php\/produkt\/kapelusz-pszczelarski-kowbojski-przewiewny\/","title":{"rendered":"Kapelusz pszczelarski kowbojski przewiewny"},"content":{"rendered":"<p>Kowbojski kapelusz pszczelarski dla ludzi chc\u0105cych prze\u0142ama\u0107 modow\u0105 nud\u0119 i rutyn\u0119 na pasiece.<\/p>\n<p>Wyposa\u017cony w siatk\u0119 zapobiegaj\u0105c\u0105 u\u017c\u0105dleniom przez pszczo\u0142y.<\/p>\n<p>Wykonany z przewiewnego materia\u0142y, zapewniaj\u0105cego komfort podczas pracy na pasiece.<\/p>\n<p>Na dole siatki znajduj\u0105 si\u0119 paski, kt\u00f3re mo\u017cna zapi\u0105\u0107 pod pachami, maj\u0105 na celu naci\u0105gni\u0119cie siatki w d\u00f3\u0142 i zapobieganie wchodzeniu pszczo\u0142om pod siatk\u0119.<\/p>\n","protected":false},"excerpt":{"rendered":"<p>Kowbojski kapelusz pszczelarski dla ludzi chc\u0105cych prze\u0142ama\u0107 modow\u0105 nud\u0119 i rutyn\u0119 na pasiece. Wyposa\u017cony w siatk\u0119 zapobiegaj\u0105c\u0105 u\u017c\u0105dleniom przez pszczo\u0142y. Wykonany z przewiewnego materia\u0142y, zapewniaj\u0105cego komfort podczas pracy na pasiece. Na dole siatki znajduj\u0105 si\u0119 paski, kt\u00f3re mo\u017cna zapi\u0105\u0107 pod pachami, maj\u0105 na celu naci\u0105gni\u0119cie siatki w d\u00f3\u0142 i zapobieganie wchodzeniu pszczo\u0142om pod siatk\u0119.<\/p>\n","protected":false},"featured_media":739,"template":"","meta":[],"product_brand":[],"product_cat":[51],"product_tag":[],"class_list":{"0":"post-738","1":"product","2":"type-product","3":"status-publish","4":"has-post-thumbnail","6":"product_cat-kapelusze","8":"first","9":"instock","10":"taxable","11":"shipping-taxable","12":"purchasable","13":"product-type-simple"},"_links":{"self":[{"href":"https:\/\/www.beevista.pl\/index.php\/wp-json\/wp\/v2\/product\/738","targetHints":{"allow":["GET"]}}],"collection":[{"href":"https:\/\/www.beevista.pl\/index.php\/wp-json\/wp\/v2\/product"}],"about":[{"href":"https:\/\/www.beevista.pl\/index.php\/wp-json\/wp\/v2\/types\/product"}],"wp:featuredmedia":[{"embeddable":true,"href":"https:\/\/www.beevista.pl\/index.php\/wp-json\/wp\/v2\/media\/739"}],"wp:attachment":[{"href":"https:\/\/www.beevista.pl\/index.php\/wp-json\/wp\/v2\/media?parent=738"}],"wp:term":[{"taxonomy":"product_brand","embeddable":true,"href":"https:\/\/www.beevista.pl\/index.php\/wp-json\/wp\/v2\/product_brand?post=738"},{"taxonomy":"product_cat","embeddable":true,"href":"https:\/\/www.beevista.pl\/index.php\/wp-json\/wp\/v2\/product_cat?post=738"},{"taxonomy":"product_tag","embeddable":true,"href":"https:\/\/www.beevista.pl\/index.php\/wp-json\/wp\/v2\/product_tag?post=738"}],"curies":[{"name":"wp","href":"https:\/\/api.w.org\/{rel}","templated":true}]}}