{"id":705,"date":"2025-06-12T22:22:59","date_gmt":"2025-06-12T20:22:59","guid":{"rendered":"https:\/\/www.beevista.pl\/?post_type=product&#038;p=705"},"modified":"2026-04-28T15:51:32","modified_gmt":"2026-04-28T13:51:32","slug":"fajka-do-lapania-matki-plastikowa","status":"publish","type":"product","link":"https:\/\/www.beevista.pl\/index.php\/produkt\/fajka-do-lapania-matki-plastikowa\/","title":{"rendered":"Fajka do \u0142apania matki plastikowa"},"content":{"rendered":"<p>Wykonana z plastiku fajka do \u0142apania matki pszczelej. Pozwala na bezpieczne z\u0142apanie i przeniesienie matki bez potrzeby dotykania jej palcami.<\/p>\n","protected":false},"excerpt":{"rendered":"<p>Wykonana z plastiku fajka do \u0142apania matki pszczelej. Pozwala na bezpieczne z\u0142apanie i przeniesienie matki bez potrzeby dotykania jej palcami.<\/p>\n","protected":false},"featured_media":706,"template":"","meta":[],"product_brand":[],"product_cat":[39],"product_tag":[],"class_list":{"0":"post-705","1":"product","2":"type-product","3":"status-publish","4":"has-post-thumbnail","6":"product_cat-znakowanie-matek","8":"first","9":"instock","10":"taxable","11":"shipping-taxable","12":"purchasable","13":"product-type-simple"},"_links":{"self":[{"href":"https:\/\/www.beevista.pl\/index.php\/wp-json\/wp\/v2\/product\/705","targetHints":{"allow":["GET"]}}],"collection":[{"href":"https:\/\/www.beevista.pl\/index.php\/wp-json\/wp\/v2\/product"}],"about":[{"href":"https:\/\/www.beevista.pl\/index.php\/wp-json\/wp\/v2\/types\/product"}],"wp:featuredmedia":[{"embeddable":true,"href":"https:\/\/www.beevista.pl\/index.php\/wp-json\/wp\/v2\/media\/706"}],"wp:attachment":[{"href":"https:\/\/www.beevista.pl\/index.php\/wp-json\/wp\/v2\/media?parent=705"}],"wp:term":[{"taxonomy":"product_brand","embeddable":true,"href":"https:\/\/www.beevista.pl\/index.php\/wp-json\/wp\/v2\/product_brand?post=705"},{"taxonomy":"product_cat","embeddable":true,"href":"https:\/\/www.beevista.pl\/index.php\/wp-json\/wp\/v2\/product_cat?post=705"},{"taxonomy":"product_tag","embeddable":true,"href":"https:\/\/www.beevista.pl\/index.php\/wp-json\/wp\/v2\/product_tag?post=705"}],"curies":[{"name":"wp","href":"https:\/\/api.w.org\/{rel}","templated":true}]}}