{"id":702,"date":"2025-06-12T21:26:52","date_gmt":"2025-06-12T19:26:52","guid":{"rendered":"https:\/\/www.beevista.pl\/?post_type=product&#038;p=702"},"modified":"2026-04-22T12:13:36","modified_gmt":"2026-04-22T10:13:36","slug":"krata-odgrodowa-plastikowa-gruba-wielkopolska","status":"publish","type":"product","link":"https:\/\/www.beevista.pl\/index.php\/produkt\/krata-odgrodowa-plastikowa-gruba-wielkopolska\/","title":{"rendered":"Krata odgrodowa plastikowa gruba &#8211; wielkopolska"},"content":{"rendered":"<p>Plastikowa krata odgrodowa do ula wielkopolskiego.<br \/>\nW odr\u00f3\u017cnieniu od kraty winidurowej jej kraw\u0119dzie s\u0105 g\u0142adkie i zaokr\u0105glone dzi\u0119ki czemu pszczo\u0142y si\u0119 nie rani\u0105 przechodz\u0105c przez ni\u0105.<\/p>\n<p>Grubo\u015b\u0107: 2.5 mm<br \/>\nWymiary: 42 x 42 cm<\/p>\n","protected":false},"excerpt":{"rendered":"<p>Plastikowa krata odgrodowa do ula wielkopolskiego. W odr\u00f3\u017cnieniu od kraty winidurowej jej kraw\u0119dzie s\u0105 g\u0142adkie i zaokr\u0105glone dzi\u0119ki czemu pszczo\u0142y si\u0119 nie rani\u0105 przechodz\u0105c przez ni\u0105. Grubo\u015b\u0107: 2.5 mm Wymiary: 42 x 42 cm<\/p>\n","protected":false},"featured_media":717,"template":"","meta":[],"product_brand":[],"product_cat":[46],"product_tag":[],"class_list":{"0":"post-702","1":"product","2":"type-product","3":"status-publish","4":"has-post-thumbnail","6":"product_cat-kraty","7":"product_shipping_class-brak-wysylki","9":"first","10":"instock","11":"taxable","12":"shipping-taxable","13":"purchasable","14":"product-type-simple"},"_links":{"self":[{"href":"https:\/\/www.beevista.pl\/index.php\/wp-json\/wp\/v2\/product\/702","targetHints":{"allow":["GET"]}}],"collection":[{"href":"https:\/\/www.beevista.pl\/index.php\/wp-json\/wp\/v2\/product"}],"about":[{"href":"https:\/\/www.beevista.pl\/index.php\/wp-json\/wp\/v2\/types\/product"}],"wp:featuredmedia":[{"embeddable":true,"href":"https:\/\/www.beevista.pl\/index.php\/wp-json\/wp\/v2\/media\/717"}],"wp:attachment":[{"href":"https:\/\/www.beevista.pl\/index.php\/wp-json\/wp\/v2\/media?parent=702"}],"wp:term":[{"taxonomy":"product_brand","embeddable":true,"href":"https:\/\/www.beevista.pl\/index.php\/wp-json\/wp\/v2\/product_brand?post=702"},{"taxonomy":"product_cat","embeddable":true,"href":"https:\/\/www.beevista.pl\/index.php\/wp-json\/wp\/v2\/product_cat?post=702"},{"taxonomy":"product_tag","embeddable":true,"href":"https:\/\/www.beevista.pl\/index.php\/wp-json\/wp\/v2\/product_tag?post=702"}],"curies":[{"name":"wp","href":"https:\/\/api.w.org\/{rel}","templated":true}]}}