{"id":700,"date":"2025-06-12T17:15:00","date_gmt":"2025-06-12T15:15:00","guid":{"rendered":"https:\/\/www.beevista.pl\/?post_type=product&#038;p=700"},"modified":"2025-12-10T09:35:01","modified_gmt":"2025-12-10T08:35:01","slug":"odstojnik-na-miod-plastikowy-33l-40kg-z-zaworem","status":"publish","type":"product","link":"https:\/\/www.beevista.pl\/index.php\/produkt\/odstojnik-na-miod-plastikowy-33l-40kg-z-zaworem\/","title":{"rendered":"Odstojnik na mi\u00f3d plastikowy 33l\/40kg z zaworem"},"content":{"rendered":"<p>Bia\u0142y pojemnik na mi\u00f3d z pokrywk\u0105 oraz zaworem wykonany z wysokiej jako\u015bci tworzywa sztucznego. Posiada atest dopuszczaj\u0105cy do kontaktu z \u017cywno\u015bci\u0105. Mo\u017ce pomie\u015bci\u0107 do 40 kg miodu.<\/p>\n<p>Wysoko\u015b\u0107 pojemnika 37 cm<br \/>\nG\u00f3rna \u015brednica  37 cm.<br \/>\nDolna \u015brednica  32 cm.<\/p>\n","protected":false},"excerpt":{"rendered":"<p>Bia\u0142y pojemnik na mi\u00f3d z pokrywk\u0105 oraz zaworem wykonany z wysokiej jako\u015bci tworzywa sztucznego. Posiada atest dopuszczaj\u0105cy do kontaktu z \u017cywno\u015bci\u0105. Mo\u017ce pomie\u015bci\u0107 do 40 kg miodu. Wysoko\u015b\u0107 pojemnika 37 cm G\u00f3rna \u015brednica 37 cm. Dolna \u015brednica 32 cm.<\/p>\n","protected":false},"featured_media":701,"template":"","meta":[],"product_brand":[],"product_cat":[37],"product_tag":[],"class_list":{"0":"post-700","1":"product","2":"type-product","3":"status-publish","4":"has-post-thumbnail","6":"product_cat-sprzet-pszczelarski","7":"product_shipping_class-brak-wysylki","9":"first","10":"outofstock","11":"taxable","12":"shipping-taxable","13":"purchasable","14":"product-type-simple"},"_links":{"self":[{"href":"https:\/\/www.beevista.pl\/index.php\/wp-json\/wp\/v2\/product\/700","targetHints":{"allow":["GET"]}}],"collection":[{"href":"https:\/\/www.beevista.pl\/index.php\/wp-json\/wp\/v2\/product"}],"about":[{"href":"https:\/\/www.beevista.pl\/index.php\/wp-json\/wp\/v2\/types\/product"}],"wp:featuredmedia":[{"embeddable":true,"href":"https:\/\/www.beevista.pl\/index.php\/wp-json\/wp\/v2\/media\/701"}],"wp:attachment":[{"href":"https:\/\/www.beevista.pl\/index.php\/wp-json\/wp\/v2\/media?parent=700"}],"wp:term":[{"taxonomy":"product_brand","embeddable":true,"href":"https:\/\/www.beevista.pl\/index.php\/wp-json\/wp\/v2\/product_brand?post=700"},{"taxonomy":"product_cat","embeddable":true,"href":"https:\/\/www.beevista.pl\/index.php\/wp-json\/wp\/v2\/product_cat?post=700"},{"taxonomy":"product_tag","embeddable":true,"href":"https:\/\/www.beevista.pl\/index.php\/wp-json\/wp\/v2\/product_tag?post=700"}],"curies":[{"name":"wp","href":"https:\/\/api.w.org\/{rel}","templated":true}]}}