{"id":698,"date":"2025-06-12T17:06:45","date_gmt":"2025-06-12T15:06:45","guid":{"rendered":"https:\/\/www.beevista.pl\/?post_type=product&#038;p=698"},"modified":"2025-12-10T09:35:21","modified_gmt":"2025-12-10T08:35:21","slug":"zawor-klapowy-do-odstojnika-48mm-pomaranczowy","status":"publish","type":"product","link":"https:\/\/www.beevista.pl\/index.php\/produkt\/zawor-klapowy-do-odstojnika-48mm-pomaranczowy\/","title":{"rendered":"Zaw\u00f3r klapowy do odstojnika 48mm pomara\u0144czowy"},"content":{"rendered":"<p>Plastikowy zaw\u00f3r klapowy  do odstojnika wykonany z solidnego, atestowanego tworzywa.<\/p>\n<p>Zestaw uszczelek w komplecie.<\/p>\n<p>Wymagana \u015brednica otworu w odstojniku: 48 mm<\/p>\n","protected":false},"excerpt":{"rendered":"<p>Plastikowy zaw\u00f3r klapowy do odstojnika wykonany z solidnego, atestowanego tworzywa. Zestaw uszczelek w komplecie. Wymagana \u015brednica otworu w odstojniku: 48 mm<\/p>\n","protected":false},"featured_media":699,"template":"","meta":[],"product_brand":[],"product_cat":[37],"product_tag":[],"class_list":{"0":"post-698","1":"product","2":"type-product","3":"status-publish","4":"has-post-thumbnail","6":"product_cat-sprzet-pszczelarski","8":"first","9":"instock","10":"taxable","11":"shipping-taxable","12":"purchasable","13":"product-type-simple"},"_links":{"self":[{"href":"https:\/\/www.beevista.pl\/index.php\/wp-json\/wp\/v2\/product\/698","targetHints":{"allow":["GET"]}}],"collection":[{"href":"https:\/\/www.beevista.pl\/index.php\/wp-json\/wp\/v2\/product"}],"about":[{"href":"https:\/\/www.beevista.pl\/index.php\/wp-json\/wp\/v2\/types\/product"}],"wp:featuredmedia":[{"embeddable":true,"href":"https:\/\/www.beevista.pl\/index.php\/wp-json\/wp\/v2\/media\/699"}],"wp:attachment":[{"href":"https:\/\/www.beevista.pl\/index.php\/wp-json\/wp\/v2\/media?parent=698"}],"wp:term":[{"taxonomy":"product_brand","embeddable":true,"href":"https:\/\/www.beevista.pl\/index.php\/wp-json\/wp\/v2\/product_brand?post=698"},{"taxonomy":"product_cat","embeddable":true,"href":"https:\/\/www.beevista.pl\/index.php\/wp-json\/wp\/v2\/product_cat?post=698"},{"taxonomy":"product_tag","embeddable":true,"href":"https:\/\/www.beevista.pl\/index.php\/wp-json\/wp\/v2\/product_tag?post=698"}],"curies":[{"name":"wp","href":"https:\/\/api.w.org\/{rel}","templated":true}]}}