{"id":670,"date":"2025-06-12T15:58:57","date_gmt":"2025-06-12T13:58:57","guid":{"rendered":"https:\/\/www.beevista.pl\/?post_type=product&#038;p=670"},"modified":"2025-12-10T09:34:51","modified_gmt":"2025-12-10T08:34:51","slug":"lyzeczka-do-przekladania-larw-plastikowa-czarna","status":"publish","type":"product","link":"https:\/\/www.beevista.pl\/index.php\/produkt\/lyzeczka-do-przekladania-larw-plastikowa-czarna\/","title":{"rendered":"\u0141y\u017ceczka do przek\u0142adania larw plastikowa czarna"},"content":{"rendered":"<p data-start=\"273\" data-end=\"491\">Profesjonalna <strong data-start=\"287\" data-end=\"333\">\u0142y\u017ceczka pszczelarska do przek\u0142adania larw<\/strong> wykonana z lekkiego tworzywa sztucznego. Niezast\u0105piona w hodowli matek pszczelich \ud83d\udc51. Umo\u017cliwia delikatne i precyzyjne przenoszenie larw bez ich uszkodzenia.<\/p>\n<p data-start=\"493\" data-end=\"713\">\u2705 <strong data-start=\"495\" data-end=\"514\">Zgi\u0119ta ko\u0144c\u00f3wka<\/strong> \u2013 u\u0142atwia dost\u0119p do kom\u00f3rek plastra<br data-start=\"550\" data-end=\"553\" \/>\u2705 <strong data-start=\"555\" data-end=\"574\">Lekka i wygodna<\/strong> \u2013 idealna dla precyzyjnych ruch\u00f3w<br data-start=\"608\" data-end=\"611\" \/>\u2705 <strong data-start=\"613\" data-end=\"632\">Trwa\u0142e tworzywo<\/strong> \u2013 \u0142atwa w utrzymaniu czysto\u015bci<br data-start=\"663\" data-end=\"666\" \/>\u2705 <strong data-start=\"668\" data-end=\"713\">Doskona\u0142a dla pocz\u0105tkuj\u0105cych i zawodowc\u00f3w<\/strong><\/p>\n","protected":false},"excerpt":{"rendered":"<p>Profesjonalna \u0142y\u017ceczka pszczelarska do przek\u0142adania larw wykonana z lekkiego tworzywa sztucznego. Niezast\u0105piona w hodowli matek pszczelich \ud83d\udc51. Umo\u017cliwia delikatne i precyzyjne przenoszenie larw bez ich uszkodzenia. \u2705 Zgi\u0119ta ko\u0144c\u00f3wka \u2013 u\u0142atwia dost\u0119p do kom\u00f3rek plastra\u2705 Lekka i wygodna \u2013 idealna dla precyzyjnych ruch\u00f3w\u2705 Trwa\u0142e tworzywo \u2013 \u0142atwa w utrzymaniu czysto\u015bci\u2705 Doskona\u0142a dla pocz\u0105tkuj\u0105cych i zawodowc\u00f3w<\/p>\n","protected":false},"featured_media":671,"template":"","meta":[],"product_brand":[],"product_cat":[38],"product_tag":[],"class_list":{"0":"post-670","1":"product","2":"type-product","3":"status-publish","4":"has-post-thumbnail","6":"product_cat-hodowla-matek","8":"first","9":"instock","10":"taxable","11":"shipping-taxable","12":"purchasable","13":"product-type-simple"},"_links":{"self":[{"href":"https:\/\/www.beevista.pl\/index.php\/wp-json\/wp\/v2\/product\/670","targetHints":{"allow":["GET"]}}],"collection":[{"href":"https:\/\/www.beevista.pl\/index.php\/wp-json\/wp\/v2\/product"}],"about":[{"href":"https:\/\/www.beevista.pl\/index.php\/wp-json\/wp\/v2\/types\/product"}],"wp:featuredmedia":[{"embeddable":true,"href":"https:\/\/www.beevista.pl\/index.php\/wp-json\/wp\/v2\/media\/671"}],"wp:attachment":[{"href":"https:\/\/www.beevista.pl\/index.php\/wp-json\/wp\/v2\/media?parent=670"}],"wp:term":[{"taxonomy":"product_brand","embeddable":true,"href":"https:\/\/www.beevista.pl\/index.php\/wp-json\/wp\/v2\/product_brand?post=670"},{"taxonomy":"product_cat","embeddable":true,"href":"https:\/\/www.beevista.pl\/index.php\/wp-json\/wp\/v2\/product_cat?post=670"},{"taxonomy":"product_tag","embeddable":true,"href":"https:\/\/www.beevista.pl\/index.php\/wp-json\/wp\/v2\/product_tag?post=670"}],"curies":[{"name":"wp","href":"https:\/\/api.w.org\/{rel}","templated":true}]}}