{"id":658,"date":"2025-06-12T14:28:18","date_gmt":"2025-06-12T12:28:18","guid":{"rendered":"https:\/\/www.beevista.pl\/?post_type=product&#038;p=658"},"modified":"2025-12-10T09:34:12","modified_gmt":"2025-12-10T08:34:12","slug":"dozownik-do-kwasu-mrowkowego-i-octowego-duzy-z-regulacja","status":"publish","type":"product","link":"https:\/\/www.beevista.pl\/index.php\/produkt\/dozownik-do-kwasu-mrowkowego-i-octowego-duzy-z-regulacja\/","title":{"rendered":"Dozownik do kwasu mr\u00f3wkowego i octowego du\u017cy z regulacj\u0105"},"content":{"rendered":"<p data-start=\"262\" data-end=\"529\">Profesjonalny <strong data-start=\"276\" data-end=\"319\">dozownik do kwasu mr\u00f3wkowego i octowego<\/strong> z precyzyjn\u0105 <strong data-start=\"333\" data-end=\"356\">regulacj\u0105 parowania<\/strong>. Wyposa\u017cony w obrotow\u0105 pokrywk\u0119 z trzema trybami ustawie\u0144, umo\u017cliwia kontrol\u0119 intensywno\u015bci odparowywania w zale\u017cno\u015bci od warunk\u00f3w pogodowych i wielko\u015bci rodziny pszczelej. Dozownik \u015brednic\u0105 jest dopasowany do standardowego pier\u015bcienia tzw. sitopaj\u0105ka gdzie szczelnie pasuje po wyj\u0119ciu sitka.<\/p>\n<p data-start=\"531\" data-end=\"791\">\u2705 <strong data-start=\"533\" data-end=\"560\">Trzystopniowa regulacja<\/strong> \u2013 \u0142atwe dostosowanie ilo\u015bci paruj\u0105cego kwasu<br data-start=\"605\" data-end=\"608\" \/>\u2705 <strong data-start=\"610\" data-end=\"633\">Bezpieczny materia\u0142<\/strong> \u2013 odporny na dzia\u0142anie substancji chemicznych<br data-start=\"679\" data-end=\"682\" \/>\u2705 <strong data-start=\"684\" data-end=\"707\">Szybki monta\u017c w ulu<\/strong> \u2013 kompaktowy i \u0142atwy w obs\u0142udze<br data-start=\"739\" data-end=\"742\" \/>\u2705 <strong data-start=\"744\" data-end=\"768\">Wielorazowego u\u017cytku<\/strong> \u2013 oszcz\u0119dno\u015b\u0107 i wygoda<\/p>\n<p data-start=\"798\" data-end=\"817\"><strong data-start=\"798\" data-end=\"815\">Zastosowanie:<\/strong><\/p>\n<ul data-start=\"818\" data-end=\"995\">\n<li data-start=\"818\" data-end=\"878\">\n<p data-start=\"820\" data-end=\"878\">do odparowywania <strong data-start=\"837\" data-end=\"857\">kwasu mr\u00f3wkowego<\/strong> w leczeniu warrozy<\/p>\n<\/li>\n<li data-start=\"879\" data-end=\"938\">\n<p data-start=\"881\" data-end=\"938\">do stosowania <strong data-start=\"895\" data-end=\"913\">kwasu octowego<\/strong> w dezynfekcji plastr\u00f3w<\/p>\n<\/li>\n<li data-start=\"939\" data-end=\"995\">\n<p data-start=\"941\" data-end=\"995\">mo\u017cliwo\u015b\u0107 precyzyjnego dostosowania do potrzeb pasieki<\/p>\n<\/li>\n<\/ul>\n","protected":false},"excerpt":{"rendered":"<p>Profesjonalny dozownik do kwasu mr\u00f3wkowego i octowego z precyzyjn\u0105 regulacj\u0105 parowania. Wyposa\u017cony w obrotow\u0105 pokrywk\u0119 z trzema trybami ustawie\u0144, umo\u017cliwia kontrol\u0119 intensywno\u015bci odparowywania w zale\u017cno\u015bci od warunk\u00f3w pogodowych i wielko\u015bci rodziny pszczelej. Dozownik \u015brednic\u0105 jest dopasowany do standardowego pier\u015bcienia tzw. sitopaj\u0105ka gdzie szczelnie pasuje po wyj\u0119ciu sitka. \u2705 Trzystopniowa regulacja \u2013 \u0142atwe dostosowanie ilo\u015bci paruj\u0105cego [&hellip;]<\/p>\n","protected":false},"featured_media":659,"template":"","meta":[],"product_brand":[43],"product_cat":[37],"product_tag":[],"class_list":{"0":"post-658","1":"product","2":"type-product","3":"status-publish","4":"has-post-thumbnail","6":"product_brand-lyson","7":"product_cat-sprzet-pszczelarski","9":"first","10":"outofstock","11":"taxable","12":"shipping-taxable","13":"purchasable","14":"product-type-simple"},"_links":{"self":[{"href":"https:\/\/www.beevista.pl\/index.php\/wp-json\/wp\/v2\/product\/658","targetHints":{"allow":["GET"]}}],"collection":[{"href":"https:\/\/www.beevista.pl\/index.php\/wp-json\/wp\/v2\/product"}],"about":[{"href":"https:\/\/www.beevista.pl\/index.php\/wp-json\/wp\/v2\/types\/product"}],"wp:featuredmedia":[{"embeddable":true,"href":"https:\/\/www.beevista.pl\/index.php\/wp-json\/wp\/v2\/media\/659"}],"wp:attachment":[{"href":"https:\/\/www.beevista.pl\/index.php\/wp-json\/wp\/v2\/media?parent=658"}],"wp:term":[{"taxonomy":"product_brand","embeddable":true,"href":"https:\/\/www.beevista.pl\/index.php\/wp-json\/wp\/v2\/product_brand?post=658"},{"taxonomy":"product_cat","embeddable":true,"href":"https:\/\/www.beevista.pl\/index.php\/wp-json\/wp\/v2\/product_cat?post=658"},{"taxonomy":"product_tag","embeddable":true,"href":"https:\/\/www.beevista.pl\/index.php\/wp-json\/wp\/v2\/product_tag?post=658"}],"curies":[{"name":"wp","href":"https:\/\/api.w.org\/{rel}","templated":true}]}}