{"id":653,"date":"2025-06-12T14:20:55","date_gmt":"2025-06-12T12:20:55","guid":{"rendered":"https:\/\/www.beevista.pl\/?post_type=product&#038;p=653"},"modified":"2026-04-20T16:11:15","modified_gmt":"2026-04-20T14:11:15","slug":"kolpak-sitko-do-znakowania-matki-pszczelej","status":"publish","type":"product","link":"https:\/\/www.beevista.pl\/index.php\/produkt\/kolpak-sitko-do-znakowania-matki-pszczelej\/","title":{"rendered":"Ko\u0142pak sitko do znakowania matki pszczelej"},"content":{"rendered":"<p data-start=\"215\" data-end=\"487\">Niezb\u0119dne narz\u0119dzie w ka\u017cdej pasiece \u2013 <strong data-start=\"254\" data-end=\"306\">ko\u0142pak plastikowy do znakowania matek pszczelich<\/strong>. Umo\u017cliwia szybkie i bezpieczne unieruchomienie matki bez ryzyka uszkodzenia. Wyposa\u017cony w delikatn\u0105 kratk\u0119, kt\u00f3ra pozwala na \u0142atwe na\u0142o\u017cenie znacznika lub opalitka na tu\u0142\u00f3w matki.<\/p>\n<p data-start=\"489\" data-end=\"755\">\u2705 <strong data-start=\"491\" data-end=\"521\">Bezpieczne unieruchomienie<\/strong> \u2013 kratka chroni matk\u0119, umo\u017cliwiaj\u0105c znakowanie<br data-start=\"568\" data-end=\"571\" \/>\u2705 <strong data-start=\"573\" data-end=\"594\">Lekka konstrukcja<\/strong> \u2013 wykonany z trwa\u0142ego tworzywa<br data-start=\"625\" data-end=\"628\" \/>\u2705 <strong data-start=\"630\" data-end=\"648\">Stabilne n\u00f3\u017cki<\/strong> \u2013 \u0142atwe ustawienie na plastrze z czerwiem<br data-start=\"690\" data-end=\"693\" \/>\u2705 <strong data-start=\"695\" data-end=\"714\">Prosty w u\u017cyciu<\/strong> \u2013 idealny dla pocz\u0105tkuj\u0105cych pszczelarzy<\/p>\n<p data-start=\"762\" data-end=\"951\"><strong data-start=\"762\" data-end=\"780\">Spos\u00f3b u\u017cycia:<\/strong><br data-start=\"780\" data-end=\"783\" \/>Umie\u015b\u0107 ko\u0142pak kratk\u0105 w d\u00f3\u0142 na matce znajduj\u0105cej si\u0119 na plastrze. Doci\u015bnij delikatnie, tak aby matka nie mog\u0142a si\u0119 poruszy\u0107. Kratka umo\u017cliwia wygodne znakowanie matki pszczelej.<\/p>\n","protected":false},"excerpt":{"rendered":"<p>Niezb\u0119dne narz\u0119dzie w ka\u017cdej pasiece \u2013 ko\u0142pak plastikowy do znakowania matek pszczelich. Umo\u017cliwia szybkie i bezpieczne unieruchomienie matki bez ryzyka uszkodzenia. Wyposa\u017cony w delikatn\u0105 kratk\u0119, kt\u00f3ra pozwala na \u0142atwe na\u0142o\u017cenie znacznika lub opalitka na tu\u0142\u00f3w matki. \u2705 Bezpieczne unieruchomienie \u2013 kratka chroni matk\u0119, umo\u017cliwiaj\u0105c znakowanie\u2705 Lekka konstrukcja \u2013 wykonany z trwa\u0142ego tworzywa\u2705 Stabilne n\u00f3\u017cki \u2013 [&hellip;]<\/p>\n","protected":false},"featured_media":654,"template":"","meta":[],"product_brand":[],"product_cat":[39],"product_tag":[],"class_list":{"0":"post-653","1":"product","2":"type-product","3":"status-publish","4":"has-post-thumbnail","6":"product_cat-znakowanie-matek","8":"first","9":"instock","10":"taxable","11":"shipping-taxable","12":"purchasable","13":"product-type-simple"},"_links":{"self":[{"href":"https:\/\/www.beevista.pl\/index.php\/wp-json\/wp\/v2\/product\/653","targetHints":{"allow":["GET"]}}],"collection":[{"href":"https:\/\/www.beevista.pl\/index.php\/wp-json\/wp\/v2\/product"}],"about":[{"href":"https:\/\/www.beevista.pl\/index.php\/wp-json\/wp\/v2\/types\/product"}],"wp:featuredmedia":[{"embeddable":true,"href":"https:\/\/www.beevista.pl\/index.php\/wp-json\/wp\/v2\/media\/654"}],"wp:attachment":[{"href":"https:\/\/www.beevista.pl\/index.php\/wp-json\/wp\/v2\/media?parent=653"}],"wp:term":[{"taxonomy":"product_brand","embeddable":true,"href":"https:\/\/www.beevista.pl\/index.php\/wp-json\/wp\/v2\/product_brand?post=653"},{"taxonomy":"product_cat","embeddable":true,"href":"https:\/\/www.beevista.pl\/index.php\/wp-json\/wp\/v2\/product_cat?post=653"},{"taxonomy":"product_tag","embeddable":true,"href":"https:\/\/www.beevista.pl\/index.php\/wp-json\/wp\/v2\/product_tag?post=653"}],"curies":[{"name":"wp","href":"https:\/\/api.w.org\/{rel}","templated":true}]}}