{"id":651,"date":"2025-06-12T14:19:15","date_gmt":"2025-06-12T12:19:15","guid":{"rendered":"https:\/\/www.beevista.pl\/?post_type=product&#038;p=651"},"modified":"2026-04-20T16:11:15","modified_gmt":"2026-04-20T14:11:15","slug":"kolpak-sitko-do-znakowania-matki-z-raczka","status":"publish","type":"product","link":"https:\/\/www.beevista.pl\/index.php\/produkt\/kolpak-sitko-do-znakowania-matki-z-raczka\/","title":{"rendered":"Ko\u0142pak, sitko do znakowania matki z r\u0105czk\u0105"},"content":{"rendered":"<p data-start=\"250\" data-end=\"517\">Lekki i wygodny <strong data-start=\"266\" data-end=\"307\">ko\u0142pak do znakowania matek pszczelich<\/strong> z ergonomiczn\u0105 r\u0105czk\u0105. Dzi\u0119ki przezroczystej kratce umo\u017cliwia bezpieczne unieruchomienie matki i jej \u0142atwe oznakowanie bez ryzyka uszkodzenia. Praktyczny kszta\u0142t u\u0142atwia prac\u0119 nawet pocz\u0105tkuj\u0105cym pszczelarzom.<\/p>\n<p data-start=\"519\" data-end=\"733\">\u2705 <strong data-start=\"521\" data-end=\"537\">D\u0142uga r\u0105czka<\/strong> \u2013 wygodna obs\u0142uga jedn\u0105 r\u0119k\u0105<br data-start=\"566\" data-end=\"569\" \/>\u2705 <strong data-start=\"571\" data-end=\"592\">Plastikowa kratka<\/strong> \u2013 umo\u017cliwia dok\u0142adne znakowanie tu\u0142owia<br data-start=\"632\" data-end=\"635\" \/>\u2705 <strong data-start=\"637\" data-end=\"685\">Bezpieczne i delikatne unieruchomienie matki<\/strong><br data-start=\"685\" data-end=\"688\" \/>\u2705 <strong data-start=\"690\" data-end=\"733\">\u0141atwy w czyszczeniu, lekki i wytrzyma\u0142y<\/strong><\/p>\n<p data-start=\"740\" data-end=\"946\"><strong data-start=\"740\" data-end=\"758\">Spos\u00f3b u\u017cycia:<\/strong><br data-start=\"758\" data-end=\"761\" \/>Umie\u015b\u0107 ko\u0142pak kratk\u0105 w d\u00f3\u0142 na matce znajduj\u0105cej si\u0119 na plastrze. Przytrzymaj delikatnie, tak aby matka nie mog\u0142a si\u0119 poruszy\u0107. Kratka umo\u017cliwia wygodne przyklejenie opalitka lub oznakowanie markerem.<\/p>\n","protected":false},"excerpt":{"rendered":"<p>Lekki i wygodny ko\u0142pak do znakowania matek pszczelich z ergonomiczn\u0105 r\u0105czk\u0105. Dzi\u0119ki przezroczystej kratce umo\u017cliwia bezpieczne unieruchomienie matki i jej \u0142atwe oznakowanie bez ryzyka uszkodzenia. Praktyczny kszta\u0142t u\u0142atwia prac\u0119 nawet pocz\u0105tkuj\u0105cym pszczelarzom. \u2705 D\u0142uga r\u0105czka \u2013 wygodna obs\u0142uga jedn\u0105 r\u0119k\u0105\u2705 Plastikowa kratka \u2013 umo\u017cliwia dok\u0142adne znakowanie tu\u0142owia\u2705 Bezpieczne i delikatne unieruchomienie matki\u2705 \u0141atwy w czyszczeniu, [&hellip;]<\/p>\n","protected":false},"featured_media":652,"template":"","meta":[],"product_brand":[],"product_cat":[39],"product_tag":[],"class_list":{"0":"post-651","1":"product","2":"type-product","3":"status-publish","4":"has-post-thumbnail","6":"product_cat-znakowanie-matek","8":"first","9":"instock","10":"taxable","11":"shipping-taxable","12":"purchasable","13":"product-type-simple"},"_links":{"self":[{"href":"https:\/\/www.beevista.pl\/index.php\/wp-json\/wp\/v2\/product\/651","targetHints":{"allow":["GET"]}}],"collection":[{"href":"https:\/\/www.beevista.pl\/index.php\/wp-json\/wp\/v2\/product"}],"about":[{"href":"https:\/\/www.beevista.pl\/index.php\/wp-json\/wp\/v2\/types\/product"}],"wp:featuredmedia":[{"embeddable":true,"href":"https:\/\/www.beevista.pl\/index.php\/wp-json\/wp\/v2\/media\/652"}],"wp:attachment":[{"href":"https:\/\/www.beevista.pl\/index.php\/wp-json\/wp\/v2\/media?parent=651"}],"wp:term":[{"taxonomy":"product_brand","embeddable":true,"href":"https:\/\/www.beevista.pl\/index.php\/wp-json\/wp\/v2\/product_brand?post=651"},{"taxonomy":"product_cat","embeddable":true,"href":"https:\/\/www.beevista.pl\/index.php\/wp-json\/wp\/v2\/product_cat?post=651"},{"taxonomy":"product_tag","embeddable":true,"href":"https:\/\/www.beevista.pl\/index.php\/wp-json\/wp\/v2\/product_tag?post=651"}],"curies":[{"name":"wp","href":"https:\/\/api.w.org\/{rel}","templated":true}]}}