{"id":649,"date":"2025-06-11T13:08:55","date_gmt":"2025-06-11T11:08:55","guid":{"rendered":"https:\/\/www.beevista.pl\/?post_type=product&#038;p=649"},"modified":"2026-04-29T16:49:25","modified_gmt":"2026-04-29T14:49:25","slug":"kolko-do-ulika-plastikowe-male","status":"publish","type":"product","link":"https:\/\/www.beevista.pl\/index.php\/produkt\/kolko-do-ulika-plastikowe-male\/","title":{"rendered":"K\u00f3\u0142ko do ulika plastikowe ma\u0142e"},"content":{"rendered":"<p>Plastikowe k\u00f3\u0142ko do ulik\u00f3w weselnych oraz odk\u0142ad\u00f3wek.<\/p>\n<p>Posiada trzy tryby:<\/p>\n<ul>\n<li>ul zamkni\u0119ty tylko wentylacja<\/li>\n<li>ul otwarty dla matki<\/li>\n<li>ul otwarty tylko dla pszcz\u00f3\u0142<\/li>\n<\/ul>\n","protected":false},"excerpt":{"rendered":"<p>Plastikowe k\u00f3\u0142ko do ulik\u00f3w weselnych oraz odk\u0142ad\u00f3wek. Posiada trzy tryby: ul zamkni\u0119ty tylko wentylacja ul otwarty dla matki ul otwarty tylko dla pszcz\u00f3\u0142<\/p>\n","protected":false},"featured_media":650,"template":"","meta":[],"product_brand":[],"product_cat":[41],"product_tag":[],"class_list":{"0":"post-649","1":"product","2":"type-product","3":"status-publish","4":"has-post-thumbnail","6":"product_cat-inne","8":"first","9":"instock","10":"taxable","11":"shipping-taxable","12":"purchasable","13":"product-type-simple"},"_links":{"self":[{"href":"https:\/\/www.beevista.pl\/index.php\/wp-json\/wp\/v2\/product\/649","targetHints":{"allow":["GET"]}}],"collection":[{"href":"https:\/\/www.beevista.pl\/index.php\/wp-json\/wp\/v2\/product"}],"about":[{"href":"https:\/\/www.beevista.pl\/index.php\/wp-json\/wp\/v2\/types\/product"}],"wp:featuredmedia":[{"embeddable":true,"href":"https:\/\/www.beevista.pl\/index.php\/wp-json\/wp\/v2\/media\/650"}],"wp:attachment":[{"href":"https:\/\/www.beevista.pl\/index.php\/wp-json\/wp\/v2\/media?parent=649"}],"wp:term":[{"taxonomy":"product_brand","embeddable":true,"href":"https:\/\/www.beevista.pl\/index.php\/wp-json\/wp\/v2\/product_brand?post=649"},{"taxonomy":"product_cat","embeddable":true,"href":"https:\/\/www.beevista.pl\/index.php\/wp-json\/wp\/v2\/product_cat?post=649"},{"taxonomy":"product_tag","embeddable":true,"href":"https:\/\/www.beevista.pl\/index.php\/wp-json\/wp\/v2\/product_tag?post=649"}],"curies":[{"name":"wp","href":"https:\/\/api.w.org\/{rel}","templated":true}]}}