{"id":645,"date":"2025-06-11T10:22:45","date_gmt":"2025-06-11T08:22:45","guid":{"rendered":"https:\/\/www.beevista.pl\/?post_type=product&#038;p=645"},"modified":"2025-12-10T09:33:54","modified_gmt":"2025-12-10T08:33:54","slug":"lyzeczka-do-przekladania-larw-metalowa-wygieta","status":"publish","type":"product","link":"https:\/\/www.beevista.pl\/index.php\/produkt\/lyzeczka-do-przekladania-larw-metalowa-wygieta\/","title":{"rendered":"\u0141y\u017ceczka do przek\u0142adania larw metalowa wygi\u0119ta"},"content":{"rendered":"<p>Metalowa \u0142y\u017ceczka wykonana ze stali nierdzewnej do przek\u0142adania larw dwustronna.<br \/>\nSpecjalnie perforowany uchwyt oraz wygi\u0119te ko\u0144c\u00f3wki r\u00f3\u017cnych rozmiar\u00f3w u\u0142atwiaj\u0105 przek\u0142adanie larw.<\/p>\n","protected":false},"excerpt":{"rendered":"<p>Metalowa \u0142y\u017ceczka wykonana ze stali nierdzewnej do przek\u0142adania larw dwustronna. Specjalnie perforowany uchwyt oraz wygi\u0119te ko\u0144c\u00f3wki r\u00f3\u017cnych rozmiar\u00f3w u\u0142atwiaj\u0105 przek\u0142adanie larw.<\/p>\n","protected":false},"featured_media":646,"template":"","meta":[],"product_brand":[],"product_cat":[38],"product_tag":[],"class_list":{"0":"post-645","1":"product","2":"type-product","3":"status-publish","4":"has-post-thumbnail","6":"product_cat-hodowla-matek","8":"first","9":"instock","10":"taxable","11":"shipping-taxable","12":"purchasable","13":"product-type-simple"},"_links":{"self":[{"href":"https:\/\/www.beevista.pl\/index.php\/wp-json\/wp\/v2\/product\/645","targetHints":{"allow":["GET"]}}],"collection":[{"href":"https:\/\/www.beevista.pl\/index.php\/wp-json\/wp\/v2\/product"}],"about":[{"href":"https:\/\/www.beevista.pl\/index.php\/wp-json\/wp\/v2\/types\/product"}],"wp:featuredmedia":[{"embeddable":true,"href":"https:\/\/www.beevista.pl\/index.php\/wp-json\/wp\/v2\/media\/646"}],"wp:attachment":[{"href":"https:\/\/www.beevista.pl\/index.php\/wp-json\/wp\/v2\/media?parent=645"}],"wp:term":[{"taxonomy":"product_brand","embeddable":true,"href":"https:\/\/www.beevista.pl\/index.php\/wp-json\/wp\/v2\/product_brand?post=645"},{"taxonomy":"product_cat","embeddable":true,"href":"https:\/\/www.beevista.pl\/index.php\/wp-json\/wp\/v2\/product_cat?post=645"},{"taxonomy":"product_tag","embeddable":true,"href":"https:\/\/www.beevista.pl\/index.php\/wp-json\/wp\/v2\/product_tag?post=645"}],"curies":[{"name":"wp","href":"https:\/\/api.w.org\/{rel}","templated":true}]}}