{"id":641,"date":"2025-06-11T10:19:52","date_gmt":"2025-06-11T08:19:52","guid":{"rendered":"https:\/\/www.beevista.pl\/?post_type=product&#038;p=641"},"modified":"2025-12-10T09:33:50","modified_gmt":"2025-12-10T08:33:50","slug":"lyzeczka-do-przekladania-larw-metalowa-niebieska","status":"publish","type":"product","link":"https:\/\/www.beevista.pl\/index.php\/produkt\/lyzeczka-do-przekladania-larw-metalowa-niebieska\/","title":{"rendered":"\u0141y\u017ceczka do przek\u0142adania larw metalowa niebieska"},"content":{"rendered":"<p>Metalowa \u0142y\u017ceczka do przek\u0142adania larw.<br \/>\nSpecjalnie perforowany uchwyt oraz wygi\u0119ta ko\u0144c\u00f3wka u\u0142atwiaj\u0105 u\u0142o\u017cenie larwy.<\/p>\n","protected":false},"excerpt":{"rendered":"<p>Metalowa \u0142y\u017ceczka do przek\u0142adania larw. Specjalnie perforowany uchwyt oraz wygi\u0119ta ko\u0144c\u00f3wka u\u0142atwiaj\u0105 u\u0142o\u017cenie larwy.<\/p>\n","protected":false},"featured_media":642,"template":"","meta":[],"product_brand":[],"product_cat":[38],"product_tag":[],"class_list":{"0":"post-641","1":"product","2":"type-product","3":"status-publish","4":"has-post-thumbnail","6":"product_cat-hodowla-matek","8":"first","9":"instock","10":"taxable","11":"shipping-taxable","12":"purchasable","13":"product-type-simple"},"_links":{"self":[{"href":"https:\/\/www.beevista.pl\/index.php\/wp-json\/wp\/v2\/product\/641","targetHints":{"allow":["GET"]}}],"collection":[{"href":"https:\/\/www.beevista.pl\/index.php\/wp-json\/wp\/v2\/product"}],"about":[{"href":"https:\/\/www.beevista.pl\/index.php\/wp-json\/wp\/v2\/types\/product"}],"wp:featuredmedia":[{"embeddable":true,"href":"https:\/\/www.beevista.pl\/index.php\/wp-json\/wp\/v2\/media\/642"}],"wp:attachment":[{"href":"https:\/\/www.beevista.pl\/index.php\/wp-json\/wp\/v2\/media?parent=641"}],"wp:term":[{"taxonomy":"product_brand","embeddable":true,"href":"https:\/\/www.beevista.pl\/index.php\/wp-json\/wp\/v2\/product_brand?post=641"},{"taxonomy":"product_cat","embeddable":true,"href":"https:\/\/www.beevista.pl\/index.php\/wp-json\/wp\/v2\/product_cat?post=641"},{"taxonomy":"product_tag","embeddable":true,"href":"https:\/\/www.beevista.pl\/index.php\/wp-json\/wp\/v2\/product_tag?post=641"}],"curies":[{"name":"wp","href":"https:\/\/api.w.org\/{rel}","templated":true}]}}