{"id":639,"date":"2025-06-11T10:17:57","date_gmt":"2025-06-11T08:17:57","guid":{"rendered":"https:\/\/www.beevista.pl\/?post_type=product&#038;p=639"},"modified":"2025-12-10T09:34:04","modified_gmt":"2025-12-10T08:34:04","slug":"tloczek-do-pobierania-pierzgi","status":"publish","type":"product","link":"https:\/\/www.beevista.pl\/index.php\/produkt\/tloczek-do-pobierania-pierzgi\/","title":{"rendered":"T\u0142oczek do pobierania pierzgi"},"content":{"rendered":"<p>T\u0142oczek wykonany ze stali nierdzewnej (SUS304) do pobierania pierzgi z plastr\u00f3w.<\/p>\n<p>\u015arednica: 5mm<br \/>\nD\u0142ugo\u015b\u0107: 10cm<\/p>\n","protected":false},"excerpt":{"rendered":"<p>T\u0142oczek wykonany ze stali nierdzewnej (SUS304) do pobierania pierzgi z plastr\u00f3w. \u015arednica: 5mm D\u0142ugo\u015b\u0107: 10cm<\/p>\n","protected":false},"featured_media":640,"template":"","meta":[],"product_brand":[],"product_cat":[37],"product_tag":[],"class_list":{"0":"post-639","1":"product","2":"type-product","3":"status-publish","4":"has-post-thumbnail","6":"product_cat-sprzet-pszczelarski","8":"first","9":"instock","10":"taxable","11":"shipping-taxable","12":"purchasable","13":"product-type-simple"},"_links":{"self":[{"href":"https:\/\/www.beevista.pl\/index.php\/wp-json\/wp\/v2\/product\/639","targetHints":{"allow":["GET"]}}],"collection":[{"href":"https:\/\/www.beevista.pl\/index.php\/wp-json\/wp\/v2\/product"}],"about":[{"href":"https:\/\/www.beevista.pl\/index.php\/wp-json\/wp\/v2\/types\/product"}],"wp:featuredmedia":[{"embeddable":true,"href":"https:\/\/www.beevista.pl\/index.php\/wp-json\/wp\/v2\/media\/640"}],"wp:attachment":[{"href":"https:\/\/www.beevista.pl\/index.php\/wp-json\/wp\/v2\/media?parent=639"}],"wp:term":[{"taxonomy":"product_brand","embeddable":true,"href":"https:\/\/www.beevista.pl\/index.php\/wp-json\/wp\/v2\/product_brand?post=639"},{"taxonomy":"product_cat","embeddable":true,"href":"https:\/\/www.beevista.pl\/index.php\/wp-json\/wp\/v2\/product_cat?post=639"},{"taxonomy":"product_tag","embeddable":true,"href":"https:\/\/www.beevista.pl\/index.php\/wp-json\/wp\/v2\/product_tag?post=639"}],"curies":[{"name":"wp","href":"https:\/\/api.w.org\/{rel}","templated":true}]}}