{"id":635,"date":"2025-06-11T10:02:21","date_gmt":"2025-06-11T08:02:21","guid":{"rendered":"https:\/\/www.beevista.pl\/?post_type=product&#038;p=635"},"modified":"2025-12-10T09:34:08","modified_gmt":"2025-12-10T08:34:08","slug":"zawor-klapowy-do-odstojnika-44mm-nierdzewny","status":"publish","type":"product","link":"https:\/\/www.beevista.pl\/index.php\/produkt\/zawor-klapowy-do-odstojnika-44mm-nierdzewny\/","title":{"rendered":"Zaw\u00f3r klapowy do odstojnika 44mm nierdzewny"},"content":{"rendered":"<p>Zaw\u00f3r 6\/4&#8221; wykonany ze stali nierdzewnej (SUS201) pasuj\u0105cy do miodarek oraz odstojnik\u00f3w.<\/p>\n<p>Wymagana \u015brednica otworu w odstojniku: 44 mm<\/p>\n","protected":false},"excerpt":{"rendered":"<p>Zaw\u00f3r 6\/4&#8221; wykonany ze stali nierdzewnej (SUS201) pasuj\u0105cy do miodarek oraz odstojnik\u00f3w. Wymagana \u015brednica otworu w odstojniku: 44 mm<\/p>\n","protected":false},"featured_media":636,"template":"","meta":[],"product_brand":[],"product_cat":[37],"product_tag":[],"class_list":{"0":"post-635","1":"product","2":"type-product","3":"status-publish","4":"has-post-thumbnail","6":"product_cat-sprzet-pszczelarski","8":"first","9":"instock","10":"taxable","11":"shipping-taxable","12":"purchasable","13":"product-type-simple"},"_links":{"self":[{"href":"https:\/\/www.beevista.pl\/index.php\/wp-json\/wp\/v2\/product\/635","targetHints":{"allow":["GET"]}}],"collection":[{"href":"https:\/\/www.beevista.pl\/index.php\/wp-json\/wp\/v2\/product"}],"about":[{"href":"https:\/\/www.beevista.pl\/index.php\/wp-json\/wp\/v2\/types\/product"}],"wp:featuredmedia":[{"embeddable":true,"href":"https:\/\/www.beevista.pl\/index.php\/wp-json\/wp\/v2\/media\/636"}],"wp:attachment":[{"href":"https:\/\/www.beevista.pl\/index.php\/wp-json\/wp\/v2\/media?parent=635"}],"wp:term":[{"taxonomy":"product_brand","embeddable":true,"href":"https:\/\/www.beevista.pl\/index.php\/wp-json\/wp\/v2\/product_brand?post=635"},{"taxonomy":"product_cat","embeddable":true,"href":"https:\/\/www.beevista.pl\/index.php\/wp-json\/wp\/v2\/product_cat?post=635"},{"taxonomy":"product_tag","embeddable":true,"href":"https:\/\/www.beevista.pl\/index.php\/wp-json\/wp\/v2\/product_tag?post=635"}],"curies":[{"name":"wp","href":"https:\/\/api.w.org\/{rel}","templated":true}]}}