{"id":633,"date":"2025-06-11T09:58:40","date_gmt":"2025-06-11T07:58:40","guid":{"rendered":"https:\/\/www.beevista.pl\/?post_type=product&#038;p=633"},"modified":"2026-04-23T18:30:56","modified_gmt":"2026-04-23T16:30:56","slug":"lyzeczka-do-przekladania-larw-typu-chinskiego-plastikow","status":"publish","type":"product","link":"https:\/\/www.beevista.pl\/index.php\/produkt\/lyzeczka-do-przekladania-larw-typu-chinskiego-plastikow\/","title":{"rendered":"\u0141y\u017ceczka do przek\u0142adania larw typu chi\u0144skiego \u2013 plastikow"},"content":{"rendered":"<p>\u0141y\u017ceczka chi\u0144ska do przek\u0142adania larw pszczelich, z j\u0119zyczkiem u\u0142atwiaj\u0105cym przenoszenie i mechanizmem spr\u0119\u017cynowym zsuwaj\u0105cym larw\u0119.<\/p>\n","protected":false},"excerpt":{"rendered":"<p>\u0141y\u017ceczka chi\u0144ska do przek\u0142adania larw pszczelich, z j\u0119zyczkiem u\u0142atwiaj\u0105cym przenoszenie i mechanizmem spr\u0119\u017cynowym zsuwaj\u0105cym larw\u0119.<\/p>\n","protected":false},"featured_media":634,"template":"","meta":[],"product_brand":[],"product_cat":[38],"product_tag":[],"class_list":{"0":"post-633","1":"product","2":"type-product","3":"status-publish","4":"has-post-thumbnail","6":"product_cat-hodowla-matek","8":"first","9":"instock","10":"taxable","11":"shipping-taxable","12":"purchasable","13":"product-type-simple"},"_links":{"self":[{"href":"https:\/\/www.beevista.pl\/index.php\/wp-json\/wp\/v2\/product\/633","targetHints":{"allow":["GET"]}}],"collection":[{"href":"https:\/\/www.beevista.pl\/index.php\/wp-json\/wp\/v2\/product"}],"about":[{"href":"https:\/\/www.beevista.pl\/index.php\/wp-json\/wp\/v2\/types\/product"}],"wp:featuredmedia":[{"embeddable":true,"href":"https:\/\/www.beevista.pl\/index.php\/wp-json\/wp\/v2\/media\/634"}],"wp:attachment":[{"href":"https:\/\/www.beevista.pl\/index.php\/wp-json\/wp\/v2\/media?parent=633"}],"wp:term":[{"taxonomy":"product_brand","embeddable":true,"href":"https:\/\/www.beevista.pl\/index.php\/wp-json\/wp\/v2\/product_brand?post=633"},{"taxonomy":"product_cat","embeddable":true,"href":"https:\/\/www.beevista.pl\/index.php\/wp-json\/wp\/v2\/product_cat?post=633"},{"taxonomy":"product_tag","embeddable":true,"href":"https:\/\/www.beevista.pl\/index.php\/wp-json\/wp\/v2\/product_tag?post=633"}],"curies":[{"name":"wp","href":"https:\/\/api.w.org\/{rel}","templated":true}]}}