{"id":631,"date":"2025-06-11T09:54:50","date_gmt":"2025-06-11T07:54:50","guid":{"rendered":"https:\/\/www.beevista.pl\/?post_type=product&#038;p=631"},"modified":"2026-03-23T22:02:35","modified_gmt":"2026-03-23T21:02:35","slug":"lyzeczka-do-przekladania-larw-typu-chinskiego-naturalna","status":"publish","type":"product","link":"https:\/\/www.beevista.pl\/index.php\/produkt\/lyzeczka-do-przekladania-larw-typu-chinskiego-naturalna\/","title":{"rendered":"\u0141y\u017ceczka do przek\u0142adania larw typu chi\u0144skiego \u2013 naturalna"},"content":{"rendered":"<p>\u0141y\u017ceczka chi\u0144ska do przek\u0142adania larw pszczelich, z j\u0119zyczkiem u\u0142atwiaj\u0105cym przenoszenie i mechanizmem spr\u0119\u017cynowym zsuwaj\u0105cym larw\u0119.<br \/>\nW tej wersji \u0142y\u017ceczki j\u0119zyczek jest wykonany z bambusowego drewienka, w odr\u00f3\u017cnieniu od ta\u0144szej wersji gdzie jest on plastikowy.<\/p>\n","protected":false},"excerpt":{"rendered":"<p>\u0141y\u017ceczka chi\u0144ska do przek\u0142adania larw pszczelich, z j\u0119zyczkiem u\u0142atwiaj\u0105cym przenoszenie i mechanizmem spr\u0119\u017cynowym zsuwaj\u0105cym larw\u0119. W tej wersji \u0142y\u017ceczki j\u0119zyczek jest wykonany z bambusowego drewienka, w odr\u00f3\u017cnieniu od ta\u0144szej wersji gdzie jest on plastikowy.<\/p>\n","protected":false},"featured_media":632,"template":"","meta":[],"product_brand":[],"product_cat":[38],"product_tag":[],"class_list":{"0":"post-631","1":"product","2":"type-product","3":"status-publish","4":"has-post-thumbnail","6":"product_cat-hodowla-matek","8":"first","9":"instock","10":"taxable","11":"shipping-taxable","12":"purchasable","13":"product-type-simple"},"_links":{"self":[{"href":"https:\/\/www.beevista.pl\/index.php\/wp-json\/wp\/v2\/product\/631","targetHints":{"allow":["GET"]}}],"collection":[{"href":"https:\/\/www.beevista.pl\/index.php\/wp-json\/wp\/v2\/product"}],"about":[{"href":"https:\/\/www.beevista.pl\/index.php\/wp-json\/wp\/v2\/types\/product"}],"wp:featuredmedia":[{"embeddable":true,"href":"https:\/\/www.beevista.pl\/index.php\/wp-json\/wp\/v2\/media\/632"}],"wp:attachment":[{"href":"https:\/\/www.beevista.pl\/index.php\/wp-json\/wp\/v2\/media?parent=631"}],"wp:term":[{"taxonomy":"product_brand","embeddable":true,"href":"https:\/\/www.beevista.pl\/index.php\/wp-json\/wp\/v2\/product_brand?post=631"},{"taxonomy":"product_cat","embeddable":true,"href":"https:\/\/www.beevista.pl\/index.php\/wp-json\/wp\/v2\/product_cat?post=631"},{"taxonomy":"product_tag","embeddable":true,"href":"https:\/\/www.beevista.pl\/index.php\/wp-json\/wp\/v2\/product_tag?post=631"}],"curies":[{"name":"wp","href":"https:\/\/api.w.org\/{rel}","templated":true}]}}