{"id":629,"date":"2025-06-11T09:52:45","date_gmt":"2025-06-11T07:52:45","guid":{"rendered":"https:\/\/www.beevista.pl\/?post_type=product&#038;p=629"},"modified":"2025-12-10T09:34:00","modified_gmt":"2025-12-10T08:34:00","slug":"lyzeczka-do-przekladania-larw-zestaw-2-szt","status":"publish","type":"product","link":"https:\/\/www.beevista.pl\/index.php\/produkt\/lyzeczka-do-przekladania-larw-zestaw-2-szt\/","title":{"rendered":"\u0141y\u017ceczka do przek\u0142adania larw, zestaw 2 szt."},"content":{"rendered":"<p>Zestaw dw\u00f3ch \u0142y\u017ceczek do przek\u0142adania larw w plastikowym pude\u0142ku.<\/p>\n<p>Wygodny karbowany uchwyt zapobiega \u015blizganiu si\u0119 \u0142y\u017ceczki w d\u0142oni.<\/p>\n","protected":false},"excerpt":{"rendered":"<p>Zestaw dw\u00f3ch \u0142y\u017ceczek do przek\u0142adania larw w plastikowym pude\u0142ku. Wygodny karbowany uchwyt zapobiega \u015blizganiu si\u0119 \u0142y\u017ceczki w d\u0142oni.<\/p>\n","protected":false},"featured_media":630,"template":"","meta":[],"product_brand":[],"product_cat":[38],"product_tag":[],"class_list":{"0":"post-629","1":"product","2":"type-product","3":"status-publish","4":"has-post-thumbnail","6":"product_cat-hodowla-matek","8":"first","9":"instock","10":"taxable","11":"shipping-taxable","12":"purchasable","13":"product-type-simple"},"_links":{"self":[{"href":"https:\/\/www.beevista.pl\/index.php\/wp-json\/wp\/v2\/product\/629","targetHints":{"allow":["GET"]}}],"collection":[{"href":"https:\/\/www.beevista.pl\/index.php\/wp-json\/wp\/v2\/product"}],"about":[{"href":"https:\/\/www.beevista.pl\/index.php\/wp-json\/wp\/v2\/types\/product"}],"wp:featuredmedia":[{"embeddable":true,"href":"https:\/\/www.beevista.pl\/index.php\/wp-json\/wp\/v2\/media\/630"}],"wp:attachment":[{"href":"https:\/\/www.beevista.pl\/index.php\/wp-json\/wp\/v2\/media?parent=629"}],"wp:term":[{"taxonomy":"product_brand","embeddable":true,"href":"https:\/\/www.beevista.pl\/index.php\/wp-json\/wp\/v2\/product_brand?post=629"},{"taxonomy":"product_cat","embeddable":true,"href":"https:\/\/www.beevista.pl\/index.php\/wp-json\/wp\/v2\/product_cat?post=629"},{"taxonomy":"product_tag","embeddable":true,"href":"https:\/\/www.beevista.pl\/index.php\/wp-json\/wp\/v2\/product_tag?post=629"}],"curies":[{"name":"wp","href":"https:\/\/api.w.org\/{rel}","templated":true}]}}