{"id":618,"date":"2025-06-11T09:35:32","date_gmt":"2025-06-11T07:35:32","guid":{"rendered":"https:\/\/www.beevista.pl\/?post_type=product&#038;p=618"},"modified":"2026-01-10T11:36:44","modified_gmt":"2026-01-10T10:36:44","slug":"chwytak-przyrzad-do-znakowania-matki","status":"publish","type":"product","link":"https:\/\/www.beevista.pl\/index.php\/produkt\/chwytak-przyrzad-do-znakowania-matki\/","title":{"rendered":"Chwytak, przyrz\u0105d do znakowania matki"},"content":{"rendered":"<p data-start=\"316\" data-end=\"648\">Profesjonalny <strong data-start=\"330\" data-end=\"372\">chwytak do znakowania matek pszczelich<\/strong>, kt\u00f3ry umo\u017cliwia \u0142atwe i bezpieczne unieruchomienie matki podczas znakowania. Wykonany z lekkiego, przezroczystego tworzywa, zapewnia doskona\u0142\u0105 widoczno\u015b\u0107 oraz pe\u0142n\u0105 kontrol\u0119 nad owadem. Dzi\u0119ki delikatnej g\u0105bce dociskowej jest bezpieczny nawet dla delikatnych, m\u0142odych matek.<\/p>\n<p data-start=\"650\" data-end=\"911\">\u2705 <strong data-start=\"652\" data-end=\"676\">Doskona\u0142a widoczno\u015b\u0107<\/strong> \u2013 przezroczysta obudowa u\u0142atwia prac\u0119<br data-start=\"714\" data-end=\"717\" \/>\u2705 <strong data-start=\"719\" data-end=\"735\">Mi\u0119kka g\u0105bka<\/strong> \u2013 bezpieczne unieruchomienie bez ryzyka uszkodzenia<br data-start=\"787\" data-end=\"790\" \/>\u2705 <strong data-start=\"792\" data-end=\"810\">Lekki i trwa\u0142y<\/strong> \u2013 niezawodny w terenie i pasiece<br data-start=\"843\" data-end=\"846\" \/>\u2705 <strong data-start=\"848\" data-end=\"878\">Idealny dla pocz\u0105tkuj\u0105cych<\/strong> \u2013 prosta obs\u0142uga i skuteczno\u015b\u0107<\/p>\n<p data-start=\"918\" data-end=\"945\"><strong data-start=\"918\" data-end=\"945\">Instrukcja u\u017cytkowania:<\/strong><\/p>\n<p data-start=\"947\" data-end=\"1066\">\ud83e\uddf0 Praktyczny przyrz\u0105d pozwala na bezpieczne z\u0142apanie i znakowanie matki pszczelej nawet niedo\u015bwiadczonym pszczelarzom.<\/p>\n<ol data-start=\"1068\" data-end=\"1509\">\n<li data-start=\"1068\" data-end=\"1134\">\n<p data-start=\"1071\" data-end=\"1134\">Po zlokalizowaniu matki na plastrze <strong data-start=\"1107\" data-end=\"1131\">nakryj j\u0105 chwytakiem<\/strong>.<\/p>\n<\/li>\n<li data-start=\"1135\" data-end=\"1224\">\n<p data-start=\"1138\" data-end=\"1224\">Gdy matka znajdzie si\u0119 w tulejce, <strong data-start=\"1172\" data-end=\"1191\">przesu\u0144 blokad\u0119<\/strong>, uniemo\u017cliwiaj\u0105c jej ucieczk\u0119.<\/p>\n<\/li>\n<li data-start=\"1225\" data-end=\"1396\">\n<p data-start=\"1228\" data-end=\"1396\">Aby oznakowa\u0107 matk\u0119, <strong data-start=\"1249\" data-end=\"1285\">delikatnie przesu\u0144 t\u0142ok ku g\u00f3rze<\/strong>, a\u017c tu\u0142\u00f3w matki znajdzie si\u0119 przy plastikowej siatce \u2013 umo\u017cliwi to wygodne naklejenie opalitka.<\/p>\n<\/li>\n<li data-start=\"1397\" data-end=\"1509\">\n<p data-start=\"1400\" data-end=\"1509\">Po zako\u0144czeniu znakowania <strong data-start=\"1426\" data-end=\"1458\">opu\u015b\u0107 t\u0142ok i otw\u00f3rz blokad\u0119<\/strong>, aby bezpiecznie wypu\u015bci\u0107 matk\u0119 z powrotem do ula.<\/p>\n<\/li>\n<\/ol>\n","protected":false},"excerpt":{"rendered":"<p>Profesjonalny chwytak do znakowania matek pszczelich, kt\u00f3ry umo\u017cliwia \u0142atwe i bezpieczne unieruchomienie matki podczas znakowania. Wykonany z lekkiego, przezroczystego tworzywa, zapewnia doskona\u0142\u0105 widoczno\u015b\u0107 oraz pe\u0142n\u0105 kontrol\u0119 nad owadem. Dzi\u0119ki delikatnej g\u0105bce dociskowej jest bezpieczny nawet dla delikatnych, m\u0142odych matek. \u2705 Doskona\u0142a widoczno\u015b\u0107 \u2013 przezroczysta obudowa u\u0142atwia prac\u0119\u2705 Mi\u0119kka g\u0105bka \u2013 bezpieczne unieruchomienie bez ryzyka uszkodzenia\u2705 [&hellip;]<\/p>\n","protected":false},"featured_media":619,"template":"","meta":[],"product_brand":[],"product_cat":[38,39],"product_tag":[],"class_list":{"0":"post-618","1":"product","2":"type-product","3":"status-publish","4":"has-post-thumbnail","6":"product_cat-hodowla-matek","7":"product_cat-znakowanie-matek","9":"first","10":"instock","11":"taxable","12":"shipping-taxable","13":"purchasable","14":"product-type-simple"},"_links":{"self":[{"href":"https:\/\/www.beevista.pl\/index.php\/wp-json\/wp\/v2\/product\/618","targetHints":{"allow":["GET"]}}],"collection":[{"href":"https:\/\/www.beevista.pl\/index.php\/wp-json\/wp\/v2\/product"}],"about":[{"href":"https:\/\/www.beevista.pl\/index.php\/wp-json\/wp\/v2\/types\/product"}],"wp:featuredmedia":[{"embeddable":true,"href":"https:\/\/www.beevista.pl\/index.php\/wp-json\/wp\/v2\/media\/619"}],"wp:attachment":[{"href":"https:\/\/www.beevista.pl\/index.php\/wp-json\/wp\/v2\/media?parent=618"}],"wp:term":[{"taxonomy":"product_brand","embeddable":true,"href":"https:\/\/www.beevista.pl\/index.php\/wp-json\/wp\/v2\/product_brand?post=618"},{"taxonomy":"product_cat","embeddable":true,"href":"https:\/\/www.beevista.pl\/index.php\/wp-json\/wp\/v2\/product_cat?post=618"},{"taxonomy":"product_tag","embeddable":true,"href":"https:\/\/www.beevista.pl\/index.php\/wp-json\/wp\/v2\/product_tag?post=618"}],"curies":[{"name":"wp","href":"https:\/\/api.w.org\/{rel}","templated":true}]}}