{"id":590,"date":"2025-06-01T14:36:45","date_gmt":"2025-06-01T12:36:45","guid":{"rendered":"https:\/\/www.beevista.pl\/?post_type=product&#038;p=590"},"modified":"2025-12-10T09:33:34","modified_gmt":"2025-12-10T08:33:34","slug":"invertofix-250ml","status":"publish","type":"product","link":"https:\/\/www.beevista.pl\/index.php\/produkt\/invertofix-250ml\/","title":{"rendered":"INVERTOFIX 250ml"},"content":{"rendered":"<p data-start=\"262\" data-end=\"470\"><strong data-start=\"262\" data-end=\"276\">INVERTOFIX<\/strong> to nowoczesny preparat z naturalnymi enzymami, kt\u00f3ry umo\u017cliwia samodzielne przygotowanie <strong data-start=\"366\" data-end=\"390\">syropu inwertowanego<\/strong> najwy\u017cszej jako\u015bci. Zdrowszy dla pszcz\u00f3\u0142, bardziej ekonomiczny dla pszczelarza.<\/p>\n<h3 data-start=\"472\" data-end=\"494\">\u2705 Kluczowe zalety:<\/h3>\n<ul data-start=\"495\" data-end=\"849\">\n<li data-start=\"495\" data-end=\"549\">\n<p data-start=\"497\" data-end=\"549\">\ud83e\uddca <strong data-start=\"500\" data-end=\"526\">Syrop nie krystalizuje<\/strong> \u2013 idealny na zimowle<\/p>\n<\/li>\n<li data-start=\"550\" data-end=\"612\">\n<p data-start=\"552\" data-end=\"612\">\ud83e\uddea <strong data-start=\"555\" data-end=\"566\">Bez HMF<\/strong> \u2013 bezpieczny dla uk\u0142adu pokarmowego pszcz\u00f3\u0142<\/p>\n<\/li>\n<li data-start=\"613\" data-end=\"668\">\n<p data-start=\"615\" data-end=\"668\">\u2696\ufe0f <strong data-start=\"618\" data-end=\"642\">pH zbli\u017cone do miodu<\/strong> \u2013 lepsza przyswajalno\u015b\u0107<\/p>\n<\/li>\n<li data-start=\"669\" data-end=\"734\">\n<p data-start=\"671\" data-end=\"734\">\ud83d\udc1d <strong data-start=\"674\" data-end=\"705\">Mniejsze obci\u0105\u017cenie pszcz\u00f3\u0142<\/strong> \u2013 wi\u0119cej energii na rozw\u00f3j<\/p>\n<\/li>\n<li data-start=\"735\" data-end=\"786\">\n<p data-start=\"737\" data-end=\"786\">\ud83d\udcb0 <strong data-start=\"740\" data-end=\"762\">Oszcz\u0119dno\u015b\u0107 do 30%<\/strong> na kosztach karmienia<\/p>\n<\/li>\n<li data-start=\"787\" data-end=\"849\">\n<p data-start=\"789\" data-end=\"849\">\ud83d\udcaa <strong data-start=\"792\" data-end=\"849\">Zdrowsze, silniejsze i d\u0142u\u017cej \u017cyj\u0105ce rodziny pszczele<\/strong><\/p>\n<\/li>\n<\/ul>\n<h3 data-start=\"851\" data-end=\"868\">\ud83d\udcca Wydajno\u015b\u0107:<\/h3>\n<ul data-start=\"869\" data-end=\"932\">\n<li data-start=\"869\" data-end=\"902\">\n<p data-start=\"871\" data-end=\"902\"><strong data-start=\"871\" data-end=\"881\">250 ml<\/strong> na <strong data-start=\"885\" data-end=\"900\">50 kg cukru<\/strong><\/p>\n<\/li>\n<\/ul>\n","protected":false},"excerpt":{"rendered":"<p>INVERTOFIX to nowoczesny preparat z naturalnymi enzymami, kt\u00f3ry umo\u017cliwia samodzielne przygotowanie syropu inwertowanego najwy\u017cszej jako\u015bci. Zdrowszy dla pszcz\u00f3\u0142, bardziej ekonomiczny dla pszczelarza. \u2705 Kluczowe zalety: \ud83e\uddca Syrop nie krystalizuje \u2013 idealny na zimowle \ud83e\uddea Bez HMF \u2013 bezpieczny dla uk\u0142adu pokarmowego pszcz\u00f3\u0142 \u2696\ufe0f pH zbli\u017cone do miodu \u2013 lepsza przyswajalno\u015b\u0107 \ud83d\udc1d Mniejsze obci\u0105\u017cenie pszcz\u00f3\u0142 \u2013 [&hellip;]<\/p>\n","protected":false},"featured_media":592,"template":"","meta":[],"product_brand":[34],"product_cat":[35],"product_tag":[],"class_list":{"0":"post-590","1":"product","2":"type-product","3":"status-publish","4":"has-post-thumbnail","6":"product_brand-vetanimal","7":"product_cat-dodatki-paszowe","9":"first","10":"instock","11":"taxable","12":"shipping-taxable","13":"purchasable","14":"product-type-simple"},"_links":{"self":[{"href":"https:\/\/www.beevista.pl\/index.php\/wp-json\/wp\/v2\/product\/590","targetHints":{"allow":["GET"]}}],"collection":[{"href":"https:\/\/www.beevista.pl\/index.php\/wp-json\/wp\/v2\/product"}],"about":[{"href":"https:\/\/www.beevista.pl\/index.php\/wp-json\/wp\/v2\/types\/product"}],"wp:featuredmedia":[{"embeddable":true,"href":"https:\/\/www.beevista.pl\/index.php\/wp-json\/wp\/v2\/media\/592"}],"wp:attachment":[{"href":"https:\/\/www.beevista.pl\/index.php\/wp-json\/wp\/v2\/media?parent=590"}],"wp:term":[{"taxonomy":"product_brand","embeddable":true,"href":"https:\/\/www.beevista.pl\/index.php\/wp-json\/wp\/v2\/product_brand?post=590"},{"taxonomy":"product_cat","embeddable":true,"href":"https:\/\/www.beevista.pl\/index.php\/wp-json\/wp\/v2\/product_cat?post=590"},{"taxonomy":"product_tag","embeddable":true,"href":"https:\/\/www.beevista.pl\/index.php\/wp-json\/wp\/v2\/product_tag?post=590"}],"curies":[{"name":"wp","href":"https:\/\/api.w.org\/{rel}","templated":true}]}}