{"id":589,"date":"2025-06-01T14:27:37","date_gmt":"2025-06-01T12:27:37","guid":{"rendered":"https:\/\/www.beevista.pl\/?post_type=product&#038;p=589"},"modified":"2025-12-10T09:33:30","modified_gmt":"2025-12-10T08:33:30","slug":"herbee-vet-1l","status":"publish","type":"product","link":"https:\/\/www.beevista.pl\/index.php\/produkt\/herbee-vet-1l\/","title":{"rendered":"HERBEE-VET 1l"},"content":{"rendered":"<p><strong data-start=\"226\" data-end=\"240\">HERBEE-VET<\/strong> to naturalny preparat na bazie <strong data-start=\"272\" data-end=\"294\">wyci\u0105g\u00f3w zio\u0142owych<\/strong>, zaprojektowany z my\u015bl\u0105 o wzmocnieniu organizmu pszczo\u0142y miodnej i <strong data-start=\"362\" data-end=\"400\">pobudzeniu gruczo\u0142\u00f3w gardzielowych<\/strong> u pszcz\u00f3\u0142 karmicielek. Jego regularne stosowanie poprawia <strong data-start=\"459\" data-end=\"477\">rozw\u00f3j czerwiu<\/strong>, zwi\u0119ksza si\u0142\u0119 rodziny pszczelej i <strong data-start=\"513\" data-end=\"542\">ogranicza ryzyko rabunk\u00f3w<\/strong> dzi\u0119ki neutralizacji zapachu syropu.<\/p>\n<h3 data-start=\"586\" data-end=\"624\">\u2705 Najwa\u017cniejsze zalety HERBEE-VET:<\/h3>\n<ul data-start=\"625\" data-end=\"1040\">\n<li data-start=\"625\" data-end=\"708\">\n<p data-start=\"627\" data-end=\"708\"><strong data-start=\"627\" data-end=\"669\">Stymuluje produkcj\u0119 mleczka pszczelego<\/strong>, wspieraj\u0105c prawid\u0142owy rozw\u00f3j czerwiu.<\/p>\n<\/li>\n<li data-start=\"709\" data-end=\"786\">\n<p data-start=\"711\" data-end=\"786\"><strong data-start=\"711\" data-end=\"747\">Wzmacnia m\u0142ode pokolenie pszcz\u00f3\u0142<\/strong> \u2013 szczeg\u00f3lnie istotne pod koniec lata.<\/p>\n<\/li>\n<li data-start=\"787\" data-end=\"870\">\n<p data-start=\"789\" data-end=\"870\"><strong data-start=\"789\" data-end=\"829\">Neutralizuje zapach syropu cukrowego<\/strong>, co ogranicza ryzyko rabunk\u00f3w w pasiece.<\/p>\n<\/li>\n<li data-start=\"871\" data-end=\"952\">\n<p data-start=\"873\" data-end=\"952\"><strong data-start=\"873\" data-end=\"916\">Naturalne, bezpieczne sk\u0142adniki zio\u0142owe<\/strong> \u2013 bez chemii i sztucznych dodatk\u00f3w.<\/p>\n<\/li>\n<li data-start=\"953\" data-end=\"1040\">\n<p data-start=\"955\" data-end=\"1040\">Do stosowania <strong data-start=\"969\" data-end=\"997\">wiosn\u0105, latem i jesieni\u0105<\/strong> w zale\u017cno\u015bci od potrzeb rodziny pszczelej.<\/p>\n<\/li>\n<\/ul>\n<h3 data-start=\"586\" data-end=\"624\">\u2705\u00a0Metody podania:<\/h3>\n<ul data-start=\"1345\" data-end=\"1442\">\n<li data-start=\"1345\" data-end=\"1365\">\n<p data-start=\"1347\" data-end=\"1365\">W podkarmiaczkach,<\/p>\n<\/li>\n<li data-start=\"1366\" data-end=\"1407\">\n<p data-start=\"1368\" data-end=\"1407\">Rozpylanie w uliczkach mi\u0119dzyramkowych,<\/p>\n<\/li>\n<li data-start=\"1408\" data-end=\"1442\">\n<p data-start=\"1410\" data-end=\"1442\">Zamg\u0142awianie ramek z pszczo\u0142ami.<\/p>\n<\/li>\n<\/ul>\n<h3 data-start=\"586\" data-end=\"624\">\u2705 Wydajno\u015b\u0107 opakowa\u0144:<\/h3>\n<ul data-start=\"1583\" data-end=\"1689\">\n<li data-start=\"1583\" data-end=\"1621\">\n<p data-start=\"1585\" data-end=\"1621\"><strong data-start=\"1624\" data-end=\"1631\">1 l<\/strong> \u2013 do 100 litr\u00f3w syropu<\/p>\n<\/li>\n<\/ul>\n","protected":false},"excerpt":{"rendered":"<p>HERBEE-VET to naturalny preparat na bazie wyci\u0105g\u00f3w zio\u0142owych, zaprojektowany z my\u015bl\u0105 o wzmocnieniu organizmu pszczo\u0142y miodnej i pobudzeniu gruczo\u0142\u00f3w gardzielowych u pszcz\u00f3\u0142 karmicielek. Jego regularne stosowanie poprawia rozw\u00f3j czerwiu, zwi\u0119ksza si\u0142\u0119 rodziny pszczelej i ogranicza ryzyko rabunk\u00f3w dzi\u0119ki neutralizacji zapachu syropu. \u2705 Najwa\u017cniejsze zalety HERBEE-VET: Stymuluje produkcj\u0119 mleczka pszczelego, wspieraj\u0105c prawid\u0142owy rozw\u00f3j czerwiu. Wzmacnia m\u0142ode [&hellip;]<\/p>\n","protected":false},"featured_media":587,"template":"","meta":[],"product_brand":[34],"product_cat":[35],"product_tag":[],"class_list":{"0":"post-589","1":"product","2":"type-product","3":"status-publish","4":"has-post-thumbnail","6":"product_brand-vetanimal","7":"product_cat-dodatki-paszowe","9":"first","10":"outofstock","11":"taxable","12":"shipping-taxable","13":"purchasable","14":"product-type-simple"},"_links":{"self":[{"href":"https:\/\/www.beevista.pl\/index.php\/wp-json\/wp\/v2\/product\/589","targetHints":{"allow":["GET"]}}],"collection":[{"href":"https:\/\/www.beevista.pl\/index.php\/wp-json\/wp\/v2\/product"}],"about":[{"href":"https:\/\/www.beevista.pl\/index.php\/wp-json\/wp\/v2\/types\/product"}],"wp:featuredmedia":[{"embeddable":true,"href":"https:\/\/www.beevista.pl\/index.php\/wp-json\/wp\/v2\/media\/587"}],"wp:attachment":[{"href":"https:\/\/www.beevista.pl\/index.php\/wp-json\/wp\/v2\/media?parent=589"}],"wp:term":[{"taxonomy":"product_brand","embeddable":true,"href":"https:\/\/www.beevista.pl\/index.php\/wp-json\/wp\/v2\/product_brand?post=589"},{"taxonomy":"product_cat","embeddable":true,"href":"https:\/\/www.beevista.pl\/index.php\/wp-json\/wp\/v2\/product_cat?post=589"},{"taxonomy":"product_tag","embeddable":true,"href":"https:\/\/www.beevista.pl\/index.php\/wp-json\/wp\/v2\/product_tag?post=589"}],"curies":[{"name":"wp","href":"https:\/\/api.w.org\/{rel}","templated":true}]}}