{"id":584,"date":"2025-06-01T14:13:43","date_gmt":"2025-06-01T12:13:43","guid":{"rendered":"https:\/\/www.beevista.pl\/?post_type=product&#038;p=584"},"modified":"2025-12-10T09:33:26","modified_gmt":"2025-12-10T08:33:26","slug":"hivealive-500ml","status":"publish","type":"product","link":"https:\/\/www.beevista.pl\/index.php\/produkt\/hivealive-500ml\/","title":{"rendered":"HiveAlive 500ml"},"content":{"rendered":"<p><strong data-start=\"236\" data-end=\"249\">HiveAlive<\/strong> to sprawdzony, naturalny preparat stworzony z my\u015bl\u0105 o utrzymaniu <strong data-start=\"315\" data-end=\"357\">zdrowia i witalno\u015bci rodzin pszczelich<\/strong>. Dzi\u0119ki unikalnemu sk\u0142adowi wspiera odporno\u015b\u0107, poprawia kondycj\u0119 jelit pszcz\u00f3\u0142 i skutecznie ogranicza wyst\u0119powanie chor\u00f3b takich jak <strong data-start=\"491\" data-end=\"503\">nosemoza<\/strong> i <strong data-start=\"506\" data-end=\"526\">grzybica czerwiu<\/strong>.<\/p>\n<h3 data-start=\"534\" data-end=\"569\">\ud83c\udf3f Unikatowe sk\u0142adniki aktywne:<\/h3>\n<ul data-start=\"570\" data-end=\"893\">\n<li data-start=\"570\" data-end=\"716\">\n<p data-start=\"572\" data-end=\"716\"><strong data-start=\"572\" data-end=\"586\">OceaShield<\/strong> \u2013 bioaktywny ekstrakt z alg irlandzkich, o potwierdzonym dzia\u0142aniu <strong data-start=\"654\" data-end=\"715\">przeciwgrzybicznym, przeciwbakteryjnym i przeciwwirusowym<\/strong>.<\/p>\n<\/li>\n<li data-start=\"717\" data-end=\"811\">\n<p data-start=\"719\" data-end=\"811\"><strong data-start=\"719\" data-end=\"728\">Tymol<\/strong> \u2013 naturalny olejek eteryczny znany ze swoich w\u0142a\u015bciwo\u015bci przeciwdrobnoustrojowych.<\/p>\n<\/li>\n<li data-start=\"812\" data-end=\"893\">\n<p data-start=\"814\" data-end=\"893\"><strong data-start=\"814\" data-end=\"827\">Palczatka<\/strong> \u2013 ro\u015blina wykorzystywana do poprawy odporno\u015bci i zdrowia pszcz\u00f3\u0142.<\/p>\n<\/li>\n<\/ul>\n<h3 data-start=\"900\" data-end=\"932\">\ud83e\uddea Potwierdzona skuteczno\u015b\u0107:<\/h3>\n<p data-start=\"933\" data-end=\"1064\">Badania przeprowadzone w <strong data-start=\"958\" data-end=\"1003\">Hellenic Institute of Apiculture (Grecja)<\/strong> wykaza\u0142y, \u017ce regularne stosowanie HiveAlive dwa razy w roku:<\/p>\n<ul data-start=\"1065\" data-end=\"1198\">\n<li data-start=\"1065\" data-end=\"1098\">\n<p data-start=\"1067\" data-end=\"1098\">redukuje wyst\u0119powanie nosemozy,<\/p>\n<\/li>\n<li data-start=\"1099\" data-end=\"1147\">\n<p data-start=\"1101\" data-end=\"1147\"><strong data-start=\"1101\" data-end=\"1146\">eliminuje zimowe straty rodzin pszczelich<\/strong>,<\/p>\n<\/li>\n<li data-start=\"1148\" data-end=\"1198\">\n<p data-start=\"1150\" data-end=\"1198\"><strong data-start=\"1150\" data-end=\"1197\">zwi\u0119ksza si\u0142\u0119 rodziny pszczelej nawet o 89%<\/strong>.<\/p>\n<\/li>\n<\/ul>\n<p data-start=\"1200\" data-end=\"1354\">Dzia\u0142anie potwierdzone r\u00f3wnie\u017c przez instytuty pszczelarskie z Irlandii, W\u0142och, Francji, Czech i Grecji (\u017ar\u00f3d\u0142o: <em data-start=\"1313\" data-end=\"1346\">Journal of Apicultural Research<\/em>, 2016).<\/p>\n<h3 data-start=\"1361\" data-end=\"1397\">\u2705 Korzy\u015bci stosowania HiveAlive:<\/h3>\n<ul data-start=\"1398\" data-end=\"1626\">\n<li data-start=\"1398\" data-end=\"1455\">\n<p data-start=\"1400\" data-end=\"1455\">Naturalna ochrona przed najcz\u0119stszymi chorobami pszcz\u00f3\u0142<\/p>\n<\/li>\n<li data-start=\"1456\" data-end=\"1521\">\n<p data-start=\"1458\" data-end=\"1521\">Silniejsze, liczniejsze i bardziej produktywne rodziny pszczele<\/p>\n<\/li>\n<li data-start=\"1522\" data-end=\"1558\">\n<p data-start=\"1524\" data-end=\"1558\">Poprawa odporno\u015bci i zdrowia jelit<\/p>\n<\/li>\n<li data-start=\"1559\" data-end=\"1592\">\n<p data-start=\"1561\" data-end=\"1592\">Lepsze przygotowanie do zimowli<\/p>\n<\/li>\n<li data-start=\"1593\" data-end=\"1626\">\n<p data-start=\"1595\" data-end=\"1626\">Bezpieczny i \u0142atwy w stosowaniu<\/p>\n<\/li>\n<\/ul>\n<h3 data-start=\"1633\" data-end=\"1651\">\ud83d\udca7 Dawkowanie:<\/h3>\n<ul data-start=\"1652\" data-end=\"1742\">\n<li data-start=\"1652\" data-end=\"1695\">\n<p data-start=\"1654\" data-end=\"1695\"><strong data-start=\"1654\" data-end=\"1695\">500 ml preparatu na 50 rodzin pszczelich<\/strong><\/p>\n<\/li>\n<li data-start=\"1696\" data-end=\"1742\">\n<p data-start=\"1698\" data-end=\"1742\">Mo\u017cna dodawa\u0107 do syropu cukrowego lub ciasta<\/p>\n<\/li>\n<\/ul>\n","protected":false},"excerpt":{"rendered":"<p>HiveAlive to sprawdzony, naturalny preparat stworzony z my\u015bl\u0105 o utrzymaniu zdrowia i witalno\u015bci rodzin pszczelich. Dzi\u0119ki unikalnemu sk\u0142adowi wspiera odporno\u015b\u0107, poprawia kondycj\u0119 jelit pszcz\u00f3\u0142 i skutecznie ogranicza wyst\u0119powanie chor\u00f3b takich jak nosemoza i grzybica czerwiu. \ud83c\udf3f Unikatowe sk\u0142adniki aktywne: OceaShield \u2013 bioaktywny ekstrakt z alg irlandzkich, o potwierdzonym dzia\u0142aniu przeciwgrzybicznym, przeciwbakteryjnym i przeciwwirusowym. Tymol \u2013 [&hellip;]<\/p>\n","protected":false},"featured_media":581,"template":"","meta":[],"product_brand":[34],"product_cat":[35],"product_tag":[],"class_list":{"0":"post-584","1":"product","2":"type-product","3":"status-publish","4":"has-post-thumbnail","6":"product_brand-vetanimal","7":"product_cat-dodatki-paszowe","9":"first","10":"instock","11":"taxable","12":"shipping-taxable","13":"purchasable","14":"product-type-simple"},"_links":{"self":[{"href":"https:\/\/www.beevista.pl\/index.php\/wp-json\/wp\/v2\/product\/584","targetHints":{"allow":["GET"]}}],"collection":[{"href":"https:\/\/www.beevista.pl\/index.php\/wp-json\/wp\/v2\/product"}],"about":[{"href":"https:\/\/www.beevista.pl\/index.php\/wp-json\/wp\/v2\/types\/product"}],"wp:featuredmedia":[{"embeddable":true,"href":"https:\/\/www.beevista.pl\/index.php\/wp-json\/wp\/v2\/media\/581"}],"wp:attachment":[{"href":"https:\/\/www.beevista.pl\/index.php\/wp-json\/wp\/v2\/media?parent=584"}],"wp:term":[{"taxonomy":"product_brand","embeddable":true,"href":"https:\/\/www.beevista.pl\/index.php\/wp-json\/wp\/v2\/product_brand?post=584"},{"taxonomy":"product_cat","embeddable":true,"href":"https:\/\/www.beevista.pl\/index.php\/wp-json\/wp\/v2\/product_cat?post=584"},{"taxonomy":"product_tag","embeddable":true,"href":"https:\/\/www.beevista.pl\/index.php\/wp-json\/wp\/v2\/product_tag?post=584"}],"curies":[{"name":"wp","href":"https:\/\/api.w.org\/{rel}","templated":true}]}}