{"id":574,"date":"2025-05-30T22:21:47","date_gmt":"2025-05-30T20:21:47","guid":{"rendered":"https:\/\/www.beevista.pl\/?post_type=product&#038;p=574"},"modified":"2026-04-15T19:38:19","modified_gmt":"2026-04-15T17:38:19","slug":"silveco-pszczola","status":"publish","type":"product","link":"https:\/\/www.beevista.pl\/index.php\/produkt\/silveco-pszczola\/","title":{"rendered":"SILVECO+ Pszczo\u0142a"},"content":{"rendered":"<p><strong data-start=\"308\" data-end=\"320\">SILVECO+<\/strong> to nowoczesny <strong data-start=\"335\" data-end=\"363\">koncentrat dezynfekuj\u0105cy<\/strong>, kt\u00f3rego skuteczno\u015b\u0107 <strong data-start=\"385\" data-end=\"432\">bakteriob\u00f3jcza, wirusob\u00f3jcza i grzybob\u00f3jcza<\/strong> zosta\u0142a potwierdzona badaniami. Opracowany z my\u015bl\u0105 o zastosowaniu <strong data-start=\"499\" data-end=\"536\">w weterynarii i bran\u017cy spo\u017cywczej<\/strong>, znajduje r\u00f3wnie\u017c zastosowanie w pasiekach jako skuteczna bro\u0144 przeciw <strong data-start=\"608\" data-end=\"642\">grzybicy wapiennej i kamiennej<\/strong> czerwiu.<\/p>\n<h3 data-start=\"658\" data-end=\"680\">\u2705 Kluczowe zalety:<\/h3>\n<ul data-start=\"681\" data-end=\"1135\">\n<li data-start=\"681\" data-end=\"764\">\n<p data-start=\"683\" data-end=\"764\"><strong data-start=\"683\" data-end=\"711\">Potwierdzona skuteczno\u015b\u0107<\/strong> w zwalczaniu patogen\u00f3w: bakterii, wirus\u00f3w i grzyb\u00f3w.<\/p>\n<\/li>\n<li data-start=\"765\" data-end=\"875\">\n<p data-start=\"767\" data-end=\"875\"><strong data-start=\"767\" data-end=\"804\">Zwalcza grzybic\u0119 wapienn\u0105 czerwiu<\/strong> (Ascosphaera apis) oraz <strong data-start=\"829\" data-end=\"850\">grzybic\u0119 kamienn\u0105<\/strong> (Aspergillus fumigatus).<\/p>\n<\/li>\n<li data-start=\"876\" data-end=\"958\">\n<p data-start=\"878\" data-end=\"958\"><strong data-start=\"878\" data-end=\"957\">Do stosowania w pasiekach, obiektach weterynaryjnych i przemy\u015ble spo\u017cywczym<\/strong>.<\/p>\n<\/li>\n<li data-start=\"959\" data-end=\"1043\">\n<p data-start=\"961\" data-end=\"1043\">Poprawia higien\u0119 \u015brodowiska i <strong data-start=\"991\" data-end=\"1042\">utrzymuje dobrostan pszcz\u00f3\u0142 na wysokim poziomie<\/strong>.<\/p>\n<\/li>\n<li data-start=\"1044\" data-end=\"1135\">\n<p data-start=\"1046\" data-end=\"1135\">Szczeg\u00f3lnie polecany w sezonie od <strong data-start=\"1080\" data-end=\"1104\">kwietnia do wrze\u015bnia<\/strong>, kiedy ryzyko grzybic wzrasta.<\/p>\n<\/li>\n<\/ul>\n<h3 data-start=\"658\" data-end=\"680\">\u2705 Zastosowanie:<\/h3>\n<p data-start=\"1163\" data-end=\"1187\">Produkt przeznaczony do:<\/p>\n<ul data-start=\"1188\" data-end=\"1346\">\n<li data-start=\"1188\" data-end=\"1228\">\n<p data-start=\"1190\" data-end=\"1228\">dezynfekcji uli i sprz\u0119tu pasiecznego,<\/p>\n<\/li>\n<li data-start=\"1229\" data-end=\"1279\">\n<p data-start=\"1231\" data-end=\"1279\">higienizacji pasieki i narz\u0119dzi weterynaryjnych,<\/p>\n<\/li>\n<li data-start=\"1280\" data-end=\"1346\">\n<p data-start=\"1282\" data-end=\"1346\">wsparcia profilaktyki chor\u00f3b grzybiczych w rodzinach pszczelich.<\/p>\n<\/li>\n<\/ul>\n<h3 data-start=\"658\" data-end=\"680\">\u2705 Wydajno\u015b\u0107:<\/h3>\n<ul data-start=\"1371\" data-end=\"1588\">\n<li data-start=\"1371\" data-end=\"1521\">\n<p data-start=\"1373\" data-end=\"1521\"><strong data-start=\"1373\" data-end=\"1383\">500 ml<\/strong> koncentratu wystarcza na przygotowanie od <strong data-start=\"1426\" data-end=\"1463\">5 do 20 litr\u00f3w roztworu roboczego<\/strong>, w zale\u017cno\u015bci od rodzaju patogenu i protoko\u0142u stosowania.<\/p>\n<\/li>\n<\/ul>\n","protected":false},"excerpt":{"rendered":"<p>SILVECO+ to nowoczesny koncentrat dezynfekuj\u0105cy, kt\u00f3rego skuteczno\u015b\u0107 bakteriob\u00f3jcza, wirusob\u00f3jcza i grzybob\u00f3jcza zosta\u0142a potwierdzona badaniami. Opracowany z my\u015bl\u0105 o zastosowaniu w weterynarii i bran\u017cy spo\u017cywczej, znajduje r\u00f3wnie\u017c zastosowanie w pasiekach jako skuteczna bro\u0144 przeciw grzybicy wapiennej i kamiennej czerwiu. \u2705 Kluczowe zalety: Potwierdzona skuteczno\u015b\u0107 w zwalczaniu patogen\u00f3w: bakterii, wirus\u00f3w i grzyb\u00f3w. Zwalcza grzybic\u0119 wapienn\u0105 czerwiu (Ascosphaera [&hellip;]<\/p>\n","protected":false},"featured_media":575,"template":"","meta":[],"product_brand":[34],"product_cat":[36],"product_tag":[],"class_list":{"0":"post-574","1":"product","2":"type-product","3":"status-publish","4":"has-post-thumbnail","6":"product_brand-vetanimal","7":"product_cat-chemia-pszczelarska","9":"first","10":"outofstock","11":"taxable","12":"shipping-taxable","13":"purchasable","14":"product-type-simple"},"_links":{"self":[{"href":"https:\/\/www.beevista.pl\/index.php\/wp-json\/wp\/v2\/product\/574","targetHints":{"allow":["GET"]}}],"collection":[{"href":"https:\/\/www.beevista.pl\/index.php\/wp-json\/wp\/v2\/product"}],"about":[{"href":"https:\/\/www.beevista.pl\/index.php\/wp-json\/wp\/v2\/types\/product"}],"wp:featuredmedia":[{"embeddable":true,"href":"https:\/\/www.beevista.pl\/index.php\/wp-json\/wp\/v2\/media\/575"}],"wp:attachment":[{"href":"https:\/\/www.beevista.pl\/index.php\/wp-json\/wp\/v2\/media?parent=574"}],"wp:term":[{"taxonomy":"product_brand","embeddable":true,"href":"https:\/\/www.beevista.pl\/index.php\/wp-json\/wp\/v2\/product_brand?post=574"},{"taxonomy":"product_cat","embeddable":true,"href":"https:\/\/www.beevista.pl\/index.php\/wp-json\/wp\/v2\/product_cat?post=574"},{"taxonomy":"product_tag","embeddable":true,"href":"https:\/\/www.beevista.pl\/index.php\/wp-json\/wp\/v2\/product_tag?post=574"}],"curies":[{"name":"wp","href":"https:\/\/api.w.org\/{rel}","templated":true}]}}