{"id":572,"date":"2025-05-30T22:16:38","date_gmt":"2025-05-30T20:16:38","guid":{"rendered":"https:\/\/www.beevista.pl\/?post_type=product&#038;p=572"},"modified":"2026-03-20T11:32:43","modified_gmt":"2026-03-20T10:32:43","slug":"calm-vet-200ml","status":"publish","type":"product","link":"https:\/\/www.beevista.pl\/index.php\/produkt\/calm-vet-200ml\/","title":{"rendered":"CALM-VET 200ml"},"content":{"rendered":"<p><strong data-start=\"340\" data-end=\"352\">CALM-VET<\/strong> to innowacyjny, <strong data-start=\"369\" data-end=\"401\">ekologiczny preparat zio\u0142owy<\/strong> stworzony z my\u015bl\u0105 o pszczelarzach, kt\u00f3rzy ceni\u0105 sobie bezpiecze\u0144stwo i spok\u00f3j podczas pracy z rodzin\u0105 pszczel\u0105. Dzi\u0119ki zawarto\u015bci naturalnych <strong data-start=\"544\" data-end=\"567\">olejk\u00f3w eterycznych<\/strong>, produkt skutecznie <strong data-start=\"588\" data-end=\"609\">uspokaja pszczo\u0142y<\/strong>, ujednolica zapach w ulu i minimalizuje agresj\u0119.<\/p>\n<h3 data-start=\"665\" data-end=\"694\">\u2705 Najwa\u017cniejsze korzy\u015bci:<\/h3>\n<ul data-start=\"695\" data-end=\"1097\">\n<li data-start=\"695\" data-end=\"758\">\n<p data-start=\"697\" data-end=\"758\"><strong data-start=\"697\" data-end=\"730\">Naturalne uspokojenie pszcz\u00f3\u0142<\/strong> bez u\u017cycia dymu czy chemii.<\/p>\n<\/li>\n<li data-start=\"759\" data-end=\"857\">\n<p data-start=\"761\" data-end=\"857\"><strong data-start=\"761\" data-end=\"783\">Wyr\u00f3wnanie zapachu<\/strong> w \u015brodowisku ulowym \u2013 pszczo\u0142y staj\u0105 si\u0119 spokojniejsze i mniej reaktywne.<\/p>\n<\/li>\n<li data-start=\"858\" data-end=\"930\">\n<p data-start=\"860\" data-end=\"930\"><strong data-start=\"860\" data-end=\"929\">Idealny podczas przegl\u0105d\u00f3w, odk\u0142ad\u00f3w i \u0142\u0105czenia rodzin pszczelich<\/strong>.<\/p>\n<\/li>\n<li data-start=\"931\" data-end=\"1031\">\n<p data-start=\"933\" data-end=\"1031\">Reakcja trwa tylko kilkana\u015bcie minut \u2013 wystarczaj\u0105co d\u0142ugo, by bezpiecznie otworzy\u0107 ul i pracowa\u0107.<\/p>\n<\/li>\n<li data-start=\"1032\" data-end=\"1097\">\n<p data-start=\"1034\" data-end=\"1097\"><strong data-start=\"1034\" data-end=\"1057\">Produkt ekologiczny<\/strong> \u2013 bezpieczny dla pszcz\u00f3\u0142 i pszczelarza.<\/p>\n<\/li>\n<\/ul>\n<h3 data-start=\"665\" data-end=\"694\">\u2705 Spos\u00f3b u\u017cycia:<\/h3>\n<ol data-start=\"1126\" data-end=\"1539\">\n<li data-start=\"1126\" data-end=\"1166\">\n<p data-start=\"1129\" data-end=\"1166\"><strong data-start=\"1129\" data-end=\"1164\">Przed u\u017cyciem mocno wstrz\u0105sn\u0105\u0107.<\/strong><\/p>\n<\/li>\n<li data-start=\"1167\" data-end=\"1218\">\n<p data-start=\"1170\" data-end=\"1218\">Rozcie\u0144czy\u0107 <strong data-start=\"1182\" data-end=\"1215\">3 ml CALM-VET w 1 litrze wody<\/strong>.<\/p>\n<\/li>\n<li data-start=\"1219\" data-end=\"1296\">\n<p data-start=\"1222\" data-end=\"1296\">Za pomoc\u0105 opryskiwacza ogrodowego pokry\u0107 pszczo\u0142y delikatn\u0105 <strong data-start=\"1282\" data-end=\"1293\">mgie\u0142k\u0105<\/strong>.<\/p>\n<\/li>\n<li data-start=\"1297\" data-end=\"1370\">\n<p data-start=\"1300\" data-end=\"1370\">Na <strong data-start=\"1303\" data-end=\"1337\">2\u20133 minuty przed otwarciem ula<\/strong>, spryska\u0107 wylotek i otoczenie.<\/p>\n<\/li>\n<li data-start=\"1371\" data-end=\"1428\">\n<p data-start=\"1374\" data-end=\"1428\">Po otwarciu ula mo\u017cna ponowi\u0107 oprysk w jego wn\u0119trzu.<\/p>\n<\/li>\n<li data-start=\"1429\" data-end=\"1539\">\n<p data-start=\"1432\" data-end=\"1539\">Rozcie\u0144czony preparat zachowuje swoje w\u0142a\u015bciwo\u015bci do 3 dni.<\/p>\n<\/li>\n<\/ol>\n","protected":false},"excerpt":{"rendered":"<p>CALM-VET to innowacyjny, ekologiczny preparat zio\u0142owy stworzony z my\u015bl\u0105 o pszczelarzach, kt\u00f3rzy ceni\u0105 sobie bezpiecze\u0144stwo i spok\u00f3j podczas pracy z rodzin\u0105 pszczel\u0105. Dzi\u0119ki zawarto\u015bci naturalnych olejk\u00f3w eterycznych, produkt skutecznie uspokaja pszczo\u0142y, ujednolica zapach w ulu i minimalizuje agresj\u0119. \u2705 Najwa\u017cniejsze korzy\u015bci: Naturalne uspokojenie pszcz\u00f3\u0142 bez u\u017cycia dymu czy chemii. Wyr\u00f3wnanie zapachu w \u015brodowisku ulowym \u2013 [&hellip;]<\/p>\n","protected":false},"featured_media":573,"template":"","meta":[],"product_brand":[34],"product_cat":[36],"product_tag":[],"class_list":{"0":"post-572","1":"product","2":"type-product","3":"status-publish","4":"has-post-thumbnail","6":"product_brand-vetanimal","7":"product_cat-chemia-pszczelarska","9":"first","10":"instock","11":"taxable","12":"shipping-taxable","13":"purchasable","14":"product-type-simple"},"_links":{"self":[{"href":"https:\/\/www.beevista.pl\/index.php\/wp-json\/wp\/v2\/product\/572","targetHints":{"allow":["GET"]}}],"collection":[{"href":"https:\/\/www.beevista.pl\/index.php\/wp-json\/wp\/v2\/product"}],"about":[{"href":"https:\/\/www.beevista.pl\/index.php\/wp-json\/wp\/v2\/types\/product"}],"wp:featuredmedia":[{"embeddable":true,"href":"https:\/\/www.beevista.pl\/index.php\/wp-json\/wp\/v2\/media\/573"}],"wp:attachment":[{"href":"https:\/\/www.beevista.pl\/index.php\/wp-json\/wp\/v2\/media?parent=572"}],"wp:term":[{"taxonomy":"product_brand","embeddable":true,"href":"https:\/\/www.beevista.pl\/index.php\/wp-json\/wp\/v2\/product_brand?post=572"},{"taxonomy":"product_cat","embeddable":true,"href":"https:\/\/www.beevista.pl\/index.php\/wp-json\/wp\/v2\/product_cat?post=572"},{"taxonomy":"product_tag","embeddable":true,"href":"https:\/\/www.beevista.pl\/index.php\/wp-json\/wp\/v2\/product_tag?post=572"}],"curies":[{"name":"wp","href":"https:\/\/api.w.org\/{rel}","templated":true}]}}