{"id":554,"date":"2025-05-20T17:37:13","date_gmt":"2025-05-20T15:37:13","guid":{"rendered":"https:\/\/www.beevista.pl\/?post_type=product&#038;p=554"},"modified":"2026-04-13T12:30:36","modified_gmt":"2026-04-13T10:30:36","slug":"natalia-jakubus-pszczoly","status":"publish","type":"product","link":"https:\/\/www.beevista.pl\/index.php\/produkt\/natalia-jakubus-pszczoly\/","title":{"rendered":"Natalia Jakubus &#8211; Pszczo\u0142y"},"content":{"rendered":"<p>\u017bycie w ulu to gra o tron. Nie brakuje intryg, spisk\u00f3w i krwawych rzezi. Znajdziesz tam r\u00f3wnie\u017c prawdziw\u0105 alchemi\u0119 i m\u0105dro\u015b\u0107, przekazywan\u0105 z pokolenia na pokolenie. Jest te\u017c miejsce na trosk\u0119, po\u015bwi\u0119cenie i ci\u0119\u017ck\u0105 prac\u0119. I oczywi\u015bcie na mi\u00f3d.<\/p>\n<p>Natalia Jakubus, znana jako Pszczelara, od kilku lat prowadzi swoj\u0105 pasiek\u0119 w urokliwym zak\u0105tku Podkarpacia. Przygl\u0105da si\u0119 pszczo\u0142om nie tylko jako producentka miodu, ale tak\u017ce jako pasjonatka i popularyzatorka wiedzy o tych owadach. A wie o nich bardzo du\u017co.<\/p>\n<p>W tej ksi\u0105\u017cce stworzy\u0142a niezwyk\u0142\u0105, niemal filmow\u0105 opowie\u015b\u0107 o \u015bwiecie pszcz\u00f3\u0142, kt\u00f3ry budzi si\u0119 do kr\u00f3tkiego acz niezwykle intensywnego \u017cycia, kiedy tylko wiosenne promienie s\u0142o\u0144ca przep\u0119dz\u0105 resztki mrozu. Ta historia wzrusza, przera\u017ca i zachwyca jednocze\u015bnie. A przecie\u017c pszczo\u0142y to tylko ma\u0142e, s\u0142odkie stworzenia.<\/p>\n<p>Autor: Natalia Jakubus<br \/>\nWydawca: Mando<br \/>\nRok wydania: 2025<br \/>\nLiczba stron: 288<br \/>\nOprawa: mi\u0119kka<br \/>\nWymiary: 162 x 220 mm<br \/>\nZdj\u0119cie ksi\u0105\u017cki pogl\u0105dowe<br \/>\nNumer ISBN: 978-83-277-3970-4<\/p>\n","protected":false},"excerpt":{"rendered":"<p>\u017bycie w ulu to gra o tron. Nie brakuje intryg, spisk\u00f3w i krwawych rzezi. Znajdziesz tam r\u00f3wnie\u017c prawdziw\u0105 alchemi\u0119 i m\u0105dro\u015b\u0107, przekazywan\u0105 z pokolenia na pokolenie. Jest te\u017c miejsce na trosk\u0119, po\u015bwi\u0119cenie i ci\u0119\u017ck\u0105 prac\u0119. I oczywi\u015bcie na mi\u00f3d. Natalia Jakubus, znana jako Pszczelara, od kilku lat prowadzi swoj\u0105 pasiek\u0119 w urokliwym zak\u0105tku Podkarpacia. Przygl\u0105da [&hellip;]<\/p>\n","protected":false},"featured_media":555,"template":"","meta":[],"product_brand":[],"product_cat":[18],"product_tag":[],"class_list":{"0":"post-554","1":"product","2":"type-product","3":"status-publish","4":"has-post-thumbnail","6":"product_cat-literatura","8":"first","9":"outofstock","10":"taxable","11":"shipping-taxable","12":"purchasable","13":"product-type-simple"},"_links":{"self":[{"href":"https:\/\/www.beevista.pl\/index.php\/wp-json\/wp\/v2\/product\/554","targetHints":{"allow":["GET"]}}],"collection":[{"href":"https:\/\/www.beevista.pl\/index.php\/wp-json\/wp\/v2\/product"}],"about":[{"href":"https:\/\/www.beevista.pl\/index.php\/wp-json\/wp\/v2\/types\/product"}],"wp:featuredmedia":[{"embeddable":true,"href":"https:\/\/www.beevista.pl\/index.php\/wp-json\/wp\/v2\/media\/555"}],"wp:attachment":[{"href":"https:\/\/www.beevista.pl\/index.php\/wp-json\/wp\/v2\/media?parent=554"}],"wp:term":[{"taxonomy":"product_brand","embeddable":true,"href":"https:\/\/www.beevista.pl\/index.php\/wp-json\/wp\/v2\/product_brand?post=554"},{"taxonomy":"product_cat","embeddable":true,"href":"https:\/\/www.beevista.pl\/index.php\/wp-json\/wp\/v2\/product_cat?post=554"},{"taxonomy":"product_tag","embeddable":true,"href":"https:\/\/www.beevista.pl\/index.php\/wp-json\/wp\/v2\/product_tag?post=554"}],"curies":[{"name":"wp","href":"https:\/\/api.w.org\/{rel}","templated":true}]}}