{"id":489,"date":"2025-01-26T11:10:23","date_gmt":"2025-01-26T10:10:23","guid":{"rendered":"https:\/\/www.beevista.pl\/?post_type=product&#038;p=489"},"modified":"2026-03-02T22:16:37","modified_gmt":"2026-03-02T21:16:37","slug":"putorius-masc-z-dziurawcem-150ml","status":"publish","type":"product","link":"https:\/\/www.beevista.pl\/index.php\/produkt\/putorius-masc-z-dziurawcem-150ml\/","title":{"rendered":"Putorius Ma\u015b\u0107 z dziurawcem 150ml"},"content":{"rendered":"<div class=\"mpof_ki myre_zn myre_8v_l m389_6m_l\">\n<div class=\"mp4t_16_s mryx_16_s mr3m_1 mli2_1 mh85_56 mh85_0_l\">\n<div class=\"mgn2_16 _0d3bd_am0a-\">\n<h2>Ma\u015b\u0107 zio\u0142owa z dziurawcem<\/h2>\n<p>Ma\u015b\u0107 zio\u0142owa z ziela dziurawca zwyczajnego to wyj\u0105tkowy produkt stworzony z my\u015bl\u0105 o kompleksowej piel\u0119gnacji sk\u00f3ry zniszczonej, suchej oraz wra\u017cliwej.<\/p>\n<p>Dzi\u0119ki naturalnym w\u0142a\u015bciwo\u015bciom dziurawca, ma\u015b\u0107 dzia\u0142a koj\u0105co, \u0142agodz\u0105c sw\u0119dzenie i dyskomfort, jednocze\u015bnie przyspieszaj\u0105c regeneracj\u0119 sk\u00f3ry.<\/p>\n<\/div>\n<\/div>\n<\/div>\n<div class=\"mpof_ki myre_zn myre_8v_l m389_6m_l\">\n<div class=\"mp4t_16_s mryx_16_s mr3m_1 mli2_1 mh85_56 mh85_0_l\">\n<div class=\"mgn2_16 _0d3bd_am0a-\">\n<h2>\u2705Ma\u015b\u0107 przeciwzapalna &#8211; Korzy\u015bci ze stosowania:<\/h2>\n<ul>\n<li><b>\u0141agodzenie sw\u0119dzenia<\/b>: Dzi\u0119ki dzia\u0142aniu przeciwzapalnemu, ma\u015b\u0107 skutecznie redukuje podra\u017cnienia i sw\u0119dzenie sk\u00f3ry, przynosz\u0105c ulg\u0119 nawet przy uporczywych objawach.<\/li>\n<li><b>Regeneracja suchej i pop\u0119kanej sk\u00f3ry<\/b>: Sk\u0142adniki aktywne intensywnie nawil\u017caj\u0105 i regeneruj\u0105 sk\u00f3r\u0119, przywracaj\u0105c jej elastyczno\u015b\u0107 i zdrowy wygl\u0105d. Szczeg\u00f3lnie polecana do sk\u00f3ry poparzonej s\u0142o\u0144cem oraz zniszczonej przez niekorzystne warunki atmosferyczne, takie jak odmro\u017cenia. Sprawdzi si\u0119 r\u00f3wnie\u017c w przypadku walki z bliznami, rozst\u0119pami i tr\u0105dzikiem.<\/li>\n<li><b>Wsparcie w leczeniu owrzodze\u0144<\/b>: Ma\u015b\u0107 pomaga w gojeniu trudnych ran, takich jak owrzodzenia n\u00f3g, wspomagaj\u0105c proces regeneracji tkanek i przyspieszaj\u0105c gojenie. Zalecana jest w przypadku leczenia zajad\u00f3w i opryszczki.<\/li>\n<li><b>Bezpieczna dla ust<\/b>: Ma\u015b\u0107 mo\u017ce by\u0107 r\u00f3wnie\u017c stosowana na suche i pop\u0119kane usta, przynosz\u0105c natychmiastowe ukojenie.<\/li>\n<\/ul>\n<\/div>\n<\/div>\n<\/div>\n<div class=\"mpof_ki myre_zn myre_8v_l m389_6m_l\">\n<div class=\"mp4t_16_s mryx_16_s mr3m_1 mli2_1 mh85_56 mh85_0_l\">\n<div class=\"mg9e_8 mj7a_8 mg9e_0_s mvrt_0_s mj7a_0_s mh36_0_s mzmg_6m munh_16_l m3h2_16_l\"><\/div>\n<\/div>\n<div class=\"mp4t_16_s mryx_16_s mr3m_1 mli2_1 mh85_56 mh85_0_l\">\n<div class=\"mgn2_16 _0d3bd_am0a-\">\n<h2>\u2705Zalecenia dotycz\u0105ce stosowania:<\/h2>\n<p>Produkt jest odpowiedni dla os\u00f3b z wra\u017cliw\u0105 sk\u00f3r\u0105, sk\u0142onn\u0105 do podra\u017cnie\u0144, szczeg\u00f3lnie tych wynikaj\u0105cych z ekspozycji na ekstremalne warunki atmosferyczne, jak mr\u00f3z czy intensywne s\u0142o\u0144ce.<\/p>\n<p>Dzi\u0119ki naturalnym w\u0142a\u015bciwo\u015bciom dziurawca, ma\u015b\u0107 jest doskona\u0142ym wyborem dla os\u00f3b poszukuj\u0105cych naturalnych i skutecznych rozwi\u0105za\u0144 w piel\u0119gnacji sk\u00f3ry.<\/p>\n<p><b>Spos\u00f3b u\u017cycia<\/b>:<\/p>\n<p>Na\u0142\u00f3\u017c niewielk\u0105 ilo\u015b\u0107 ma\u015bci na oczyszczon\u0105 sk\u00f3r\u0119 i delikatnie wmasuj, a\u017c do ca\u0142kowitego wch\u0142oni\u0119cia. Stosuj regularnie, aby utrzyma\u0107 sk\u00f3r\u0119 w dobrej kondycji i zapobiega\u0107 dalszym uszkodzeniom.<\/p>\n<\/div>\n<\/div>\n<\/div>\n<div class=\"mpof_ki myre_zn myre_8v_l m389_6m_l\">\n<div class=\"mp4t_16_s mryx_16_s mr3m_1 mli2_1 mh85_56 mh85_0_l\">\n<div class=\"mgn2_16 _0d3bd_am0a-\">\n<p><b>Informacje dodatkowe<\/b>:<\/p>\n<ul>\n<li>Ma\u015b\u0107 przeznaczona jest wy\u0142\u0105cznie do u\u017cytku zewn\u0119trznego.<\/li>\n<li>Unikaj kontaktu z otwartymi ranami oraz z okolicami oczu.<\/li>\n<li>Produkt nie jest przeznaczony do spo\u017cycia.<\/li>\n<li>Nie stosowa\u0107 u dzieci poni\u017cej trzeciego roku \u017cycia.<\/li>\n<\/ul>\n<p><b>Pojemno\u015b\u0107<\/b>: 150 ml<\/p>\n<\/div>\n<\/div>\n<\/div>\n","protected":false},"excerpt":{"rendered":"<p>Ma\u015b\u0107 zio\u0142owa z dziurawcem Ma\u015b\u0107 zio\u0142owa z ziela dziurawca zwyczajnego to wyj\u0105tkowy produkt stworzony z my\u015bl\u0105 o kompleksowej piel\u0119gnacji sk\u00f3ry zniszczonej, suchej oraz wra\u017cliwej. Dzi\u0119ki naturalnym w\u0142a\u015bciwo\u015bciom dziurawca, ma\u015b\u0107 dzia\u0142a koj\u0105co, \u0142agodz\u0105c sw\u0119dzenie i dyskomfort, jednocze\u015bnie przyspieszaj\u0105c regeneracj\u0119 sk\u00f3ry. \u2705Ma\u015b\u0107 przeciwzapalna &#8211; Korzy\u015bci ze stosowania: \u0141agodzenie sw\u0119dzenia: Dzi\u0119ki dzia\u0142aniu przeciwzapalnemu, ma\u015b\u0107 skutecznie redukuje podra\u017cnienia i [&hellip;]<\/p>\n","protected":false},"featured_media":490,"template":"","meta":[],"product_brand":[26],"product_cat":[25],"product_tag":[],"class_list":{"0":"post-489","1":"product","2":"type-product","3":"status-publish","4":"has-post-thumbnail","6":"product_brand-putorius","7":"product_cat-putorius","9":"first","10":"instock","11":"taxable","12":"shipping-taxable","13":"purchasable","14":"product-type-simple"},"_links":{"self":[{"href":"https:\/\/www.beevista.pl\/index.php\/wp-json\/wp\/v2\/product\/489","targetHints":{"allow":["GET"]}}],"collection":[{"href":"https:\/\/www.beevista.pl\/index.php\/wp-json\/wp\/v2\/product"}],"about":[{"href":"https:\/\/www.beevista.pl\/index.php\/wp-json\/wp\/v2\/types\/product"}],"wp:featuredmedia":[{"embeddable":true,"href":"https:\/\/www.beevista.pl\/index.php\/wp-json\/wp\/v2\/media\/490"}],"wp:attachment":[{"href":"https:\/\/www.beevista.pl\/index.php\/wp-json\/wp\/v2\/media?parent=489"}],"wp:term":[{"taxonomy":"product_brand","embeddable":true,"href":"https:\/\/www.beevista.pl\/index.php\/wp-json\/wp\/v2\/product_brand?post=489"},{"taxonomy":"product_cat","embeddable":true,"href":"https:\/\/www.beevista.pl\/index.php\/wp-json\/wp\/v2\/product_cat?post=489"},{"taxonomy":"product_tag","embeddable":true,"href":"https:\/\/www.beevista.pl\/index.php\/wp-json\/wp\/v2\/product_tag?post=489"}],"curies":[{"name":"wp","href":"https:\/\/api.w.org\/{rel}","templated":true}]}}