{"id":486,"date":"2025-01-26T11:06:52","date_gmt":"2025-01-26T10:06:52","guid":{"rendered":"https:\/\/www.beevista.pl\/?post_type=product&#038;p=486"},"modified":"2026-04-28T15:51:27","modified_gmt":"2026-04-28T13:51:27","slug":"putorius-masc-z-pokrzywa-i-skrzypem-150ml","status":"publish","type":"product","link":"https:\/\/www.beevista.pl\/index.php\/produkt\/putorius-masc-z-pokrzywa-i-skrzypem-150ml\/","title":{"rendered":"Putorius Ma\u015b\u0107 z pokrzyw\u0105 i skrzypem 150ml"},"content":{"rendered":"<div class=\"mpof_ki myre_zn myre_8v_l m389_6m_l\">\n<div class=\"mp4t_16_s mryx_16_s mr3m_1 mli2_1 mh85_56 mh85_0_l\">\n<div class=\"mgn2_16 _0d3bd_am0a-\">\n<h2>Ma\u015b\u0107 z pokrzyw\u0105 i skrzypem polnym 150 ml<\/h2>\n<p>Ma\u015b\u0107 regeneracyjna \u0142\u0105czy w sobie pokrzyw\u0119 oraz skrzyp polny, o dzia\u0142aniu \u0142agodz\u0105cym, koj\u0105cym oraz regeneracyjnym.<\/p>\n<h2>\u2705Ma\u015b\u0107 mo\u017ce by\u0107 stosowana przy dolegliwo\u015bciach takich jak:<\/h2>\n<ul>\n<li>b\u00f3le mi\u0119\u015bni<\/li>\n<li>b\u00f3le staw\u00f3w<\/li>\n<li>zapalenie \u017cy\u0142<\/li>\n<li>wysypka<\/li>\n<li>wypryski<\/li>\n<li>tr\u0105dzik<\/li>\n<li>\u0142uszczyca<\/li>\n<li>egzema<\/li>\n<li>problemy sk\u00f3rne<\/li>\n<\/ul>\n<\/div>\n<\/div>\n<\/div>\n<div class=\"mpof_ki myre_zn myre_8v_l m389_6m_l\">\n<div class=\"mp4t_16_s mryx_16_s mr3m_1 mli2_1 mh85_56 mh85_0_l\">\n<div class=\"mg9e_8 mj7a_8 mg9e_0_s mvrt_0_s mj7a_0_s mh36_0_s mzmg_6m munh_16_l m3h2_16_l\"><\/div>\n<\/div>\n<div class=\"mp4t_16_s mryx_16_s mr3m_1 mli2_1 mh85_56 mh85_0_l\">\n<div class=\"mgn2_16 _0d3bd_am0a-\">\n<h2>\u2705Ma\u015b\u0107 przeciwb\u00f3lowa mo\u017ce by\u0107 stosowana jako ma\u015b\u0107 na:<\/h2>\n<ul>\n<li>\u017cylaki<\/li>\n<li>tr\u0105dzik<\/li>\n<li>\u0142uszczyc\u0119<\/li>\n<li>wysypk\u0119<\/li>\n<li>problemy sk\u00f3rne<\/li>\n<li>b\u00f3l mi\u0119\u015bni i staw\u00f3w<\/li>\n<\/ul>\n<\/div>\n<\/div>\n<\/div>\n<div class=\"mpof_ki myre_zn myre_8v_l m389_6m_l\">\n<div class=\"mp4t_16_s mryx_16_s mr3m_1 mli2_1 mh85_56 mh85_0_l\">\n<div class=\"mg9e_8 mj7a_8 mg9e_0_s mvrt_0_s mj7a_0_s mh36_0_s mzmg_6m munh_16_l m3h2_16_l\"><\/div>\n<\/div>\n<div class=\"mp4t_16_s mryx_16_s mr3m_1 mli2_1 mh85_56 mh85_0_l\">\n<div class=\"mgn2_16 _0d3bd_am0a-\">\n<h2>\u2705Skrzyp polny w\u0142a\u015bciwo\u015bci:<\/h2>\n<ul>\n<li>dzia\u0142a \u015bci\u0105gaj\u0105co<\/li>\n<li>chroni przed uszkodzeniami zewn\u0119trznymi<\/li>\n<li>wspieraj\u0105 regeneracj\u0119 tkanek (gojenie)<\/li>\n<li>uj\u0119drnia<\/li>\n<li>regeneruje<\/li>\n<\/ul>\n<h2>\u2705Pokrzywa w\u0142a\u015bciwo\u015bci:<\/h2>\n<ul>\n<li>pobudza ukrwienie<\/li>\n<li>sprzyja lepszemu od\u017cywieniu sk\u00f3ry oraz w\u0142os\u00f3w<\/li>\n<li>dzia\u0142a tonizuj\u0105co i oczyszczaj\u0105co<\/li>\n<li>wykazuje dzia\u0142anie antybakteryjne<\/li>\n<li>wspomaga walk\u0119 z tr\u0105dzikiem<\/li>\n<\/ul>\n<\/div>\n<\/div>\n<\/div>\n<div class=\"mpof_ki myre_zn myre_8v_l m389_6m_l\">\n<div class=\"mp4t_16_s mryx_16_s mr3m_1 mli2_1 mh85_56 mh85_0_l\">\n<div class=\"mg9e_8 mj7a_8 mg9e_0_s mvrt_0_s mj7a_0_s mh36_0_s mzmg_6m munh_16_l m3h2_16_l\"><\/div>\n<\/div>\n<div class=\"mp4t_16_s mryx_16_s mr3m_1 mli2_1 mh85_56 mh85_0_l\">\n<div class=\"mgn2_16 _0d3bd_am0a-\">\n<p><b>Spos\u00f3b u\u017cycia<\/b>: Stosowa\u0107 kilka razy dziennie. Maksymalny efekt mo\u017cna uzyska\u0107 poprzez na\u0142o\u017cenie wi\u0119kszej dawki ma\u015bci, obanda\u017cowa\u0107 i pozostawi\u0107 na d\u0142u\u017cszy czas (na przyk\u0142ad na noc). Nie stosowa\u0107 na otwarte ran i b\u0142ony \u015bluzowe.<\/p>\n<p><b>Pojemno\u015b\u0107<\/b>: 150ml<\/p>\n<\/div>\n<\/div>\n<\/div>\n","protected":false},"excerpt":{"rendered":"<p>Ma\u015b\u0107 z pokrzyw\u0105 i skrzypem polnym 150 ml Ma\u015b\u0107 regeneracyjna \u0142\u0105czy w sobie pokrzyw\u0119 oraz skrzyp polny, o dzia\u0142aniu \u0142agodz\u0105cym, koj\u0105cym oraz regeneracyjnym. \u2705Ma\u015b\u0107 mo\u017ce by\u0107 stosowana przy dolegliwo\u015bciach takich jak: b\u00f3le mi\u0119\u015bni b\u00f3le staw\u00f3w zapalenie \u017cy\u0142 wysypka wypryski tr\u0105dzik \u0142uszczyca egzema problemy sk\u00f3rne \u2705Ma\u015b\u0107 przeciwb\u00f3lowa mo\u017ce by\u0107 stosowana jako ma\u015b\u0107 na: \u017cylaki tr\u0105dzik \u0142uszczyc\u0119 [&hellip;]<\/p>\n","protected":false},"featured_media":503,"template":"","meta":[],"product_brand":[26],"product_cat":[25],"product_tag":[],"class_list":{"0":"post-486","1":"product","2":"type-product","3":"status-publish","4":"has-post-thumbnail","6":"product_brand-putorius","7":"product_cat-putorius","9":"first","10":"instock","11":"taxable","12":"shipping-taxable","13":"purchasable","14":"product-type-simple"},"_links":{"self":[{"href":"https:\/\/www.beevista.pl\/index.php\/wp-json\/wp\/v2\/product\/486","targetHints":{"allow":["GET"]}}],"collection":[{"href":"https:\/\/www.beevista.pl\/index.php\/wp-json\/wp\/v2\/product"}],"about":[{"href":"https:\/\/www.beevista.pl\/index.php\/wp-json\/wp\/v2\/types\/product"}],"wp:featuredmedia":[{"embeddable":true,"href":"https:\/\/www.beevista.pl\/index.php\/wp-json\/wp\/v2\/media\/503"}],"wp:attachment":[{"href":"https:\/\/www.beevista.pl\/index.php\/wp-json\/wp\/v2\/media?parent=486"}],"wp:term":[{"taxonomy":"product_brand","embeddable":true,"href":"https:\/\/www.beevista.pl\/index.php\/wp-json\/wp\/v2\/product_brand?post=486"},{"taxonomy":"product_cat","embeddable":true,"href":"https:\/\/www.beevista.pl\/index.php\/wp-json\/wp\/v2\/product_cat?post=486"},{"taxonomy":"product_tag","embeddable":true,"href":"https:\/\/www.beevista.pl\/index.php\/wp-json\/wp\/v2\/product_tag?post=486"}],"curies":[{"name":"wp","href":"https:\/\/api.w.org\/{rel}","templated":true}]}}