{"id":477,"date":"2025-01-26T10:43:01","date_gmt":"2025-01-26T09:43:01","guid":{"rendered":"https:\/\/www.beevista.pl\/?post_type=product&#038;p=477"},"modified":"2026-03-02T22:16:46","modified_gmt":"2026-03-02T21:16:46","slug":"putorius-masc-konopna-150ml","status":"publish","type":"product","link":"https:\/\/www.beevista.pl\/index.php\/produkt\/putorius-masc-konopna-150ml\/","title":{"rendered":"Putorius Ma\u015b\u0107 konopna 150ml"},"content":{"rendered":"<div class=\"mpof_ki myre_zn myre_8v_l m389_6m_l\">\n<div class=\"mp4t_16_s mryx_16_s mr3m_1 mli2_1 mh85_56 mh85_0_l\">\n<div class=\"mgn2_16 _0d3bd_am0a-\">\n<h1>MA\u015a\u0106 KONOPNA 150 ml<\/h1>\n<p><b>Od\u017cywczo-regeneruj\u0105ca ma\u015b\u0107 z olejkiem konopnym<\/b>\u00a0przeznaczona jest do piel\u0119gnacji suchej i pop\u0119kanej sk\u00f3ry.\u00a0<b>Ma\u015b\u0107 z konopii<\/b>\u00a0polecana jest szczeg\u00f3lnie do przesuszonej i spierzchni\u0119tej sk\u00f3ry d\u0142oni, szorstkiej sk\u00f3ry st\u00f3p, \u0142okci i kolan. Mo\u017ce by\u0107 r\u00f3wnie\u017c stosowana do masa\u017cu cia\u0142a.<\/p>\n<h2>\u2705Ma\u015b\u0107 regeneracyjna &#8211; przyk\u0142ady u\u017cycia:<\/h2>\n<ul>\n<li>ma\u015b\u0107 na atopowe zapalenie sk\u00f3ry<\/li>\n<li>ma\u015b\u0107 na egzem\u0119<\/li>\n<li>ma\u015b\u0107 na azs<\/li>\n<li>ma\u015b\u0107 na oparzenia<\/li>\n<li>ma\u015b\u0107 na \u0142uszczyc\u0119<\/li>\n<li>ma\u015b\u0107 ochronna<\/li>\n<li>ma\u015b\u0107 przeciwb\u00f3lowa<\/li>\n<li>ma\u015b\u0107 na problemy sk\u00f3rne<\/li>\n<\/ul>\n<\/div>\n<\/div>\n<\/div>\n<div class=\"mpof_ki myre_zn myre_8v_l m389_6m_l\">\n<div class=\"mp4t_16_s mryx_16_s mr3m_1 mli2_1 mh85_56 mh85_0_l\">\n<div class=\"mg9e_8 mj7a_8 mg9e_0_s mvrt_0_s mj7a_0_s mh36_0_s mzmg_6m munh_16_l m3h2_16_l\">\n<div class=\"mp4t_0 mryx_0 munh_56 m3h2_56\">\n<div class=\"mp7g_oh\">\u2705Ma\u015b\u0107 konopna &#8211; zastosowanie:<\/div>\n<\/div>\n<\/div>\n<\/div>\n<div class=\"mp4t_16_s mryx_16_s mr3m_1 mli2_1 mh85_56 mh85_0_l\">\n<div class=\"mgn2_16 _0d3bd_am0a-\">\n<ul>\n<li>Odpr\u0119\u017ca cia\u0142o po wyt\u0119\u017conym wysi\u0142ku sportowym i fizycznym<\/li>\n<li>Dzia\u0142a tonizuj\u0105co i relaksuj\u0105co<\/li>\n<li>Przynosi ulg\u0119 obola\u0142ym i zm\u0119czonym mi\u0119\u015bniom i stawom<\/li>\n<li>Wspomaga regeneracj\u0119<\/li>\n<li>Poprawia kr\u0105\u017cenie krwi<\/li>\n<li>\u0141agodzi b\u00f3le reumatyczne<\/li>\n<li>Pomaga zmniejszy\u0107 obrz\u0119ki ko\u0144czyn<\/li>\n<li>Poprawia kondycj\u0119 sk\u00f3ry<\/li>\n<li>U\u0142atwia krzepni\u0119cie krwi i gojenie ran<\/li>\n<li>\u0141agodzi b\u00f3le mi\u0119\u015bniowo-stawowe<\/li>\n<li>wzmacnia zniszczone kom\u00f3rki i ma dzia\u0142anie anty aging (zapobiega starzeniu si\u0119 sk\u00f3ry)<\/li>\n<li>Niweluje uczucie ci\u0119\u017ckich n\u00f3g<\/li>\n<\/ul>\n<\/div>\n<\/div>\n<\/div>\n<div class=\"mpof_ki myre_zn myre_8v_l m389_6m_l\">\n<div class=\"mp4t_16_s mryx_16_s mr3m_1 mli2_1 mh85_56 mh85_0_l\">\n<div class=\"mg9e_8 mj7a_8 mg9e_0_s mvrt_0_s mj7a_0_s mh36_0_s mzmg_6m munh_16_l m3h2_16_l\"><\/div>\n<\/div>\n<div class=\"mp4t_16_s mryx_16_s mr3m_1 mli2_1 mh85_56 mh85_0_l\">\n<div class=\"mgn2_16 _0d3bd_am0a-\">\n<h2>\u2705Ma\u015b\u0107 mo\u017cna stosowa\u0107 przy dolegliwo\u015bciach takich jak:<\/h2>\n<ul>\n<li>problemy sk\u00f3rne,<\/li>\n<li>atopowe zapalenie sk\u00f3ry (AZS),<\/li>\n<li>egzema,<\/li>\n<li>\u0142uszczyca,<\/li>\n<li>podra\u017cnienia<\/li>\n<li>reakcje alergiczne<\/li>\n<\/ul>\n<p><b>Pojemno\u015b\u0107:<\/b>\u00a0150 ml<\/p>\n<\/div>\n<\/div>\n<\/div>\n","protected":false},"excerpt":{"rendered":"<p>MA\u015a\u0106 KONOPNA 150 ml Od\u017cywczo-regeneruj\u0105ca ma\u015b\u0107 z olejkiem konopnym\u00a0przeznaczona jest do piel\u0119gnacji suchej i pop\u0119kanej sk\u00f3ry.\u00a0Ma\u015b\u0107 z konopii\u00a0polecana jest szczeg\u00f3lnie do przesuszonej i spierzchni\u0119tej sk\u00f3ry d\u0142oni, szorstkiej sk\u00f3ry st\u00f3p, \u0142okci i kolan. Mo\u017ce by\u0107 r\u00f3wnie\u017c stosowana do masa\u017cu cia\u0142a. \u2705Ma\u015b\u0107 regeneracyjna &#8211; przyk\u0142ady u\u017cycia: ma\u015b\u0107 na atopowe zapalenie sk\u00f3ry ma\u015b\u0107 na egzem\u0119 ma\u015b\u0107 na azs [&hellip;]<\/p>\n","protected":false},"featured_media":2499,"template":"","meta":[],"product_brand":[26],"product_cat":[25],"product_tag":[],"class_list":{"0":"post-477","1":"product","2":"type-product","3":"status-publish","4":"has-post-thumbnail","6":"product_brand-putorius","7":"product_cat-putorius","9":"first","10":"instock","11":"taxable","12":"shipping-taxable","13":"purchasable","14":"product-type-simple"},"_links":{"self":[{"href":"https:\/\/www.beevista.pl\/index.php\/wp-json\/wp\/v2\/product\/477","targetHints":{"allow":["GET"]}}],"collection":[{"href":"https:\/\/www.beevista.pl\/index.php\/wp-json\/wp\/v2\/product"}],"about":[{"href":"https:\/\/www.beevista.pl\/index.php\/wp-json\/wp\/v2\/types\/product"}],"wp:featuredmedia":[{"embeddable":true,"href":"https:\/\/www.beevista.pl\/index.php\/wp-json\/wp\/v2\/media\/2499"}],"wp:attachment":[{"href":"https:\/\/www.beevista.pl\/index.php\/wp-json\/wp\/v2\/media?parent=477"}],"wp:term":[{"taxonomy":"product_brand","embeddable":true,"href":"https:\/\/www.beevista.pl\/index.php\/wp-json\/wp\/v2\/product_brand?post=477"},{"taxonomy":"product_cat","embeddable":true,"href":"https:\/\/www.beevista.pl\/index.php\/wp-json\/wp\/v2\/product_cat?post=477"},{"taxonomy":"product_tag","embeddable":true,"href":"https:\/\/www.beevista.pl\/index.php\/wp-json\/wp\/v2\/product_tag?post=477"}],"curies":[{"name":"wp","href":"https:\/\/api.w.org\/{rel}","templated":true}]}}