{"id":461,"date":"2025-01-25T16:57:16","date_gmt":"2025-01-25T15:57:16","guid":{"rendered":"https:\/\/www.beevista.pl\/?post_type=product&#038;p=461"},"modified":"2026-03-09T19:31:29","modified_gmt":"2026-03-09T18:31:29","slug":"alpa-krem-z-zywokostem-40g","status":"publish","type":"product","link":"https:\/\/www.beevista.pl\/index.php\/produkt\/alpa-krem-z-zywokostem-40g\/","title":{"rendered":"Alpa krem z \u017cywokostem 40g"},"content":{"rendered":"<p><b>Alpa \u017bywokost krem<\/b>\u00a0\u2013 to zio\u0142owy krem powsta\u0142y na bazie naturalnego mentolu, kosodrzewiny i \u017cywokostu lekarskiego. Poleca si\u0119 go szczeg\u00f3lnie do leczenia chor\u00f3b kr\u0119gos\u0142upa, stawu biodrowego, kolan, b\u00f3li reumatycznych, rwy kulszowej. Pomaga tak\u017ce przy z\u0142amaniach, zwichni\u0119ciach i st\u0142uczeniach. Ma w\u0142a\u015bciwo\u015bci przeciwb\u00f3lowe, przeciwzapalne oraz regeneruj\u0105ce. Do stosowania na sk\u00f3r\u0119 jako dora\u017ana substancja na b\u00f3le mi\u0119\u015bni, plec\u00f3w, staw\u00f3w, a tak\u017ce na st\u0142uczenia, nadwyr\u0119\u017cenia i przem\u0119czenie mi\u0119\u015bni. Ma dzia\u0142anie ch\u0142odz\u0105ce, gwarantuje miejscowe znieczulenie bol\u0105cej cz\u0119\u015bci cia\u0142a.<\/p>\n<p><b>Dzia\u0142anie:<\/b>\u00a0Nadaje si\u0119 szczeg\u00f3lnie przy zapaleniu \u017cy\u0142 oraz zapaleniu mi\u0119\u015bni i tkanek, a tak\u017ce przewlek\u0142ych chorobach staw\u00f3w. Substancje czynne wyci\u0105gu z \u017cywokostu pomagaj\u0105 w gojeniu z\u0142ama\u0144 i przewlek\u0142ych obra\u017ce\u0144. Krem Alpa z \u017cywokostem znakomicie wspiera leczenie wszelkich chor\u00f3b zwi\u0105zanych z uk\u0142adem kostnym (nazwa \u017cywokost pochodzi od \u201e\u017cywi ko\u015bci\u201d). \u0141agodzi b\u00f3l i dyskomfort spowodowany reumatycznym zapaleniem staw\u00f3w i mi\u0119\u015bni, rw\u0105 kulszow\u0105, chorobami kr\u0119gos\u0142upa oraz w przypadku obrz\u0119ku n\u00f3g (st\u0142uczenia, opuchlizna, b\u00f3le mi\u0119\u015bniowe). Podczas masa\u017cu wspomaga kr\u0105\u017cenie krwi, usuwa zm\u0119czenie po intensywnym wysi\u0142ku fizycznym. Ma dzia\u0142anie znieczulaj\u0105ce.<\/p>\n<p><b>Zastosowanie:<\/b>\u00a0b\u00f3l mi\u0119\u015bni; zapalenie mi\u0119\u015bni; napi\u0119te mi\u0119\u015bnie; \u0142agodzenie skurcz\u00f3w mi\u0119\u015bni; st\u0142uczenia; siniaki; odmro\u017cenia; b\u00f3l kr\u0119gos\u0142upa; choroby kr\u0119gos\u0142upa; napi\u0119ty kr\u0119gos\u0142up; urazy i nadwyr\u0119\u017cenia \u015bci\u0119gien i wi\u0119zade\u0142; zapalenie \u015bci\u0119gien; reumatyzm; artretyzm; b\u00f3l kolan; problemy ze stawem biodrowym; z\u0142amania; zwichni\u0119cia; z\u0142amania; b\u00f3l staw\u00f3w; zapalenie staw\u00f3w; choroby staw\u00f3w; rwa kulszowa; opuchlizna; regeneracja mi\u0119\u015bni po wysi\u0142ku; zakwasy; zapobieganie odle\u017cynom; b\u00f3l g\u0142owy; krwiaki; zakrzepowe zapalenie \u017cy\u0142; \u017cylaki; obrz\u0119ki;<\/p>\n<p><b>Spos\u00f3b u\u017cycia i przeciwwskazania:<\/b>\u00a0Produkt przeznaczony do smarowania miejscowego na obola\u0142e miejsca. Nanie\u015b\u0107 odpowiedni\u0105 ilo\u015b\u0107 \u017celu na d\u0142o\u0144 i wmasowywa\u0107 okr\u0119\u017cnymi ruchami. Stosowa\u0107 na bol\u0105ce miejsca kilka razy dziennie. Produkt nieodpowiedni dla dzieci w wieku poni\u017cej 3 lat. Data wa\u017cno\u015bci znajduje si\u0119 na opakowaniu.<\/p>\n<p><b>Sk\u0142adniki aktywne:<\/b><\/p>\n<ul>\n<li><b>alkohol<\/b>\u00a0\u2013 silnie dezynfekuje i zapobiegaj\u0105 rozwojowi bakterii<\/li>\n<li><b>mentol<\/b>\u00a0\u2013 ma dzia\u0142anie przeciwb\u00f3lowe oraz antyseptyczne; obni\u017ca wra\u017cliwo\u015b\u0107 nerw\u00f3w czuciowych, czego efektem jest zjawisko miejscowego znieczulenia; ma dzia\u0142anie ch\u0142odz\u0105ce powoduj\u0105ce zmniejszenie przep\u0142ywu krwi oraz zapotrzebowanie metaboliczne, co wp\u0142ywa na z\u0142agodzenie obecnych na ciele stan\u00f3w zapalnych oraz obrz\u0119k\u00f3w<\/li>\n<li><b>\u017cywokost lekarski<\/b>\u00a0\u2013 zawiera alantoine (pobudza tkanki do regeneracji), garbniki, fruktany, polifenole, asparagine, krzem, aminokwasy, beta-sitosterol, substancje \u015bluzowe, olejek eteryczny oraz co najwa\u017cniejsze auksyny \u2013 hormon, kt\u00f3ry tworzy now\u0105 tkank\u0119, stosowany g\u0142\u00f3wnie przy problemach z tkank\u0105 kostn\u0105. \u017bywokost lekarski skutecznie wspiera leczenie chor\u00f3b kr\u0119gos\u0142upa, stawu biodrowego, kolan, b\u00f3li reumatycznych, rwy kulszowej. Pomaga tak\u017ce przy z\u0142amaniach, zwichni\u0119ciach i st\u0142uczeniach. Jest niezast\u0105piony w stanach zapalnych \u015bci\u0119gien i zakrzepowym zapaleniu \u017cy\u0142.<\/li>\n<li><b>kosodrzewina \u2013\u00a0\u00a0<\/b>olejek sosnowy znakomicie wp\u0142ywa na uk\u0142ad nerwowy \u2013 dodaje energii, pobudza i przeciwdzia\u0142a zm\u0119czeniu. Ma w\u0142a\u015bciwo\u015bci odka\u017caj\u0105ce i rozgrzewaj\u0105ce (wp\u0142ywa korzystnie na kr\u0105\u017cenie)<\/li>\n<\/ul>\n<p><b>Pojemno\u015b\u0107:<\/b>\u00a040g<\/p>\n","protected":false},"excerpt":{"rendered":"<p>Alpa \u017bywokost krem\u00a0\u2013 to zio\u0142owy krem powsta\u0142y na bazie naturalnego mentolu, kosodrzewiny i \u017cywokostu lekarskiego. Poleca si\u0119 go szczeg\u00f3lnie do leczenia chor\u00f3b kr\u0119gos\u0142upa, stawu biodrowego, kolan, b\u00f3li reumatycznych, rwy kulszowej. Pomaga tak\u017ce przy z\u0142amaniach, zwichni\u0119ciach i st\u0142uczeniach. Ma w\u0142a\u015bciwo\u015bci przeciwb\u00f3lowe, przeciwzapalne oraz regeneruj\u0105ce. Do stosowania na sk\u00f3r\u0119 jako dora\u017ana substancja na b\u00f3le mi\u0119\u015bni, plec\u00f3w, staw\u00f3w, [&hellip;]<\/p>\n","protected":false},"featured_media":462,"template":"","meta":[],"product_brand":[24],"product_cat":[23],"product_tag":[],"class_list":{"0":"post-461","1":"product","2":"type-product","3":"status-publish","4":"has-post-thumbnail","6":"product_brand-alpa","7":"product_cat-alpa","9":"first","10":"instock","11":"taxable","12":"shipping-taxable","13":"purchasable","14":"product-type-simple"},"_links":{"self":[{"href":"https:\/\/www.beevista.pl\/index.php\/wp-json\/wp\/v2\/product\/461","targetHints":{"allow":["GET"]}}],"collection":[{"href":"https:\/\/www.beevista.pl\/index.php\/wp-json\/wp\/v2\/product"}],"about":[{"href":"https:\/\/www.beevista.pl\/index.php\/wp-json\/wp\/v2\/types\/product"}],"wp:featuredmedia":[{"embeddable":true,"href":"https:\/\/www.beevista.pl\/index.php\/wp-json\/wp\/v2\/media\/462"}],"wp:attachment":[{"href":"https:\/\/www.beevista.pl\/index.php\/wp-json\/wp\/v2\/media?parent=461"}],"wp:term":[{"taxonomy":"product_brand","embeddable":true,"href":"https:\/\/www.beevista.pl\/index.php\/wp-json\/wp\/v2\/product_brand?post=461"},{"taxonomy":"product_cat","embeddable":true,"href":"https:\/\/www.beevista.pl\/index.php\/wp-json\/wp\/v2\/product_cat?post=461"},{"taxonomy":"product_tag","embeddable":true,"href":"https:\/\/www.beevista.pl\/index.php\/wp-json\/wp\/v2\/product_tag?post=461"}],"curies":[{"name":"wp","href":"https:\/\/api.w.org\/{rel}","templated":true}]}}